{"id":81945,"date":"2023-05-10T02:39:22","date_gmt":"2023-05-10T09:39:22","guid":{"rendered":"https:\/equipo\/"},"modified":"2023-05-10T02:39:22","modified_gmt":"2023-05-10T09:39:22","slug":"equipo","status":"publish","type":"page","link":"https:\/\/rencenter.org\/es\/equipo\/","title":{"rendered":"Equipo"},"content":{"rendered":"\t\t<div data-elementor-type=\"wp-page\" data-elementor-id=\"81945\" class=\"elementor elementor-81945 elementor-1545\" data-elementor-post-type=\"page\">\n\t\t\t\t\t\t<section class=\"elementor-section elementor-top-section elementor-element elementor-element-67e592c elementor-section-boxed elementor-section-height-default elementor-section-height-default\" data-id=\"67e592c\" data-element_type=\"section\" data-e-type=\"section\">\n\t\t\t\t\t\t<div class=\"elementor-container elementor-column-gap-default\">\n\t\t\t\t\t<div class=\"elementor-column elementor-col-100 elementor-top-column elementor-element elementor-element-73cbea5\" data-id=\"73cbea5\" data-element_type=\"column\" data-e-type=\"column\">\n\t\t\t<div class=\"elementor-widget-wrap elementor-element-populated\">\n\t\t\t\t\t\t<div class=\"elementor-element elementor-element-142aa80 elementor-widget elementor-widget-shortcode\" data-id=\"142aa80\" data-element_type=\"widget\" data-e-type=\"widget\" data-widget_type=\"shortcode.default\">\n\t\t\t\t<div class=\"elementor-widget-container\">\n\t\t\t\t\t\t\t<div class=\"elementor-shortcode\">[rencenter_team_members]<\/div>\n\t\t\t\t\t\t<\/div>\n\t\t\t\t<\/div>\n\t\t\t\t\t<\/div>\n\t\t<\/div>\n\t\t\t\t\t<\/div>\n\t\t<\/section>\n\t\t\t\t<\/div>\n\t\t","protected":false},"excerpt":{"rendered":"<p>[rencenter_team_members]<\/p>\n","protected":false},"author":40,"featured_media":81107,"parent":0,"menu_order":0,"comment_status":"closed","ping_status":"closed","template":"templates\/templates-team.php","meta":{"_acf_changed":false,"_eb_attr":"","inline_featured_image":false,"footnotes":""},"class_list":["post-81945","page","type-page","status-publish","has-post-thumbnail","hentry"],"acf":[],"yoast_head":"<!-- This site is optimized with the Yoast SEO plugin v27.2 - https:\/\/yoast.com\/product\/yoast-seo-wordpress\/ -->\n<title>Equipo | Renaissance Entrepreneurship Center<\/title>\n<meta name=\"description\" content=\"Conoce a nuestro entregado equipo en el Renacimiento. \u00danete a nosotros para potenciar el esp\u00edritu empresarial y fomentar el \u00e9xito. \u00a1Con\u00e9ctate con nosotros hoy mismo!\" \/>\n<meta name=\"robots\" content=\"index, follow, max-snippet:-1, max-image-preview:large, max-video-preview:-1\" \/>\n<link rel=\"canonical\" href=\"https:\/\/rencenter.org\/es\/equipo\/\" \/>\n<meta property=\"og:locale\" content=\"es_ES\" \/>\n<meta property=\"og:type\" content=\"article\" \/>\n<meta property=\"og:title\" content=\"Equipo | Renaissance Entrepreneurship Center\" \/>\n<meta property=\"og:description\" content=\"Conoce a nuestro entregado equipo en el Renacimiento. \u00danete a nosotros para potenciar el esp\u00edritu empresarial y fomentar el \u00e9xito. \u00a1Con\u00e9ctate con nosotros hoy mismo!\" \/>\n<meta property=\"og:url\" content=\"https:\/\/rencenter.org\/es\/equipo\/\" \/>\n<meta property=\"og:site_name\" content=\"Renaissance Entrepreneurship Center\" \/>\n<meta property=\"article:publisher\" content=\"https:\/\/www.facebook.com\/RenaissanceEntrepreneurshipCenter\" \/>\n<meta property=\"og:image\" content=\"https:\/\/rencenter.org\/wp-content\/uploads\/2023\/07\/background-plus.jpg\" \/>\n\t<meta property=\"og:image:width\" content=\"1920\" \/>\n\t<meta property=\"og:image:height\" content=\"400\" \/>\n\t<meta property=\"og:image:type\" content=\"image\/jpeg\" \/>\n<meta name=\"twitter:card\" content=\"summary_large_image\" \/>\n<meta name=\"twitter:site\" content=\"@RenCenter_\" \/>\n<script type=\"application\/ld+json\" class=\"yoast-schema-graph\">{\"@context\":\"https:\/\/schema.org\",\"@graph\":[{\"@type\":\"WebPage\",\"@id\":\"https:\/\/rencenter.org\/es\/equipo\/\",\"url\":\"https:\/\/rencenter.org\/es\/equipo\/\",\"name\":\"Equipo | Renaissance Entrepreneurship Center\",\"isPartOf\":{\"@id\":\"https:\/\/rencenter.org\/es\/#website\"},\"primaryImageOfPage\":{\"@id\":\"https:\/\/rencenter.org\/es\/equipo\/#primaryimage\"},\"image\":{\"@id\":\"https:\/\/rencenter.org\/es\/equipo\/#primaryimage\"},\"thumbnailUrl\":\"https:\/\/rencenter.org\/wp-content\/uploads\/2023\/07\/background-plus.jpg\",\"datePublished\":\"2023-05-10T09:39:22+00:00\",\"description\":\"Conoce a nuestro entregado equipo en el Renacimiento. \u00danete a nosotros para potenciar el esp\u00edritu empresarial y fomentar el \u00e9xito. \u00a1Con\u00e9ctate con nosotros hoy mismo!\",\"breadcrumb\":{\"@id\":\"https:\/\/rencenter.org\/es\/equipo\/#breadcrumb\"},\"inLanguage\":\"es\",\"potentialAction\":[{\"@type\":\"ReadAction\",\"target\":[\"https:\/\/rencenter.org\/es\/equipo\/\"]}]},{\"@type\":\"ImageObject\",\"inLanguage\":\"es\",\"@id\":\"https:\/\/rencenter.org\/es\/equipo\/#primaryimage\",\"url\":\"https:\/\/rencenter.org\/wp-content\/uploads\/2023\/07\/background-plus.jpg\",\"contentUrl\":\"https:\/\/rencenter.org\/wp-content\/uploads\/2023\/07\/background-plus.jpg\",\"width\":1920,\"height\":400},{\"@type\":\"BreadcrumbList\",\"@id\":\"https:\/\/rencenter.org\/es\/equipo\/#breadcrumb\",\"itemListElement\":[{\"@type\":\"ListItem\",\"position\":1,\"name\":\"Home\",\"item\":\"https:\/\/rencenter.org\/es\/\"},{\"@type\":\"ListItem\",\"position\":2,\"name\":\"Equipo\"}]},{\"@type\":\"WebSite\",\"@id\":\"https:\/\/rencenter.org\/es\/#website\",\"url\":\"https:\/\/rencenter.org\/es\/\",\"name\":\"Renaissance Entrepreneurship Center\",\"description\":\"Transforming lives and communities through entrepreneurship\",\"publisher\":{\"@id\":\"https:\/\/rencenter.org\/es\/#organization\"},\"potentialAction\":[{\"@type\":\"SearchAction\",\"target\":{\"@type\":\"EntryPoint\",\"urlTemplate\":\"https:\/\/rencenter.org\/es\/?s={search_term_string}\"},\"query-input\":{\"@type\":\"PropertyValueSpecification\",\"valueRequired\":true,\"valueName\":\"search_term_string\"}}],\"inLanguage\":\"es\"},{\"@type\":\"Organization\",\"@id\":\"https:\/\/rencenter.org\/es\/#organization\",\"name\":\"Renaissance Entrepreneurship Center\",\"url\":\"https:\/\/rencenter.org\/es\/\",\"logo\":{\"@type\":\"ImageObject\",\"inLanguage\":\"es\",\"@id\":\"https:\/\/rencenter.org\/es\/#\/schema\/logo\/image\/\",\"url\":\"http:\/\/rencenter.org\/wp-content\/uploads\/2024\/01\/rencenter.png\",\"contentUrl\":\"http:\/\/rencenter.org\/wp-content\/uploads\/2024\/01\/rencenter.png\",\"width\":1080,\"height\":1080,\"caption\":\"Renaissance Entrepreneurship Center\"},\"image\":{\"@id\":\"https:\/\/rencenter.org\/es\/#\/schema\/logo\/image\/\"},\"sameAs\":[\"https:\/\/www.facebook.com\/RenaissanceEntrepreneurshipCenter\",\"https:\/\/x.com\/RenCenter_\"]}]}<\/script>\n<!-- \/ Yoast SEO plugin. -->","yoast_head_json":{"title":"Equipo | Renaissance Entrepreneurship Center","description":"Conoce a nuestro entregado equipo en el Renacimiento. \u00danete a nosotros para potenciar el esp\u00edritu empresarial y fomentar el \u00e9xito. \u00a1Con\u00e9ctate con nosotros hoy mismo!","robots":{"index":"index","follow":"follow","max-snippet":"max-snippet:-1","max-image-preview":"max-image-preview:large","max-video-preview":"max-video-preview:-1"},"canonical":"https:\/\/rencenter.org\/es\/equipo\/","og_locale":"es_ES","og_type":"article","og_title":"Equipo | Renaissance Entrepreneurship Center","og_description":"Conoce a nuestro entregado equipo en el Renacimiento. \u00danete a nosotros para potenciar el esp\u00edritu empresarial y fomentar el \u00e9xito. \u00a1Con\u00e9ctate con nosotros hoy mismo!","og_url":"https:\/\/rencenter.org\/es\/equipo\/","og_site_name":"Renaissance Entrepreneurship Center","article_publisher":"https:\/\/www.facebook.com\/RenaissanceEntrepreneurshipCenter","og_image":[{"width":1920,"height":400,"url":"https:\/\/rencenter.org\/wp-content\/uploads\/2023\/07\/background-plus.jpg","type":"image\/jpeg"}],"twitter_card":"summary_large_image","twitter_site":"@RenCenter_","schema":{"@context":"https:\/\/schema.org","@graph":[{"@type":"WebPage","@id":"https:\/\/rencenter.org\/es\/equipo\/","url":"https:\/\/rencenter.org\/es\/equipo\/","name":"Equipo | Renaissance Entrepreneurship Center","isPartOf":{"@id":"https:\/\/rencenter.org\/es\/#website"},"primaryImageOfPage":{"@id":"https:\/\/rencenter.org\/es\/equipo\/#primaryimage"},"image":{"@id":"https:\/\/rencenter.org\/es\/equipo\/#primaryimage"},"thumbnailUrl":"https:\/\/rencenter.org\/wp-content\/uploads\/2023\/07\/background-plus.jpg","datePublished":"2023-05-10T09:39:22+00:00","description":"Conoce a nuestro entregado equipo en el Renacimiento. \u00danete a nosotros para potenciar el esp\u00edritu empresarial y fomentar el \u00e9xito. \u00a1Con\u00e9ctate con nosotros hoy mismo!","breadcrumb":{"@id":"https:\/\/rencenter.org\/es\/equipo\/#breadcrumb"},"inLanguage":"es","potentialAction":[{"@type":"ReadAction","target":["https:\/\/rencenter.org\/es\/equipo\/"]}]},{"@type":"ImageObject","inLanguage":"es","@id":"https:\/\/rencenter.org\/es\/equipo\/#primaryimage","url":"https:\/\/rencenter.org\/wp-content\/uploads\/2023\/07\/background-plus.jpg","contentUrl":"https:\/\/rencenter.org\/wp-content\/uploads\/2023\/07\/background-plus.jpg","width":1920,"height":400},{"@type":"BreadcrumbList","@id":"https:\/\/rencenter.org\/es\/equipo\/#breadcrumb","itemListElement":[{"@type":"ListItem","position":1,"name":"Home","item":"https:\/\/rencenter.org\/es\/"},{"@type":"ListItem","position":2,"name":"Equipo"}]},{"@type":"WebSite","@id":"https:\/\/rencenter.org\/es\/#website","url":"https:\/\/rencenter.org\/es\/","name":"Renaissance Entrepreneurship Center","description":"Transforming lives and communities through entrepreneurship","publisher":{"@id":"https:\/\/rencenter.org\/es\/#organization"},"potentialAction":[{"@type":"SearchAction","target":{"@type":"EntryPoint","urlTemplate":"https:\/\/rencenter.org\/es\/?s={search_term_string}"},"query-input":{"@type":"PropertyValueSpecification","valueRequired":true,"valueName":"search_term_string"}}],"inLanguage":"es"},{"@type":"Organization","@id":"https:\/\/rencenter.org\/es\/#organization","name":"Renaissance Entrepreneurship Center","url":"https:\/\/rencenter.org\/es\/","logo":{"@type":"ImageObject","inLanguage":"es","@id":"https:\/\/rencenter.org\/es\/#\/schema\/logo\/image\/","url":"http:\/\/rencenter.org\/wp-content\/uploads\/2024\/01\/rencenter.png","contentUrl":"http:\/\/rencenter.org\/wp-content\/uploads\/2024\/01\/rencenter.png","width":1080,"height":1080,"caption":"Renaissance Entrepreneurship Center"},"image":{"@id":"https:\/\/rencenter.org\/es\/#\/schema\/logo\/image\/"},"sameAs":["https:\/\/www.facebook.com\/RenaissanceEntrepreneurshipCenter","https:\/\/x.com\/RenCenter_"]}]}},"_links":{"self":[{"href":"https:\/\/rencenter.org\/es\/wp-json\/wp\/v2\/pages\/81945","targetHints":{"allow":["GET"]}}],"collection":[{"href":"https:\/\/rencenter.org\/es\/wp-json\/wp\/v2\/pages"}],"about":[{"href":"https:\/\/rencenter.org\/es\/wp-json\/wp\/v2\/types\/page"}],"author":[{"embeddable":true,"href":"https:\/\/rencenter.org\/es\/wp-json\/wp\/v2\/users\/40"}],"replies":[{"embeddable":true,"href":"https:\/\/rencenter.org\/es\/wp-json\/wp\/v2\/comments?post=81945"}],"version-history":[{"count":0,"href":"https:\/\/rencenter.org\/es\/wp-json\/wp\/v2\/pages\/81945\/revisions"}],"wp:featuredmedia":[{"embeddable":true,"href":"https:\/\/rencenter.org\/es\/wp-json\/wp\/v2\/media\/81107"}],"wp:attachment":[{"href":"https:\/\/rencenter.org\/es\/wp-json\/wp\/v2\/media?parent=81945"}],"curies":[{"name":"wp","href":"https:\/\/api.w.org\/{rel}","templated":true}]}}