{"id":81937,"date":"2023-06-12T00:46:13","date_gmt":"2023-06-12T07:46:13","guid":{"rendered":"https:\/centro-de-recursos-financieros\/"},"modified":"2026-04-09T22:34:13","modified_gmt":"2026-04-10T05:34:13","slug":"centro-de-recursos-financieros","status":"publish","type":"page","link":"https:\/\/rencenter.org\/es\/centro-de-recursos-financieros\/","title":{"rendered":"Centro de Recursos Financieros"},"content":{"rendered":"\t\t<div data-elementor-type=\"wp-page\" data-elementor-id=\"81937\" class=\"elementor elementor-81937 elementor-63690\" data-elementor-post-type=\"page\">\n\t\t\t\t\t\t<section class=\"elementor-section elementor-top-section elementor-element elementor-element-6fec053c elementor-section-full_width elementor-section-height-default elementor-section-height-default\" data-id=\"6fec053c\" data-element_type=\"section\" data-e-type=\"section\">\n\t\t\t\t\t\t<div class=\"elementor-container elementor-column-gap-no\">\n\t\t\t\t\t<div class=\"elementor-column elementor-col-100 elementor-top-column elementor-element elementor-element-7412850f\" data-id=\"7412850f\" data-element_type=\"column\" data-e-type=\"column\">\n\t\t\t<div class=\"elementor-widget-wrap elementor-element-populated\">\n\t\t\t\t\t\t<div class=\"elementor-element elementor-element-520bf391 elementor-widget elementor-widget-template\" data-id=\"520bf391\" data-element_type=\"widget\" data-e-type=\"widget\" data-widget_type=\"template.default\">\n\t\t\t\t<div class=\"elementor-widget-container\">\n\t\t\t\t\t\t\t<div class=\"elementor-template\">\n\t\t\t\t\t<div data-elementor-type=\"page\" data-elementor-id=\"70156\" class=\"elementor elementor-70156\" data-elementor-post-type=\"elementor_library\">\n\t\t\t\t\t\t<section class=\"elementor-section elementor-top-section elementor-element elementor-element-963efc5 elementor-section-boxed elementor-section-height-default elementor-section-height-default\" data-id=\"963efc5\" data-element_type=\"section\" data-e-type=\"section\" data-settings=\"{&quot;background_background&quot;:&quot;classic&quot;}\">\n\t\t\t\t\t\t\t<div class=\"elementor-background-overlay\"><\/div>\n\t\t\t\t\t\t\t<div class=\"elementor-container elementor-column-gap-default\">\n\t\t\t\t\t<div class=\"elementor-column elementor-col-100 elementor-top-column elementor-element elementor-element-d1378b0\" data-id=\"d1378b0\" data-element_type=\"column\" data-e-type=\"column\">\n\t\t\t<div class=\"elementor-widget-wrap elementor-element-populated\">\n\t\t\t\t\t\t<div class=\"elementor-element elementor-element-fa102dd elementor-widget elementor-widget-theme-post-title elementor-page-title elementor-widget-heading\" data-id=\"fa102dd\" data-element_type=\"widget\" data-e-type=\"widget\" data-widget_type=\"theme-post-title.default\">\n\t\t\t\t<div class=\"elementor-widget-container\">\n\t\t\t\t\t<h1 class=\"elementor-heading-title elementor-size-default\">Centro de Recursos Financieros<\/h1>\t\t\t\t<\/div>\n\t\t\t\t<\/div>\n\t\t\t\t\t<\/div>\n\t\t<\/div>\n\t\t\t\t\t<\/div>\n\t\t<\/section>\n\t\t\t\t<\/div>\n\t\t\t\t<\/div>\n\t\t\t\t\t\t<\/div>\n\t\t\t\t<\/div>\n\t\t\t\t\t<\/div>\n\t\t<\/div>\n\t\t\t\t\t<\/div>\n\t\t<\/section>\n\t\t\t\t<section class=\"elementor-section elementor-top-section elementor-element elementor-element-bcbb752 elementor-section-boxed elementor-section-height-default elementor-section-height-default\" data-id=\"bcbb752\" data-element_type=\"section\" data-e-type=\"section\" data-settings=\"{&quot;background_background&quot;:&quot;classic&quot;}\">\n\t\t\t\t\t\t\t<div class=\"elementor-background-overlay\"><\/div>\n\t\t\t\t\t\t\t<div class=\"elementor-container elementor-column-gap-default\">\n\t\t\t\t\t<div class=\"elementor-column elementor-col-100 elementor-top-column elementor-element elementor-element-e7d5443\" data-id=\"e7d5443\" data-element_type=\"column\" data-e-type=\"column\">\n\t\t\t<div class=\"elementor-widget-wrap elementor-element-populated\">\n\t\t\t\t\t\t<div class=\"elementor-element elementor-element-de16db0 elementor-widget elementor-widget-heading\" data-id=\"de16db0\" data-element_type=\"widget\" data-e-type=\"widget\" data-widget_type=\"heading.default\">\n\t\t\t\t<div class=\"elementor-widget-container\">\n\t\t\t\t\t<h2 class=\"elementor-heading-title elementor-size-default\">Asesoramiento experto gratuito sobre opciones de financiaci\u00f3n y recursos de capital<\/h2>\t\t\t\t<\/div>\n\t\t\t\t<\/div>\n\t\t\t\t<div class=\"elementor-element elementor-element-c8dc7a6 elementor-widget__width-initial elementor-widget elementor-widget-text-editor\" data-id=\"c8dc7a6\" data-element_type=\"widget\" data-e-type=\"widget\" data-widget_type=\"text-editor.default\">\n\t\t\t\t<div class=\"elementor-widget-container\">\n\t\t\t\t\t\t\t\t\t<p>Renaissance ha ayudado a miles de empresarios emergentes y establecidos del \u00c1rea de la Bah\u00eda a convertirse en mejores gestores financieros de sus negocios y a conseguir m\u00e1s de 100 millones de d\u00f3lares en capital para poner en marcha y hacer crecer sus empresas.&nbsp;<\/p>\n<p>Ofrecemos asesoramiento individual, finanzas y discusiones sobre el crecimiento de las ventas durante nuestras horas de oficina Zoom &#8220;Almuerza y Aprende&#8221;. Adem\u00e1s, proporcionamos acceso a talleres de capital y formaci\u00f3n en gesti\u00f3n financiera como parte de nuestras clases intensivas.<\/p>\t\t\t\t\t\t\t\t<\/div>\n\t\t\t\t<\/div>\n\t\t\t\t\t<\/div>\n\t\t<\/div>\n\t\t\t\t\t<\/div>\n\t\t<\/section>\n\t\t\t\t<section class=\"elementor-section elementor-top-section elementor-element elementor-element-fdfe680 elementor-section-boxed elementor-section-height-default elementor-section-height-default\" data-id=\"fdfe680\" data-element_type=\"section\" data-e-type=\"section\" data-settings=\"{&quot;background_background&quot;:&quot;classic&quot;}\">\n\t\t\t\t\t\t\t<div class=\"elementor-background-overlay\"><\/div>\n\t\t\t\t\t\t\t<div class=\"elementor-container elementor-column-gap-default\">\n\t\t\t\t\t<div class=\"elementor-column elementor-col-50 elementor-top-column elementor-element elementor-element-4cbe966\" data-id=\"4cbe966\" data-element_type=\"column\" data-e-type=\"column\">\n\t\t\t<div class=\"elementor-widget-wrap elementor-element-populated\">\n\t\t\t\t\t\t<div class=\"elementor-element elementor-element-fad2c49 elementor-widget elementor-widget-image\" data-id=\"fad2c49\" data-element_type=\"widget\" data-e-type=\"widget\" data-widget_type=\"image.default\">\n\t\t\t\t<div class=\"elementor-widget-container\">\n\t\t\t\t\t\t\t\t\t\t\t\t\t\t\t<img decoding=\"async\" src=\"https:\/\/rencenter.org\/wp-content\/uploads\/2024\/01\/Ren2023Event-6-scaled.jpg\" title=\"UTU Kids\" alt=\"Client product display at Renaissance Annual Event\" loading=\"lazy\" \/>\t\t\t\t\t\t\t\t\t\t\t\t\t\t\t<\/div>\n\t\t\t\t<\/div>\n\t\t\t\t<div class=\"elementor-element elementor-element-885cd27 caption-text elementor-widget elementor-widget-text-editor\" data-id=\"885cd27\" data-element_type=\"widget\" data-e-type=\"widget\" data-widget_type=\"text-editor.default\">\n\t\t\t\t<div class=\"elementor-widget-container\">\n\t\t\t\t\t\t\t\t\t<p>Cliente del Renaissance, Utku Kids<\/p>\t\t\t\t\t\t\t\t<\/div>\n\t\t\t\t<\/div>\n\t\t\t\t\t<\/div>\n\t\t<\/div>\n\t\t\t\t<div class=\"elementor-column elementor-col-50 elementor-top-column elementor-element elementor-element-bea56f9\" data-id=\"bea56f9\" data-element_type=\"column\" data-e-type=\"column\">\n\t\t\t<div class=\"elementor-widget-wrap elementor-element-populated\">\n\t\t\t\t\t\t<div class=\"elementor-element elementor-element-b2683d0 elementor-widget elementor-widget-text-editor\" data-id=\"b2683d0\" data-element_type=\"widget\" data-e-type=\"widget\" data-widget_type=\"text-editor.default\">\n\t\t\t\t<div class=\"elementor-widget-container\">\n\t\t\t\t\t\t\t\t\t<p>Nuestros asesores financieros pueden proporcionarte <span style=\"font-weight: bold;\">apoyo personalizado gratuito <\/span>para ayudarte:<\/p><ul><li>Identificar la mejor fuente de capital, incluyendo Instituciones Financieras de Desarrollo Comunitario (CDFI), Programas Especiales de Pr\u00e9stamos Bancarios, Familiares y Amigos, y Categor\u00edas de B\u00fasqueda de Subvenciones, entre otras.<\/li><li>Explora las opciones de crecimiento de las ventas<\/li><li>Crear estrategias de investigaci\u00f3n de subvenciones<\/li><li>Desarrollar campa\u00f1as de crowdfunding<\/li><li>Preparar paquetes de pr\u00e9stamos y solicitudes de subvenci\u00f3n  <\/li><li>Prep\u00e1rate para un pr\u00e9stamo<\/li><li>Determinar las necesidades de financiaci\u00f3n<\/li><li>Maximizar el uso de los fondos<\/li><li>Revisar planes de negocio y pitch decks<\/li><li>Calcula las cuotas mensuales del pr\u00e9stamo<\/li><li>Determinar los ratios del servicio de la deuda  <\/li><\/ul>\t\t\t\t\t\t\t\t<\/div>\n\t\t\t\t<\/div>\n\t\t\t\t\t<\/div>\n\t\t<\/div>\n\t\t\t\t\t<\/div>\n\t\t<\/section>\n\t\t\t\t<section class=\"elementor-section elementor-top-section elementor-element elementor-element-3497275 elementor-section-boxed elementor-section-height-default elementor-section-height-default\" data-id=\"3497275\" data-element_type=\"section\" data-e-type=\"section\" data-settings=\"{&quot;background_background&quot;:&quot;classic&quot;}\">\n\t\t\t\t\t\t\t<div class=\"elementor-background-overlay\"><\/div>\n\t\t\t\t\t\t\t<div class=\"elementor-container elementor-column-gap-default\">\n\t\t\t\t\t<div class=\"elementor-column elementor-col-100 elementor-top-column elementor-element elementor-element-c920943\" data-id=\"c920943\" data-element_type=\"column\" data-e-type=\"column\">\n\t\t\t<div class=\"elementor-widget-wrap elementor-element-populated\">\n\t\t\t\t\t\t<div class=\"elementor-element elementor-element-6d35c43 elementor-widget__width-initial elementor-widget elementor-widget-text-editor\" data-id=\"6d35c43\" data-element_type=\"widget\" data-e-type=\"widget\" data-widget_type=\"text-editor.default\">\n\t\t\t\t<div class=\"elementor-widget-container\">\n\t\t\t\t\t\t\t\t\t<p>Oficina<span style=\"text-decoration: underline;\">\n  <strong> Horario y Talleres:<\/strong>\n<\/span><\/p>\n<ul>\n<li>Horas de oficina para almorzar y aprender<\/li>\n<li>Debates de expertos sobre el acceso a los recursos de capital<\/li>\n<li>Talleres de finanzas<\/li>\n<\/ul>\n<p><b>Nuevos clientes:<\/b>&nbsp;Rellena nuestro<a href=\"https:\/\/www.vistashare.com\/forms\/v2\/intake\/f14e7e85930f11eba84c0e770380e1b4\/\" target=\"_blank\" rel=\"noopener\">formulario de inter\u00e9s<\/a>&nbsp;<a href=\"https:\/\/www.vistashare.com\/forms\/v2\/intake\/f14e7e85930f11eba84c0e770380e1b4\/\" target=\"_blank\" rel=\"noopener\">&nbsp; aqu\u00ed.<\/a><\/p>\n<p><strong>Clientes actuales:<\/strong> Para reservar una <strong>consulta individual gratuita<\/strong> con Gwendolyn Wright, Consultora Gerente, o Gabriela Sapp, ponte en contacto con tu<a href=\"https:\/es\/encuentra-tu-ubicacion\/\">&nbsp;oficina Renaissance m\u00e1s cercana<\/a> para que te recomienden.<\/p>\t\t\t\t\t\t\t\t<\/div>\n\t\t\t\t<\/div>\n\t\t\t\t<div class=\"elementor-element elementor-element-b75017d elementor-widget elementor-widget-spacer\" data-id=\"b75017d\" data-element_type=\"widget\" data-e-type=\"widget\" data-widget_type=\"spacer.default\">\n\t\t\t\t<div class=\"elementor-widget-container\">\n\t\t\t\t\t\t\t<div class=\"elementor-spacer\">\n\t\t\t<div class=\"elementor-spacer-inner\"><\/div>\n\t\t<\/div>\n\t\t\t\t\t\t<\/div>\n\t\t\t\t<\/div>\n\t\t\t\t<div class=\"elementor-element elementor-element-15eb259 elementor-widget elementor-widget-text-editor\" data-id=\"15eb259\" data-element_type=\"widget\" data-e-type=\"widget\" data-widget_type=\"text-editor.default\">\n\t\t\t\t<div class=\"elementor-widget-container\">\n\t\t\t\t\t\t\t\t\t<p><strong>Proud Partners with SCALE:<\/strong> We\u2019re excited to collaborate with SCALE: Success, Capital Access, and Leadership for Entrepreneurs. SCALE works to equip business owners with the tools and leadership skills needed to thrive in today\u2019s economy. Together, we\u2019re expanding opportunities to support Bay Area entrepreneurs in accessing capital and resources. <a href=\"https:\/\/rencenter.org\/scale-renaissance-entrepreneurship-center\/\" rel=\"noopener\">Learn more about our partnership here.<\/a><\/p>\t\t\t\t\t\t\t\t<\/div>\n\t\t\t\t<\/div>\n\t\t\t\t<section class=\"elementor-section elementor-inner-section elementor-element elementor-element-cd56a90 elementor-section-boxed elementor-section-height-default elementor-section-height-default\" data-id=\"cd56a90\" data-element_type=\"section\" data-e-type=\"section\">\n\t\t\t\t\t\t<div class=\"elementor-container elementor-column-gap-default\">\n\t\t\t\t\t<div class=\"elementor-column elementor-col-50 elementor-inner-column elementor-element elementor-element-162f502\" data-id=\"162f502\" data-element_type=\"column\" data-e-type=\"column\">\n\t\t\t<div class=\"elementor-widget-wrap\">\n\t\t\t\t\t\t\t<\/div>\n\t\t<\/div>\n\t\t\t\t<div class=\"elementor-column elementor-col-50 elementor-inner-column elementor-element elementor-element-e4568ad\" data-id=\"e4568ad\" data-element_type=\"column\" data-e-type=\"column\">\n\t\t\t<div class=\"elementor-widget-wrap\">\n\t\t\t\t\t\t\t<\/div>\n\t\t<\/div>\n\t\t\t\t\t<\/div>\n\t\t<\/section>\n\t\t\t\t\t<\/div>\n\t\t<\/div>\n\t\t\t\t\t<\/div>\n\t\t<\/section>\n\t\t\t\t<section class=\"elementor-section elementor-top-section elementor-element elementor-element-242c592 elementor-reverse-tablet elementor-reverse-mobile elementor-section-boxed elementor-section-height-default elementor-section-height-default\" data-id=\"242c592\" data-element_type=\"section\" data-e-type=\"section\" data-settings=\"{&quot;background_background&quot;:&quot;classic&quot;}\">\n\t\t\t\t\t\t\t<div class=\"elementor-background-overlay\"><\/div>\n\t\t\t\t\t\t\t<div class=\"elementor-container elementor-column-gap-default\">\n\t\t\t\t\t<div class=\"elementor-column elementor-col-100 elementor-top-column elementor-element elementor-element-1a19459\" data-id=\"1a19459\" data-element_type=\"column\" data-e-type=\"column\">\n\t\t\t<div class=\"elementor-widget-wrap elementor-element-populated\">\n\t\t\t\t\t\t<div class=\"elementor-element elementor-element-4a9c96b elementor-widget elementor-widget-spacer\" data-id=\"4a9c96b\" data-element_type=\"widget\" data-e-type=\"widget\" data-widget_type=\"spacer.default\">\n\t\t\t\t<div class=\"elementor-widget-container\">\n\t\t\t\t\t\t\t<div class=\"elementor-spacer\">\n\t\t\t<div class=\"elementor-spacer-inner\"><\/div>\n\t\t<\/div>\n\t\t\t\t\t\t<\/div>\n\t\t\t\t<\/div>\n\t\t\t\t<section class=\"elementor-section elementor-inner-section elementor-element elementor-element-4dafcc3 elementor-section-boxed elementor-section-height-default elementor-section-height-default\" data-id=\"4dafcc3\" data-element_type=\"section\" data-e-type=\"section\">\n\t\t\t\t\t\t<div class=\"elementor-container elementor-column-gap-default\">\n\t\t\t\t\t<div class=\"elementor-column elementor-col-33 elementor-inner-column elementor-element elementor-element-b3123f6\" data-id=\"b3123f6\" data-element_type=\"column\" data-e-type=\"column\" data-settings=\"{&quot;background_background&quot;:&quot;classic&quot;}\">\n\t\t\t<div class=\"elementor-widget-wrap elementor-element-populated\">\n\t\t\t\t\t\t<div class=\"elementor-element elementor-element-889312e elementor-widget__width-inherit elementor-align-justify elementor-widget elementor-widget-button\" data-id=\"889312e\" data-element_type=\"widget\" data-e-type=\"widget\" data-widget_type=\"button.default\">\n\t\t\t\t<div class=\"elementor-widget-container\">\n\t\t\t\t\t\t\t\t\t<div class=\"elementor-button-wrapper\">\n\t\t\t\t\t<a class=\"elementor-button elementor-button-link elementor-size-sm\" href=\"https:\/\/rencenter.org\/es\/historias-de-exito\/\">\n\t\t\t\t\t\t<span class=\"elementor-button-content-wrapper\">\n\t\t\t\t\t\t\t\t\t<span class=\"elementor-button-text\">Nuestros \u00e9xitos<\/span>\n\t\t\t\t\t<\/span>\n\t\t\t\t\t<\/a>\n\t\t\t\t<\/div>\n\t\t\t\t\t\t\t\t<\/div>\n\t\t\t\t<\/div>\n\t\t\t\t\t<\/div>\n\t\t<\/div>\n\t\t\t\t<div class=\"elementor-column elementor-col-33 elementor-inner-column elementor-element elementor-element-a107333\" data-id=\"a107333\" data-element_type=\"column\" data-e-type=\"column\" data-settings=\"{&quot;background_background&quot;:&quot;classic&quot;}\">\n\t\t\t<div class=\"elementor-widget-wrap elementor-element-populated\">\n\t\t\t\t\t\t<div class=\"elementor-element elementor-element-9f2567a elementor-widget__width-inherit elementor-align-justify elementor-widget elementor-widget-button\" data-id=\"9f2567a\" data-element_type=\"widget\" data-e-type=\"widget\" data-widget_type=\"button.default\">\n\t\t\t\t<div class=\"elementor-widget-container\">\n\t\t\t\t\t\t\t\t\t<div class=\"elementor-button-wrapper\">\n\t\t\t\t\t<a class=\"elementor-button elementor-button-link elementor-size-sm\" href=\"https:\/\/rencenter.org\/es\/nuestros-resultados\/\">\n\t\t\t\t\t\t<span class=\"elementor-button-content-wrapper\">\n\t\t\t\t\t\t\t\t\t<span class=\"elementor-button-text\">Nuestro impacto  <\/span>\n\t\t\t\t\t<\/span>\n\t\t\t\t\t<\/a>\n\t\t\t\t<\/div>\n\t\t\t\t\t\t\t\t<\/div>\n\t\t\t\t<\/div>\n\t\t\t\t\t<\/div>\n\t\t<\/div>\n\t\t\t\t<div class=\"elementor-column elementor-col-33 elementor-inner-column elementor-element elementor-element-66c6a1d\" data-id=\"66c6a1d\" data-element_type=\"column\" data-e-type=\"column\" data-settings=\"{&quot;background_background&quot;:&quot;classic&quot;}\">\n\t\t\t<div class=\"elementor-widget-wrap elementor-element-populated\">\n\t\t\t\t\t\t<div class=\"elementor-element elementor-element-29ff800 elementor-widget__width-inherit elementor-align-justify elementor-widget elementor-widget-button\" data-id=\"29ff800\" data-element_type=\"widget\" data-e-type=\"widget\" data-widget_type=\"button.default\">\n\t\t\t\t<div class=\"elementor-widget-container\">\n\t\t\t\t\t\t\t\t\t<div class=\"elementor-button-wrapper\">\n\t\t\t\t\t<a class=\"elementor-button elementor-button-link elementor-size-sm\" href=\"https:\/\/rencenter.org\/es\/nuestra-mision-e-historia\/\">\n\t\t\t\t\t\t<span class=\"elementor-button-content-wrapper\">\n\t\t\t\t\t\t\t\t\t<span class=\"elementor-button-text\">Sobre nosotros<\/span>\n\t\t\t\t\t<\/span>\n\t\t\t\t\t<\/a>\n\t\t\t\t<\/div>\n\t\t\t\t\t\t\t\t<\/div>\n\t\t\t\t<\/div>\n\t\t\t\t\t<\/div>\n\t\t<\/div>\n\t\t\t\t\t<\/div>\n\t\t<\/section>\n\t\t\t\t\t<\/div>\n\t\t<\/div>\n\t\t\t\t\t<\/div>\n\t\t<\/section>\n\t\t\t\t<\/div>\n\t\t","protected":false},"excerpt":{"rendered":"<p>Asesoramiento experto gratuito sobre opciones de financiaci\u00f3n y recursos de capital Renaissance ha ayudado a miles de empresarios emergentes y [&hellip;]<\/p>\n","protected":false},"author":40,"featured_media":0,"parent":0,"menu_order":0,"comment_status":"closed","ping_status":"closed","template":"elementor_header_footer","meta":{"_acf_changed":false,"_eb_attr":"","inline_featured_image":false,"footnotes":""},"class_list":["post-81937","page","type-page","status-publish","hentry"],"acf":[],"yoast_head":"<!-- This site is optimized with the Yoast SEO plugin v27.3 - https:\/\/yoast.com\/product\/yoast-seo-wordpress\/ -->\n<title>Centro de Recursos Financieros | Renacimiento<\/title>\n<meta name=\"description\" content=\"Desbloquea oportunidades financieras con nuestro Centro de Recursos de Financiaci\u00f3n. Accede al capital para el crecimiento de tu empresa. \u00a1Explora ahora!\" \/>\n<meta name=\"robots\" content=\"index, follow, max-snippet:-1, max-image-preview:large, max-video-preview:-1\" \/>\n<link rel=\"canonical\" href=\"https:\/\/rencenter.org\/es\/centro-de-recursos-financieros\/\" \/>\n<meta property=\"og:locale\" content=\"es_ES\" \/>\n<meta property=\"og:type\" content=\"article\" \/>\n<meta property=\"og:title\" content=\"Centro de Recursos Financieros | Renacimiento\" \/>\n<meta property=\"og:description\" content=\"Desbloquea oportunidades financieras con nuestro Centro de Recursos de Financiaci\u00f3n. Accede al capital para el crecimiento de tu empresa. \u00a1Explora ahora!\" \/>\n<meta property=\"og:url\" content=\"https:\/\/rencenter.org\/es\/centro-de-recursos-financieros\/\" \/>\n<meta property=\"og:site_name\" content=\"Renaissance Entrepreneurship Center\" \/>\n<meta property=\"article:publisher\" content=\"https:\/\/www.facebook.com\/RenaissanceEntrepreneurshipCenter\" \/>\n<meta property=\"article:modified_time\" content=\"2026-04-10T05:34:13+00:00\" \/>\n<meta property=\"og:image\" content=\"https:\/\/rencenter.org\/wp-content\/uploads\/2024\/01\/Ren2023Event-6-scaled.jpg\" \/>\n<meta name=\"twitter:card\" content=\"summary_large_image\" \/>\n<meta name=\"twitter:site\" content=\"@RenCenter_\" \/>\n<meta name=\"twitter:label1\" content=\"Tiempo de lectura\" \/>\n\t<meta name=\"twitter:data1\" content=\"2 minutos\" \/>\n<!-- \/ Yoast SEO plugin. -->","yoast_head_json":{"title":"Centro de Recursos Financieros | Renacimiento","description":"Desbloquea oportunidades financieras con nuestro Centro de Recursos de Financiaci\u00f3n. Accede al capital para el crecimiento de tu empresa. \u00a1Explora ahora!","robots":{"index":"index","follow":"follow","max-snippet":"max-snippet:-1","max-image-preview":"max-image-preview:large","max-video-preview":"max-video-preview:-1"},"canonical":"https:\/\/rencenter.org\/es\/centro-de-recursos-financieros\/","og_locale":"es_ES","og_type":"article","og_title":"Centro de Recursos Financieros | Renacimiento","og_description":"Desbloquea oportunidades financieras con nuestro Centro de Recursos de Financiaci\u00f3n. Accede al capital para el crecimiento de tu empresa. \u00a1Explora ahora!","og_url":"https:\/\/rencenter.org\/es\/centro-de-recursos-financieros\/","og_site_name":"Renaissance Entrepreneurship Center","article_publisher":"https:\/\/www.facebook.com\/RenaissanceEntrepreneurshipCenter","article_modified_time":"2026-04-10T05:34:13+00:00","og_image":[{"url":"https:\/\/rencenter.org\/wp-content\/uploads\/2024\/01\/Ren2023Event-6-scaled.jpg","type":"","width":"","height":""}],"twitter_card":"summary_large_image","twitter_site":"@RenCenter_","twitter_misc":{"Tiempo de lectura":"2 minutos"},"schema":{"@context":"https:\/\/schema.org","@graph":[{"@type":"WebPage","@id":"https:\/\/rencenter.org\/es\/centro-de-recursos-financieros\/","url":"https:\/\/rencenter.org\/es\/centro-de-recursos-financieros\/","name":"Centro de Recursos Financieros | Renacimiento","isPartOf":{"@id":"https:\/\/rencenter.org\/es\/#website"},"primaryImageOfPage":{"@id":"https:\/\/rencenter.org\/es\/centro-de-recursos-financieros\/#primaryimage"},"image":{"@id":"https:\/\/rencenter.org\/es\/centro-de-recursos-financieros\/#primaryimage"},"thumbnailUrl":"https:\/\/rencenter.org\/wp-content\/uploads\/2024\/01\/Ren2023Event-6-scaled.jpg","datePublished":"2023-06-12T07:46:13+00:00","dateModified":"2026-04-10T05:34:13+00:00","description":"Desbloquea oportunidades financieras con nuestro Centro de Recursos de Financiaci\u00f3n. Accede al capital para el crecimiento de tu empresa. \u00a1Explora ahora!","breadcrumb":{"@id":"https:\/\/rencenter.org\/es\/centro-de-recursos-financieros\/#breadcrumb"},"inLanguage":"es","potentialAction":[{"@type":"ReadAction","target":["https:\/\/rencenter.org\/es\/centro-de-recursos-financieros\/"]}]},{"@type":"ImageObject","inLanguage":"es","@id":"https:\/\/rencenter.org\/es\/centro-de-recursos-financieros\/#primaryimage","url":"https:\/\/rencenter.org\/wp-content\/uploads\/2024\/01\/Ren2023Event-6-scaled.jpg","contentUrl":"https:\/\/rencenter.org\/wp-content\/uploads\/2024\/01\/Ren2023Event-6-scaled.jpg"},{"@type":"BreadcrumbList","@id":"https:\/\/rencenter.org\/es\/centro-de-recursos-financieros\/#breadcrumb","itemListElement":[{"@type":"ListItem","position":1,"name":"Home","item":"https:\/\/rencenter.org\/es\/"},{"@type":"ListItem","position":2,"name":"Centro de Recursos Financieros"}]},{"@type":"WebSite","@id":"https:\/\/rencenter.org\/es\/#website","url":"https:\/\/rencenter.org\/es\/","name":"Renaissance Entrepreneurship Center","description":"Transforming lives and communities through entrepreneurship","publisher":{"@id":"https:\/\/rencenter.org\/es\/#organization"},"potentialAction":[{"@type":"SearchAction","target":{"@type":"EntryPoint","urlTemplate":"https:\/\/rencenter.org\/es\/?s={search_term_string}"},"query-input":{"@type":"PropertyValueSpecification","valueRequired":true,"valueName":"search_term_string"}}],"inLanguage":"es"},{"@type":"Organization","@id":"https:\/\/rencenter.org\/es\/#organization","name":"Renaissance Entrepreneurship Center","url":"https:\/\/rencenter.org\/es\/","logo":{"@type":"ImageObject","inLanguage":"es","@id":"https:\/\/rencenter.org\/es\/#\/schema\/logo\/image\/","url":"https:\/\/rencenter.org\/wp-content\/uploads\/2024\/01\/rencenter.png","contentUrl":"https:\/\/rencenter.org\/wp-content\/uploads\/2024\/01\/rencenter.png","width":1080,"height":1080,"caption":"Renaissance Entrepreneurship Center"},"image":{"@id":"https:\/\/rencenter.org\/es\/#\/schema\/logo\/image\/"},"sameAs":["https:\/\/www.facebook.com\/RenaissanceEntrepreneurshipCenter","https:\/\/x.com\/RenCenter_"]}]}},"_links":{"self":[{"href":"https:\/\/rencenter.org\/es\/wp-json\/wp\/v2\/pages\/81937","targetHints":{"allow":["GET"]}}],"collection":[{"href":"https:\/\/rencenter.org\/es\/wp-json\/wp\/v2\/pages"}],"about":[{"href":"https:\/\/rencenter.org\/es\/wp-json\/wp\/v2\/types\/page"}],"author":[{"embeddable":true,"href":"https:\/\/rencenter.org\/es\/wp-json\/wp\/v2\/users\/40"}],"replies":[{"embeddable":true,"href":"https:\/\/rencenter.org\/es\/wp-json\/wp\/v2\/comments?post=81937"}],"version-history":[{"count":1,"href":"https:\/\/rencenter.org\/es\/wp-json\/wp\/v2\/pages\/81937\/revisions"}],"predecessor-version":[{"id":131718,"href":"https:\/\/rencenter.org\/es\/wp-json\/wp\/v2\/pages\/81937\/revisions\/131718"}],"wp:attachment":[{"href":"https:\/\/rencenter.org\/es\/wp-json\/wp\/v2\/media?parent=81937"}],"curies":[{"name":"wp","href":"https:\/\/api.w.org\/{rel}","templated":true}]}}