{"id":81935,"date":"2023-05-31T22:55:59","date_gmt":"2023-06-01T05:55:59","guid":{"rendered":"https:\/encuentra-tu-ubicacion\/"},"modified":"2024-05-27T04:21:30","modified_gmt":"2024-05-27T11:21:30","slug":"encuentra-tu-ubicacion","status":"publish","type":"page","link":"https:\/\/rencenter.org\/es\/encuentra-tu-ubicacion\/","title":{"rendered":"Encuentra tu ubicaci\u00f3n"},"content":{"rendered":"\t\t<div data-elementor-type=\"wp-page\" data-elementor-id=\"81935\" class=\"elementor elementor-81935 elementor-50475\" data-elementor-post-type=\"page\">\n\t\t\t\t\t\t<section class=\"elementor-section elementor-top-section elementor-element elementor-element-78dad9cd elementor-section-full_width elementor-section-height-default elementor-section-height-default\" data-id=\"78dad9cd\" data-element_type=\"section\" data-e-type=\"section\">\n\t\t\t\t\t\t<div class=\"elementor-container elementor-column-gap-no\">\n\t\t\t\t\t<div class=\"elementor-column elementor-col-100 elementor-top-column elementor-element elementor-element-1eed7629\" data-id=\"1eed7629\" data-element_type=\"column\" data-e-type=\"column\">\n\t\t\t<div class=\"elementor-widget-wrap elementor-element-populated\">\n\t\t\t\t\t\t<div class=\"elementor-element elementor-element-45bec6cb elementor-widget elementor-widget-template\" data-id=\"45bec6cb\" data-element_type=\"widget\" data-e-type=\"widget\" data-widget_type=\"template.default\">\n\t\t\t\t<div class=\"elementor-widget-container\">\n\t\t\t\t\t\t\t<div class=\"elementor-template\">\n\t\t\t\t\t<div data-elementor-type=\"page\" data-elementor-id=\"70156\" class=\"elementor elementor-70156\" data-elementor-post-type=\"elementor_library\">\n\t\t\t\t\t\t<section class=\"elementor-section elementor-top-section elementor-element elementor-element-963efc5 elementor-section-boxed elementor-section-height-default elementor-section-height-default\" data-id=\"963efc5\" data-element_type=\"section\" data-e-type=\"section\" data-settings=\"{&quot;background_background&quot;:&quot;classic&quot;}\">\n\t\t\t\t\t\t\t<div class=\"elementor-background-overlay\"><\/div>\n\t\t\t\t\t\t\t<div class=\"elementor-container elementor-column-gap-default\">\n\t\t\t\t\t<div class=\"elementor-column elementor-col-100 elementor-top-column elementor-element elementor-element-d1378b0\" data-id=\"d1378b0\" data-element_type=\"column\" data-e-type=\"column\">\n\t\t\t<div class=\"elementor-widget-wrap elementor-element-populated\">\n\t\t\t\t\t\t<div class=\"elementor-element elementor-element-fa102dd elementor-widget elementor-widget-theme-post-title elementor-page-title elementor-widget-heading\" data-id=\"fa102dd\" data-element_type=\"widget\" data-e-type=\"widget\" data-widget_type=\"theme-post-title.default\">\n\t\t\t\t<div class=\"elementor-widget-container\">\n\t\t\t\t\t<h1 class=\"elementor-heading-title elementor-size-default\">Encuentra tu ubicaci\u00f3n<\/h1>\t\t\t\t<\/div>\n\t\t\t\t<\/div>\n\t\t\t\t\t<\/div>\n\t\t<\/div>\n\t\t\t\t\t<\/div>\n\t\t<\/section>\n\t\t\t\t<\/div>\n\t\t\t\t<\/div>\n\t\t\t\t\t\t<\/div>\n\t\t\t\t<\/div>\n\t\t\t\t\t<\/div>\n\t\t<\/div>\n\t\t\t\t\t<\/div>\n\t\t<\/section>\n\t\t\t\t<section class=\"elementor-section elementor-top-section elementor-element elementor-element-d6aec29 elementor-section-boxed elementor-section-height-default elementor-section-height-default\" data-id=\"d6aec29\" data-element_type=\"section\" data-e-type=\"section\">\n\t\t\t\t\t\t<div class=\"elementor-container elementor-column-gap-default\">\n\t\t\t\t\t<div class=\"elementor-column elementor-col-100 elementor-top-column elementor-element elementor-element-58939a3\" data-id=\"58939a3\" data-element_type=\"column\" data-e-type=\"column\">\n\t\t\t<div class=\"elementor-widget-wrap elementor-element-populated\">\n\t\t\t\t\t\t<div class=\"elementor-element elementor-element-91b29b4 elementor-widget elementor-widget-text-editor\" data-id=\"91b29b4\" data-element_type=\"widget\" data-e-type=\"widget\" data-widget_type=\"text-editor.default\">\n\t\t\t\t<div class=\"elementor-widget-container\">\n\t\t\t\t\t\t\t\t\t<p><span style=\"font-weight: 400;\">El Centro Empresarial Renaissance cuenta con cinco sedes en el \u00c1rea de la Bah\u00eda, donde combinamos programas b\u00e1sicos con clases y servicios localizados<\/span><\/p>\n\t\t\t\t\t\t\t\t<\/div>\n\t\t\t\t<\/div>\n\t\t\t\t\t<\/div>\n\t\t<\/div>\n\t\t\t\t\t<\/div>\n\t\t<\/section>\n\t\t\t\t<section class=\"elementor-section elementor-top-section elementor-element elementor-element-701ca7f find-location elementor-section-boxed elementor-section-height-default elementor-section-height-default\" data-id=\"701ca7f\" data-element_type=\"section\" data-e-type=\"section\">\n\t\t\t\t\t\t<div class=\"elementor-container elementor-column-gap-default\">\n\t\t\t\t\t<div class=\"elementor-column elementor-col-50 elementor-top-column elementor-element elementor-element-5bf03f0\" data-id=\"5bf03f0\" data-element_type=\"column\" data-e-type=\"column\">\n\t\t\t<div class=\"elementor-widget-wrap elementor-element-populated\">\n\t\t\t\t\t\t<div class=\"elementor-element elementor-element-b1b92f3 elementor-widget elementor-widget-image\" data-id=\"b1b92f3\" data-element_type=\"widget\" data-e-type=\"widget\" data-widget_type=\"image.default\">\n\t\t\t\t<div class=\"elementor-widget-container\">\n\t\t\t\t\t\t\t\t\t\t\t\t\t\t\t<img fetchpriority=\"high\" decoding=\"async\" width=\"1130\" height=\"969\" src=\"https:\/\/rencenter.org\/wp-content\/uploads\/2024\/01\/Location-img.jpg\" class=\"attachment-full size-full wp-image-81551\" alt=\"\" srcset=\"https:\/\/rencenter.org\/wp-content\/uploads\/2024\/01\/Location-img.jpg 1130w, https:\/\/rencenter.org\/wp-content\/uploads\/2024\/01\/Location-img-300x257.jpg 300w, https:\/\/rencenter.org\/wp-content\/uploads\/2024\/01\/Location-img-1024x878.jpg 1024w, https:\/\/rencenter.org\/wp-content\/uploads\/2024\/01\/Location-img-768x659.jpg 768w\" sizes=\"(max-width: 1130px) 100vw, 1130px\" \/>\t\t\t\t\t\t\t\t\t\t\t\t\t\t\t<\/div>\n\t\t\t\t<\/div>\n\t\t\t\t\t<\/div>\n\t\t<\/div>\n\t\t\t\t<div class=\"elementor-column elementor-col-50 elementor-top-column elementor-element elementor-element-e8acfc1\" data-id=\"e8acfc1\" data-element_type=\"column\" data-e-type=\"column\">\n\t\t\t<div class=\"elementor-widget-wrap elementor-element-populated\">\n\t\t\t\t\t\t<div class=\"elementor-element elementor-element-ba8eb74 elementor-widget elementor-widget-text-editor\" data-id=\"ba8eb74\" data-element_type=\"widget\" data-e-type=\"widget\" data-widget_type=\"text-editor.default\">\n\t\t\t\t<div class=\"elementor-widget-container\">\n\t\t\t\t\t\t\t\t\t<p><strong>Encuentra el Renaissance que mejor te sirva.<\/strong><\/p>\t\t\t\t\t\t\t\t<\/div>\n\t\t\t\t<\/div>\n\t\t\t\t<div class=\"elementor-element elementor-element-84b3313 elementor-widget elementor-widget-shortcode\" data-id=\"84b3313\" data-element_type=\"widget\" data-e-type=\"widget\" data-widget_type=\"shortcode.default\">\n\t\t\t\t<div class=\"elementor-widget-container\">\n\t\t\t\t\t<div class=\"location-form-area\"><form id=\"searchbyzipcode\" method=\"post\" action=\"send_form\"><div class=\"search-area\"><input type=\"text\" name=\"zipcode\" id=\"zipcode\" placeholder=\"Search your Location\"><a title=\"Current Location\" ><\/a><\/div><div class=\"location-submit-btn\"><input type=\"submit\" name=\"submit\" value=\"Search\"><\/div><\/form><div class=\"location-name-grp\"><div class=\"location-name\"><h2><a href=\"\/san-francisco-soma-wbc\/\">San Francisco, SoMa\/Women&#8217;s Business Center<\/a><\/h2>\n<p>Serving the entire Bay Area<\/p>\n<div class=\"add-loc\"><ul><li><span>275 5th Street, 2nd Floor, San Francisco, CA 94103<\/span><\/li><\/ul><\/div><\/div><div class=\"location-name\"><h2><a href=\"\/san-francisco-bayview\/\">San Francisco, Bayview<\/a><\/h2>\n<p>Serving Bayview Hunters Point, Vis Valley, and lower Fillmore<\/p>\n<div class=\"add-loc\"><ul><li><span>1325-B Evans Avenue, San Francisco, CA 94124\r\n<\/span><\/li><\/ul><\/div><\/div><div class=\"location-name\"><h2><a href=\"\/east-bay\/\">Richmond, East Bay<\/a><\/h2>\n<p>Serving Contra Costa and Alameda Counties<\/p>\n<div class=\"add-loc\"><ul><li><span>1503 MacDonald Avenue, Suite 112, Richmond, CA 94801<\/span><\/li><\/ul><\/div><\/div><div class=\"location-name\"><h2><a href=\"\/peninsula-south-san-francisco\/\">San Mateo County, South San Francisco + SBDC<\/a><\/h2>\n<p>Serving Northern San Mateo County<\/p>\n<div class=\"add-loc\"><ul><li><span>366 Grand Avenue, South San Francisco, CA 94080<\/span><\/li><\/ul><\/div><\/div><div class=\"location-name\"><h2><a href=\"\/peninsula-north-fair-oaks\/\">San Mateo County, North Fair Oaks + SBDC<\/a><\/h2>\n<p>Serving South San Mateo County<\/p>\n<div class=\"add-loc\"><ul><li><span>3009 Middlefield Road, Redwood City, CA 94063<\/span><\/li><\/ul><\/div><\/div><div class=\"location-name\"><h2><a href=\"\/peninsula-san-mateo-county-sbdc\/\">San Mateo SBDC<\/a><\/h2><div class=\"add-loc\"><ul><li><span>1900 O'Farrell Street, San Mateo, CA 94403<\/span><\/li><\/ul><\/div><\/div><div class=\"location-name\"><h2><a href=\"\/peninsula-san-jose\/\">Santa Clara County, San Jose<\/a><\/h2>\n<p>Serving Santa Clara County<\/p>\n<div class=\"add-loc\"><ul><li><span>2150 N. First St, Suite 430, San Jose, CA, 95131<\/span><\/li><\/ul><\/div><\/div><div class=\"location-name\"><h2><a href=\"\/half-moon-bay\/\">San Mateo County, Half Moon Bay Coastside + SBDC<\/a><\/h2>\n<p>Serving Coastal San Mateo County<\/p>\n<div class=\"add-loc\"><ul><li><span>248 Main St. Half Moon Bay, CA 94019<\/span><\/li><\/ul><\/div><\/div><\/div><\/div>\t\t<div class=\"elementor-shortcode\"><\/div>\n\t\t\t\t\t\t<\/div>\n\t\t\t\t<\/div>\n\t\t\t\t\t<\/div>\n\t\t<\/div>\n\t\t\t\t\t<\/div>\n\t\t<\/section>\n\t\t\t\t<\/div>\n\t\t","protected":false},"excerpt":{"rendered":"<p>El Centro Empresarial Renaissance cuenta con cinco sedes en el \u00c1rea de la Bah\u00eda, donde combinamos programas b\u00e1sicos con clases [&hellip;]<\/p>\n","protected":false},"author":40,"featured_media":0,"parent":0,"menu_order":0,"comment_status":"closed","ping_status":"closed","template":"elementor_header_footer","meta":{"_acf_changed":false,"_eb_attr":"","inline_featured_image":false,"footnotes":""},"class_list":["post-81935","page","type-page","status-publish","hentry"],"acf":[],"yoast_head":"<!-- This site is optimized with the Yoast SEO plugin v27.3 - https:\/\/yoast.com\/product\/yoast-seo-wordpress\/ -->\n<title>Encuentra tu ubicaci\u00f3n | Renacimiento<\/title>\n<meta name=\"description\" content=\"Encuentra tu centro Renaissance m\u00e1s cercano. Comienza tu viaje hacia el \u00e9xito empresarial. \u00a1Local\u00edzanos y da el primer paso hoy mismo!\" \/>\n<meta name=\"robots\" content=\"index, follow, max-snippet:-1, max-image-preview:large, max-video-preview:-1\" \/>\n<link rel=\"canonical\" href=\"https:\/\/rencenter.org\/es\/encuentra-tu-ubicacion\/\" \/>\n<meta property=\"og:locale\" content=\"es_ES\" \/>\n<meta property=\"og:type\" content=\"article\" \/>\n<meta property=\"og:title\" content=\"Encuentra tu ubicaci\u00f3n | Renacimiento\" \/>\n<meta property=\"og:description\" content=\"Encuentra tu centro Renaissance m\u00e1s cercano. Comienza tu viaje hacia el \u00e9xito empresarial. \u00a1Local\u00edzanos y da el primer paso hoy mismo!\" \/>\n<meta property=\"og:url\" content=\"https:\/\/rencenter.org\/es\/encuentra-tu-ubicacion\/\" \/>\n<meta property=\"og:site_name\" content=\"Renaissance Entrepreneurship Center\" \/>\n<meta property=\"article:publisher\" content=\"https:\/\/www.facebook.com\/RenaissanceEntrepreneurshipCenter\" \/>\n<meta property=\"article:modified_time\" content=\"2024-05-27T11:21:30+00:00\" \/>\n<meta property=\"og:image\" content=\"http:\/\/rencenter.org\/wp-content\/uploads\/2024\/01\/Location-img.jpg\" \/>\n<meta name=\"twitter:card\" content=\"summary_large_image\" \/>\n<meta name=\"twitter:site\" content=\"@RenCenter_\" \/>\n<meta name=\"twitter:label1\" content=\"Tiempo de lectura\" \/>\n\t<meta name=\"twitter:data1\" content=\"1 minuto\" \/>\n<!-- \/ Yoast SEO plugin. -->","yoast_head_json":{"title":"Encuentra tu ubicaci\u00f3n | Renacimiento","description":"Encuentra tu centro Renaissance m\u00e1s cercano. Comienza tu viaje hacia el \u00e9xito empresarial. \u00a1Local\u00edzanos y da el primer paso hoy mismo!","robots":{"index":"index","follow":"follow","max-snippet":"max-snippet:-1","max-image-preview":"max-image-preview:large","max-video-preview":"max-video-preview:-1"},"canonical":"https:\/\/rencenter.org\/es\/encuentra-tu-ubicacion\/","og_locale":"es_ES","og_type":"article","og_title":"Encuentra tu ubicaci\u00f3n | Renacimiento","og_description":"Encuentra tu centro Renaissance m\u00e1s cercano. Comienza tu viaje hacia el \u00e9xito empresarial. \u00a1Local\u00edzanos y da el primer paso hoy mismo!","og_url":"https:\/\/rencenter.org\/es\/encuentra-tu-ubicacion\/","og_site_name":"Renaissance Entrepreneurship Center","article_publisher":"https:\/\/www.facebook.com\/RenaissanceEntrepreneurshipCenter","article_modified_time":"2024-05-27T11:21:30+00:00","og_image":[{"url":"http:\/\/rencenter.org\/wp-content\/uploads\/2024\/01\/Location-img.jpg","type":"","width":"","height":""}],"twitter_card":"summary_large_image","twitter_site":"@RenCenter_","twitter_misc":{"Tiempo de lectura":"1 minuto"},"schema":{"@context":"https:\/\/schema.org","@graph":[{"@type":"WebPage","@id":"https:\/\/rencenter.org\/es\/encuentra-tu-ubicacion\/","url":"https:\/\/rencenter.org\/es\/encuentra-tu-ubicacion\/","name":"Encuentra tu ubicaci\u00f3n | Renacimiento","isPartOf":{"@id":"https:\/\/rencenter.org\/es\/#website"},"primaryImageOfPage":{"@id":"https:\/\/rencenter.org\/es\/encuentra-tu-ubicacion\/#primaryimage"},"image":{"@id":"https:\/\/rencenter.org\/es\/encuentra-tu-ubicacion\/#primaryimage"},"thumbnailUrl":"http:\/\/rencenter.org\/wp-content\/uploads\/2024\/01\/Location-img.jpg","datePublished":"2023-06-01T05:55:59+00:00","dateModified":"2024-05-27T11:21:30+00:00","description":"Encuentra tu centro Renaissance m\u00e1s cercano. Comienza tu viaje hacia el \u00e9xito empresarial. \u00a1Local\u00edzanos y da el primer paso hoy mismo!","breadcrumb":{"@id":"https:\/\/rencenter.org\/es\/encuentra-tu-ubicacion\/#breadcrumb"},"inLanguage":"es","potentialAction":[{"@type":"ReadAction","target":["https:\/\/rencenter.org\/es\/encuentra-tu-ubicacion\/"]}]},{"@type":"ImageObject","inLanguage":"es","@id":"https:\/\/rencenter.org\/es\/encuentra-tu-ubicacion\/#primaryimage","url":"http:\/\/rencenter.org\/wp-content\/uploads\/2024\/01\/Location-img.jpg","contentUrl":"http:\/\/rencenter.org\/wp-content\/uploads\/2024\/01\/Location-img.jpg"},{"@type":"BreadcrumbList","@id":"https:\/\/rencenter.org\/es\/encuentra-tu-ubicacion\/#breadcrumb","itemListElement":[{"@type":"ListItem","position":1,"name":"Home","item":"https:\/\/rencenter.org\/es\/"},{"@type":"ListItem","position":2,"name":"Encuentra tu ubicaci\u00f3n"}]},{"@type":"WebSite","@id":"https:\/\/rencenter.org\/es\/#website","url":"https:\/\/rencenter.org\/es\/","name":"Renaissance Entrepreneurship Center","description":"Transforming lives and communities through entrepreneurship","publisher":{"@id":"https:\/\/rencenter.org\/es\/#organization"},"potentialAction":[{"@type":"SearchAction","target":{"@type":"EntryPoint","urlTemplate":"https:\/\/rencenter.org\/es\/?s={search_term_string}"},"query-input":{"@type":"PropertyValueSpecification","valueRequired":true,"valueName":"search_term_string"}}],"inLanguage":"es"},{"@type":"Organization","@id":"https:\/\/rencenter.org\/es\/#organization","name":"Renaissance Entrepreneurship Center","url":"https:\/\/rencenter.org\/es\/","logo":{"@type":"ImageObject","inLanguage":"es","@id":"https:\/\/rencenter.org\/es\/#\/schema\/logo\/image\/","url":"https:\/\/rencenter.org\/wp-content\/uploads\/2024\/01\/rencenter.png","contentUrl":"https:\/\/rencenter.org\/wp-content\/uploads\/2024\/01\/rencenter.png","width":1080,"height":1080,"caption":"Renaissance Entrepreneurship Center"},"image":{"@id":"https:\/\/rencenter.org\/es\/#\/schema\/logo\/image\/"},"sameAs":["https:\/\/www.facebook.com\/RenaissanceEntrepreneurshipCenter","https:\/\/x.com\/RenCenter_"]}]}},"_links":{"self":[{"href":"https:\/\/rencenter.org\/es\/wp-json\/wp\/v2\/pages\/81935","targetHints":{"allow":["GET"]}}],"collection":[{"href":"https:\/\/rencenter.org\/es\/wp-json\/wp\/v2\/pages"}],"about":[{"href":"https:\/\/rencenter.org\/es\/wp-json\/wp\/v2\/types\/page"}],"author":[{"embeddable":true,"href":"https:\/\/rencenter.org\/es\/wp-json\/wp\/v2\/users\/40"}],"replies":[{"embeddable":true,"href":"https:\/\/rencenter.org\/es\/wp-json\/wp\/v2\/comments?post=81935"}],"version-history":[{"count":0,"href":"https:\/\/rencenter.org\/es\/wp-json\/wp\/v2\/pages\/81935\/revisions"}],"wp:attachment":[{"href":"https:\/\/rencenter.org\/es\/wp-json\/wp\/v2\/media?parent=81935"}],"curies":[{"name":"wp","href":"https:\/\/api.w.org\/{rel}","templated":true}]}}