{"id":81931,"date":"2023-07-20T04:44:16","date_gmt":"2023-07-20T11:44:16","guid":{"rendered":"https:\/empleo\/director-de-desarrollo\/"},"modified":"2024-05-09T22:39:27","modified_gmt":"2024-05-10T05:39:27","slug":"director-de-desarrollo","status":"publish","type":"page","link":"https:\/\/rencenter.org\/es\/empleo\/director-de-desarrollo\/","title":{"rendered":"Director de Desarrollo"},"content":{"rendered":"\t\t<div data-elementor-type=\"wp-page\" data-elementor-id=\"81931\" class=\"elementor elementor-81931 elementor-66700\" data-elementor-post-type=\"page\">\n\t\t\t\t\t\t<section class=\"elementor-section elementor-top-section elementor-element elementor-element-5bad866 elementor-section-full_width elementor-section-height-default elementor-section-height-default\" data-id=\"5bad866\" data-element_type=\"section\" data-e-type=\"section\">\n\t\t\t\t\t\t<div class=\"elementor-container elementor-column-gap-no\">\n\t\t\t\t\t<div class=\"elementor-column elementor-col-100 elementor-top-column elementor-element elementor-element-5759fcec\" data-id=\"5759fcec\" data-element_type=\"column\" data-e-type=\"column\">\n\t\t\t<div class=\"elementor-widget-wrap elementor-element-populated\">\n\t\t\t\t\t\t<div class=\"elementor-element elementor-element-73b29c19 elementor-widget elementor-widget-template\" data-id=\"73b29c19\" data-element_type=\"widget\" data-e-type=\"widget\" data-widget_type=\"template.default\">\n\t\t\t\t<div class=\"elementor-widget-container\">\n\t\t\t\t\t\t\t<div class=\"elementor-template\">\n\t\t\t\t\t<div data-elementor-type=\"page\" data-elementor-id=\"70156\" class=\"elementor elementor-70156\" data-elementor-post-type=\"elementor_library\">\n\t\t\t\t\t\t<section class=\"elementor-section elementor-top-section elementor-element elementor-element-963efc5 elementor-section-boxed elementor-section-height-default elementor-section-height-default\" data-id=\"963efc5\" data-element_type=\"section\" data-e-type=\"section\" data-settings=\"{&quot;background_background&quot;:&quot;classic&quot;}\">\n\t\t\t\t\t\t\t<div class=\"elementor-background-overlay\"><\/div>\n\t\t\t\t\t\t\t<div class=\"elementor-container elementor-column-gap-default\">\n\t\t\t\t\t<div class=\"elementor-column elementor-col-100 elementor-top-column elementor-element elementor-element-d1378b0\" data-id=\"d1378b0\" data-element_type=\"column\" data-e-type=\"column\">\n\t\t\t<div class=\"elementor-widget-wrap elementor-element-populated\">\n\t\t\t\t\t\t<div class=\"elementor-element elementor-element-fa102dd elementor-widget elementor-widget-theme-post-title elementor-page-title elementor-widget-heading\" data-id=\"fa102dd\" data-element_type=\"widget\" data-e-type=\"widget\" data-widget_type=\"theme-post-title.default\">\n\t\t\t\t<div class=\"elementor-widget-container\">\n\t\t\t\t\t<h1 class=\"elementor-heading-title elementor-size-default\">Director de Desarrollo<\/h1>\t\t\t\t<\/div>\n\t\t\t\t<\/div>\n\t\t\t\t\t<\/div>\n\t\t<\/div>\n\t\t\t\t\t<\/div>\n\t\t<\/section>\n\t\t\t\t<\/div>\n\t\t\t\t<\/div>\n\t\t\t\t\t\t<\/div>\n\t\t\t\t<\/div>\n\t\t\t\t\t<\/div>\n\t\t<\/div>\n\t\t\t\t\t<\/div>\n\t\t<\/section>\n\t\t\t\t<section class=\"elementor-section elementor-top-section elementor-element elementor-element-2857d95 elementor-section-boxed elementor-section-height-default elementor-section-height-default\" data-id=\"2857d95\" data-element_type=\"section\" data-e-type=\"section\" data-settings=\"{&quot;background_background&quot;:&quot;classic&quot;}\">\n\t\t\t\t\t\t<div class=\"elementor-container elementor-column-gap-default\">\n\t\t\t\t\t<div class=\"elementor-column elementor-col-100 elementor-top-column elementor-element elementor-element-45d71b5\" data-id=\"45d71b5\" data-element_type=\"column\" data-e-type=\"column\">\n\t\t\t<div class=\"elementor-widget-wrap elementor-element-populated\">\n\t\t\t\t\t\t<div class=\"elementor-element elementor-element-8402d5d elementor-widget elementor-widget-text-editor\" data-id=\"8402d5d\" data-element_type=\"widget\" data-e-type=\"widget\" data-widget_type=\"text-editor.default\">\n\t\t\t\t<div class=\"elementor-widget-container\">\n\t\t\t\t\t\t\t\t\t<p><strong>T\u00edtulo del puesto:<\/strong> Director de Desarrollo<\/p>\n<p><strong>Localizaci\u00f3n:<\/strong> San Francisco, CA<\/p>\n<p><strong>Horario:<\/strong> Tiempo Completo<\/p>\n<p><strong>Experiencia:<\/strong> 5 a\u00f1os<\/p>\n\t\t\t\t\t\t\t\t<\/div>\n\t\t\t\t<\/div>\n\t\t\t\t<div class=\"elementor-element elementor-element-5e2aa93 elementor-widget elementor-widget-heading\" data-id=\"5e2aa93\" data-element_type=\"widget\" data-e-type=\"widget\" data-widget_type=\"heading.default\">\n\t\t\t\t<div class=\"elementor-widget-container\">\n\t\t\t\t\t<h3 class=\"elementor-heading-title elementor-size-default\">Informaci\u00f3n general<\/h3>\t\t\t\t<\/div>\n\t\t\t\t<\/div>\n\t\t\t\t<div class=\"elementor-element elementor-element-6885d96 elementor-widget__width-initial elementor-widget elementor-widget-text-editor\" data-id=\"6885d96\" data-element_type=\"widget\" data-e-type=\"widget\" data-widget_type=\"text-editor.default\">\n\t\t\t\t<div class=\"elementor-widget-container\">\n\t\t\t\t\t\t\t\t\t<p>Buscamos un Director de Desarrollo con ganas de liderar y ampliar la recaudaci\u00f3n de fondos para una organizaci\u00f3n sin \u00e1nimo de lucro sana y en crecimiento de 6,5 millones de d\u00f3lares. En el Renaissance Entrepreneurship Center, ayudamos a las personas con rentas m\u00e1s bajas a poner en marcha y hacer crecer sus propias empresas, lo que se traduce en independencia econ\u00f3mica para ellas y sus familias. Se trata de un puesto a tiempo completo, h\u00edbrido y a distancia, con base en nuestra oficina de San Francisco, bajo las \u00f3rdenes del director general y con dos empleados a su cargo. El salario es de 100.000 a 125.000 d\u00f3lares.<\/p>\n<p>Cada a\u00f1o, Renaissance atiende a m\u00e1s de 2.500 personas que reflejan la diversidad del \u00c1rea de la Bah\u00eda: El 90% son personas con bajos ingresos, el 81% son mujeres y el 75% son personas de color. Fundada en 1985, hemos crecido hasta contar con cinco Centros en el \u00c1rea de la Bah\u00eda y programas externos que ayudan a nuestros participantes a poner en marcha sus propias microempresas y ser econ\u00f3micamente autosuficientes. Renaissance ofrece un entorno de trabajo diverso e integrador, con un liderazgo solidario y generosas prestaciones de asistencia sanitaria y tiempo libre remunerado. M\u00e1s informaci\u00f3n sobre nosotros en www.rencenter.org.<\/p>\n<p>El Director de Desarrollo trabaja en estrecha colaboraci\u00f3n con el Director General para establecer objetivos de recaudaci\u00f3n de fondos a corto y largo plazo y crea\/ejecuta planes para alcanzar dichos objetivos. El Director de Desarrollo dirige los comit\u00e9s de recaudaci\u00f3n de fondos de la Junta y de voluntarios, gestiona dos empleados de Desarrollo y los contratistas relacionados.<\/p>\n\t\t\t\t\t\t\t\t<\/div>\n\t\t\t\t<\/div>\n\t\t\t\t\t<\/div>\n\t\t<\/div>\n\t\t\t\t\t<\/div>\n\t\t<\/section>\n\t\t\t\t<section class=\"elementor-section elementor-top-section elementor-element elementor-element-8688d2c elementor-section-boxed elementor-section-height-default elementor-section-height-default\" data-id=\"8688d2c\" data-element_type=\"section\" data-e-type=\"section\" data-settings=\"{&quot;background_background&quot;:&quot;classic&quot;}\">\n\t\t\t\t\t\t<div class=\"elementor-container elementor-column-gap-default\">\n\t\t\t\t\t<div class=\"elementor-column elementor-col-100 elementor-top-column elementor-element elementor-element-2f7b616\" data-id=\"2f7b616\" data-element_type=\"column\" data-e-type=\"column\">\n\t\t\t<div class=\"elementor-widget-wrap elementor-element-populated\">\n\t\t\t\t\t\t<section class=\"elementor-section elementor-inner-section elementor-element elementor-element-6111df1 elementor-section-boxed elementor-section-height-default elementor-section-height-default\" data-id=\"6111df1\" data-element_type=\"section\" data-e-type=\"section\" data-settings=\"{&quot;background_background&quot;:&quot;classic&quot;}\">\n\t\t\t\t\t\t<div class=\"elementor-container elementor-column-gap-default\">\n\t\t\t\t\t<div class=\"elementor-column elementor-col-50 elementor-inner-column elementor-element elementor-element-af74205\" data-id=\"af74205\" data-element_type=\"column\" data-e-type=\"column\">\n\t\t\t<div class=\"elementor-widget-wrap elementor-element-populated\">\n\t\t\t\t\t\t<div class=\"elementor-element elementor-element-f242aa2 elementor-widget elementor-widget-heading\" data-id=\"f242aa2\" data-element_type=\"widget\" data-e-type=\"widget\" data-widget_type=\"heading.default\">\n\t\t\t\t<div class=\"elementor-widget-container\">\n\t\t\t\t\t<h2 class=\"elementor-heading-title elementor-size-default\">Director de Desarrollo<\/h2>\t\t\t\t<\/div>\n\t\t\t\t<\/div>\n\t\t\t\t\t<\/div>\n\t\t<\/div>\n\t\t\t\t<div class=\"elementor-column elementor-col-50 elementor-inner-column elementor-element elementor-element-0ff5b9c\" data-id=\"0ff5b9c\" data-element_type=\"column\" data-e-type=\"column\">\n\t\t\t<div class=\"elementor-widget-wrap elementor-element-populated\">\n\t\t\t\t\t\t<div class=\"elementor-element elementor-element-f557b95 elementor-align-left elementor-mobile-align-center elementor-widget elementor-widget-button\" data-id=\"f557b95\" data-element_type=\"widget\" data-e-type=\"widget\" data-widget_type=\"button.default\">\n\t\t\t\t<div class=\"elementor-widget-container\">\n\t\t\t\t\t\t\t\t\t<div class=\"elementor-button-wrapper\">\n\t\t\t\t\t<a class=\"elementor-button elementor-button-link elementor-size-sm\" href=\"https:\/\/castlerockconsulting.applytojob.com\/apply\/QLkLTfLysa\/Director-Of-Development?referrer=20230626141712XNWGQXVLWLBK3G0S\" target=\"_blank\">\n\t\t\t\t\t\t<span class=\"elementor-button-content-wrapper\">\n\t\t\t\t\t\t<span class=\"elementor-button-icon\">\n\t\t\t\t<i aria-hidden=\"true\" class=\"fab fa-wpforms\"><\/i>\t\t\t<\/span>\n\t\t\t\t\t\t\t\t\t<span class=\"elementor-button-text\">Solicitar ahora<\/span>\n\t\t\t\t\t<\/span>\n\t\t\t\t\t<\/a>\n\t\t\t\t<\/div>\n\t\t\t\t\t\t\t\t<\/div>\n\t\t\t\t<\/div>\n\t\t\t\t\t<\/div>\n\t\t<\/div>\n\t\t\t\t\t<\/div>\n\t\t<\/section>\n\t\t\t\t\t<\/div>\n\t\t<\/div>\n\t\t\t\t\t<\/div>\n\t\t<\/section>\n\t\t\t\t<section class=\"elementor-section elementor-top-section elementor-element elementor-element-14cf87f elementor-section-boxed elementor-section-height-default elementor-section-height-default\" data-id=\"14cf87f\" data-element_type=\"section\" data-e-type=\"section\">\n\t\t\t\t\t\t<div class=\"elementor-container elementor-column-gap-default\">\n\t\t\t\t\t<div class=\"elementor-column elementor-col-100 elementor-top-column elementor-element elementor-element-4ed7f70\" data-id=\"4ed7f70\" data-element_type=\"column\" data-e-type=\"column\">\n\t\t\t<div class=\"elementor-widget-wrap elementor-element-populated\">\n\t\t\t\t\t\t<div class=\"elementor-element elementor-element-b4aa89b elementor-widget elementor-widget-heading\" data-id=\"b4aa89b\" data-element_type=\"widget\" data-e-type=\"widget\" data-widget_type=\"heading.default\">\n\t\t\t\t<div class=\"elementor-widget-container\">\n\t\t\t\t\t<h3 class=\"elementor-heading-title elementor-size-default\">Resumen de responsabilidades clave<\/h3>\t\t\t\t<\/div>\n\t\t\t\t<\/div>\n\t\t\t\t<div class=\"elementor-element elementor-element-fba80ec elementor-widget elementor-widget-text-editor\" data-id=\"fba80ec\" data-element_type=\"widget\" data-e-type=\"widget\" data-widget_type=\"text-editor.default\">\n\t\t\t\t<div class=\"elementor-widget-container\">\n\t\t\t\t\t\t\t\t\t<ul>\n<li>Dise\u00f1a, implementa y gestiona todas las actividades de recaudaci\u00f3n de fondos para mantener y aumentar una base de financiaci\u00f3n s\u00f3lida y diversificada alineada con los objetivos de Renaissance.<\/li>\n<li>Redactar y\/o gestionar subvenciones, propuestas e informes para financiadores privados, corporativos y gubernamentales estatales\/locales.<br \/>Identificar, priorizar y buscar nuevas oportunidades de financiaci\u00f3n, empezando por subvenciones de organismos gubernamentales locales y estatales, pero tambi\u00e9n de empresas, fundaciones y posibles donantes de grandes donaciones.<\/li>\n<li>Supervisar las donaciones individuales y la campa\u00f1a anual. Identificar, cultivar y solicitar grandes donaciones en colaboraci\u00f3n con el Director General.<\/li>\n<li>Dirige la ejecuci\u00f3n del evento anual de recaudaci\u00f3n de fondos; desarrolla\/implementa eventos de cultivo de donantes m\u00e1s peque\u00f1os a lo largo del a\u00f1o.<\/li>\n<li>Garantizar una buena administraci\u00f3n de las actividades de desarrollo, incluidos: el calendario de desarrollo, la base de datos Salesforce, el mantenimiento de registros, las renovaciones de subvenciones, los informes de subvenciones y las comunicaciones con los donantes.<\/li>\n<li>Supervisar a dos empleados de desarrollo y a varios contratistas.<\/li>\n<li>Proporcionar liderazgo a la junta y a los comit\u00e9s voluntarios de recaudaci\u00f3n de fondos.<\/li>\n<li>Trabaja con el personal de marketing para promocionar el Renacimiento externamente.<\/li>\n<li>Gestiona, supervisa e informa sobre los objetivos y progresos relacionados con el presupuesto y las actividades\/resultados de la recaudaci\u00f3n de fondos.<\/li>\n<\/ul>\n\t\t\t\t\t\t\t\t<\/div>\n\t\t\t\t<\/div>\n\t\t\t\t\t<\/div>\n\t\t<\/div>\n\t\t\t\t\t<\/div>\n\t\t<\/section>\n\t\t\t\t<section class=\"elementor-section elementor-top-section elementor-element elementor-element-7cdd7c5 elementor-section-boxed elementor-section-height-default elementor-section-height-default\" data-id=\"7cdd7c5\" data-element_type=\"section\" data-e-type=\"section\">\n\t\t\t\t\t\t<div class=\"elementor-container elementor-column-gap-default\">\n\t\t\t\t\t<div class=\"elementor-column elementor-col-100 elementor-top-column elementor-element elementor-element-32cfe1e\" data-id=\"32cfe1e\" data-element_type=\"column\" data-e-type=\"column\">\n\t\t\t<div class=\"elementor-widget-wrap elementor-element-populated\">\n\t\t\t\t\t\t<div class=\"elementor-element elementor-element-58eb50d elementor-widget elementor-widget-heading\" data-id=\"58eb50d\" data-element_type=\"widget\" data-e-type=\"widget\" data-widget_type=\"heading.default\">\n\t\t\t\t<div class=\"elementor-widget-container\">\n\t\t\t\t\t<h3 class=\"elementor-heading-title elementor-size-default\">Resumen de cualificaciones clave<\/h3>\t\t\t\t<\/div>\n\t\t\t\t<\/div>\n\t\t\t\t<div class=\"elementor-element elementor-element-b2fa93b elementor-widget elementor-widget-text-editor\" data-id=\"b2fa93b\" data-element_type=\"widget\" data-e-type=\"widget\" data-widget_type=\"text-editor.default\">\n\t\t\t\t<div class=\"elementor-widget-container\">\n\t\t\t\t\t\t\t\t\t<ul>\n<li>Experiencia exitosa en la redacci\u00f3n de subvenciones para una amplia gama de financiadores, incluida la administraci\u00f3n estatal\/local.<\/li>\n<li>Experiencia en la planificaci\u00f3n y ejecuci\u00f3n de campa\u00f1as de donantes individuales, incluida la identificaci\u00f3n y el cultivo de donantes de grandes donativos.<\/li>\n<li>Se prefiere la experiencia en la planificaci\u00f3n de eventos de \u00e9xito para diversos p\u00fablicos y objetivos de desarrollo.<\/li>\n<li>Excelentes dotes de redacci\u00f3n, preferiblemente con experiencia en la redacci\u00f3n de comunicaciones para una serie de canales, audiencias y prop\u00f3sitos.<\/li>\n<li>Excelentes habilidades de comunicaci\u00f3n oral, con capacidad para cultivar la conexi\u00f3n en persona, por tel\u00e9fono y por v\u00eddeo.<\/li>\n<li>Capacidad demostrada para gestionar m\u00faltiples proyectos y plazos simult\u00e1neamente, manteniendo la organizaci\u00f3n y la atenci\u00f3n al detalle.<\/li>\n<li>Capacidad demostrada para trabajar de forma independiente y tomar decisiones tanto estrat\u00e9gicas como t\u00e1cticas con sensibilidad al impacto de las partes interesadas.<\/li>\n<li>Dominio del software de gesti\u00f3n de donantes o equivalente. Se prefiere el dominio de Microsoft Office.<\/li>\n<li>Capacidad para reunirse con donantes y visitar de forma rutinaria las sedes locales de los programas del \u00c1rea de la Bah\u00eda.<\/li>\n<li>Preferiblemente, experiencia dirigiendo equipos y\/o gestionando personal y contratistas.<\/li>\n<li>Preferiblemente licenciatura o equivalente.<\/li>\n<\/ul>\n\t\t\t\t\t\t\t\t<\/div>\n\t\t\t\t<\/div>\n\t\t\t\t\t<\/div>\n\t\t<\/div>\n\t\t\t\t\t<\/div>\n\t\t<\/section>\n\t\t\t\t<\/div>\n\t\t","protected":false},"excerpt":{"rendered":"<p>T\u00edtulo del puesto: Director de Desarrollo Localizaci\u00f3n: San Francisco, CA Horario: Tiempo Completo Experiencia: 5 a\u00f1os Informaci\u00f3n general Buscamos un [&hellip;]<\/p>\n","protected":false},"author":40,"featured_media":0,"parent":81925,"menu_order":0,"comment_status":"closed","ping_status":"closed","template":"elementor_header_footer","meta":{"_acf_changed":false,"_eb_attr":"","inline_featured_image":false,"footnotes":""},"class_list":["post-81931","page","type-page","status-publish","hentry"],"acf":[],"yoast_head":"<!-- This site is optimized with the Yoast SEO plugin v27.2 - https:\/\/yoast.com\/product\/yoast-seo-wordpress\/ -->\n<title>Director de Desarrollo | Renaissance Entrepreneurship Center<\/title>\n<meta name=\"description\" content=\"\u00danete como Director de Desarrollo. Impulsar nuestra misi\u00f3n en favor del esp\u00edritu empresarial y la equidad. \u00a1Presenta tu candidatura ahora y consigue un impacto significativo!\" \/>\n<meta name=\"robots\" content=\"index, follow, max-snippet:-1, max-image-preview:large, max-video-preview:-1\" \/>\n<link rel=\"canonical\" href=\"https:\/\/rencenter.org\/es\/empleo\/director-de-desarrollo\/\" \/>\n<meta property=\"og:locale\" content=\"es_ES\" \/>\n<meta property=\"og:type\" content=\"article\" \/>\n<meta property=\"og:title\" content=\"Director de Desarrollo | Renaissance Entrepreneurship Center\" \/>\n<meta property=\"og:description\" content=\"\u00danete como Director de Desarrollo. Impulsar nuestra misi\u00f3n en favor del esp\u00edritu empresarial y la equidad. \u00a1Presenta tu candidatura ahora y consigue un impacto significativo!\" \/>\n<meta property=\"og:url\" content=\"https:\/\/rencenter.org\/es\/empleo\/director-de-desarrollo\/\" \/>\n<meta property=\"og:site_name\" content=\"Renaissance Entrepreneurship Center\" \/>\n<meta property=\"article:publisher\" content=\"https:\/\/www.facebook.com\/RenaissanceEntrepreneurshipCenter\" \/>\n<meta property=\"article:modified_time\" content=\"2024-05-10T05:39:27+00:00\" \/>\n<meta property=\"og:image\" content=\"https:\/\/rencenter.org\/wp-content\/uploads\/2023\/11\/certified-women-banner.jpg\" \/>\n\t<meta property=\"og:image:width\" content=\"1350\" \/>\n\t<meta property=\"og:image:height\" content=\"823\" \/>\n\t<meta property=\"og:image:type\" content=\"image\/jpeg\" \/>\n<meta name=\"twitter:card\" content=\"summary_large_image\" \/>\n<meta name=\"twitter:site\" content=\"@RenCenter_\" \/>\n<meta name=\"twitter:label1\" content=\"Tiempo de lectura\" \/>\n\t<meta name=\"twitter:data1\" content=\"4 minutos\" \/>\n<script type=\"application\/ld+json\" class=\"yoast-schema-graph\">{\"@context\":\"https:\/\/schema.org\",\"@graph\":[{\"@type\":\"WebPage\",\"@id\":\"https:\/\/rencenter.org\/es\/empleo\/director-de-desarrollo\/\",\"url\":\"https:\/\/rencenter.org\/es\/empleo\/director-de-desarrollo\/\",\"name\":\"Director de Desarrollo | Renaissance Entrepreneurship Center\",\"isPartOf\":{\"@id\":\"https:\/\/rencenter.org\/es\/#website\"},\"datePublished\":\"2023-07-20T11:44:16+00:00\",\"dateModified\":\"2024-05-10T05:39:27+00:00\",\"description\":\"\u00danete como Director de Desarrollo. Impulsar nuestra misi\u00f3n en favor del esp\u00edritu empresarial y la equidad. \u00a1Presenta tu candidatura ahora y consigue un impacto significativo!\",\"breadcrumb\":{\"@id\":\"https:\/\/rencenter.org\/es\/empleo\/director-de-desarrollo\/#breadcrumb\"},\"inLanguage\":\"es\",\"potentialAction\":[{\"@type\":\"ReadAction\",\"target\":[\"https:\/\/rencenter.org\/es\/empleo\/director-de-desarrollo\/\"]}]},{\"@type\":\"BreadcrumbList\",\"@id\":\"https:\/\/rencenter.org\/es\/empleo\/director-de-desarrollo\/#breadcrumb\",\"itemListElement\":[{\"@type\":\"ListItem\",\"position\":1,\"name\":\"Home\",\"item\":\"https:\/\/rencenter.org\/es\/\"},{\"@type\":\"ListItem\",\"position\":2,\"name\":\"Empleo\",\"item\":\"https:\/\/rencenter.org\/es\/careers\/\"},{\"@type\":\"ListItem\",\"position\":3,\"name\":\"Director de Desarrollo\"}]},{\"@type\":\"WebSite\",\"@id\":\"https:\/\/rencenter.org\/es\/#website\",\"url\":\"https:\/\/rencenter.org\/es\/\",\"name\":\"Renaissance Entrepreneurship Center\",\"description\":\"Transforming lives and communities through entrepreneurship\",\"publisher\":{\"@id\":\"https:\/\/rencenter.org\/es\/#organization\"},\"potentialAction\":[{\"@type\":\"SearchAction\",\"target\":{\"@type\":\"EntryPoint\",\"urlTemplate\":\"https:\/\/rencenter.org\/es\/?s={search_term_string}\"},\"query-input\":{\"@type\":\"PropertyValueSpecification\",\"valueRequired\":true,\"valueName\":\"search_term_string\"}}],\"inLanguage\":\"es\"},{\"@type\":\"Organization\",\"@id\":\"https:\/\/rencenter.org\/es\/#organization\",\"name\":\"Renaissance Entrepreneurship Center\",\"url\":\"https:\/\/rencenter.org\/es\/\",\"logo\":{\"@type\":\"ImageObject\",\"inLanguage\":\"es\",\"@id\":\"https:\/\/rencenter.org\/es\/#\/schema\/logo\/image\/\",\"url\":\"http:\/\/rencenter.org\/wp-content\/uploads\/2024\/01\/rencenter.png\",\"contentUrl\":\"http:\/\/rencenter.org\/wp-content\/uploads\/2024\/01\/rencenter.png\",\"width\":1080,\"height\":1080,\"caption\":\"Renaissance Entrepreneurship Center\"},\"image\":{\"@id\":\"https:\/\/rencenter.org\/es\/#\/schema\/logo\/image\/\"},\"sameAs\":[\"https:\/\/www.facebook.com\/RenaissanceEntrepreneurshipCenter\",\"https:\/\/x.com\/RenCenter_\"]}]}<\/script>\n<!-- \/ Yoast SEO plugin. -->","yoast_head_json":{"title":"Director de Desarrollo | Renaissance Entrepreneurship Center","description":"\u00danete como Director de Desarrollo. Impulsar nuestra misi\u00f3n en favor del esp\u00edritu empresarial y la equidad. \u00a1Presenta tu candidatura ahora y consigue un impacto significativo!","robots":{"index":"index","follow":"follow","max-snippet":"max-snippet:-1","max-image-preview":"max-image-preview:large","max-video-preview":"max-video-preview:-1"},"canonical":"https:\/\/rencenter.org\/es\/empleo\/director-de-desarrollo\/","og_locale":"es_ES","og_type":"article","og_title":"Director de Desarrollo | Renaissance Entrepreneurship Center","og_description":"\u00danete como Director de Desarrollo. Impulsar nuestra misi\u00f3n en favor del esp\u00edritu empresarial y la equidad. \u00a1Presenta tu candidatura ahora y consigue un impacto significativo!","og_url":"https:\/\/rencenter.org\/es\/empleo\/director-de-desarrollo\/","og_site_name":"Renaissance Entrepreneurship Center","article_publisher":"https:\/\/www.facebook.com\/RenaissanceEntrepreneurshipCenter","article_modified_time":"2024-05-10T05:39:27+00:00","og_image":[{"width":1350,"height":823,"url":"https:\/\/rencenter.org\/wp-content\/uploads\/2023\/11\/certified-women-banner.jpg","type":"image\/jpeg"}],"twitter_card":"summary_large_image","twitter_site":"@RenCenter_","twitter_misc":{"Tiempo de lectura":"4 minutos"},"schema":{"@context":"https:\/\/schema.org","@graph":[{"@type":"WebPage","@id":"https:\/\/rencenter.org\/es\/empleo\/director-de-desarrollo\/","url":"https:\/\/rencenter.org\/es\/empleo\/director-de-desarrollo\/","name":"Director de Desarrollo | Renaissance Entrepreneurship Center","isPartOf":{"@id":"https:\/\/rencenter.org\/es\/#website"},"datePublished":"2023-07-20T11:44:16+00:00","dateModified":"2024-05-10T05:39:27+00:00","description":"\u00danete como Director de Desarrollo. Impulsar nuestra misi\u00f3n en favor del esp\u00edritu empresarial y la equidad. \u00a1Presenta tu candidatura ahora y consigue un impacto significativo!","breadcrumb":{"@id":"https:\/\/rencenter.org\/es\/empleo\/director-de-desarrollo\/#breadcrumb"},"inLanguage":"es","potentialAction":[{"@type":"ReadAction","target":["https:\/\/rencenter.org\/es\/empleo\/director-de-desarrollo\/"]}]},{"@type":"BreadcrumbList","@id":"https:\/\/rencenter.org\/es\/empleo\/director-de-desarrollo\/#breadcrumb","itemListElement":[{"@type":"ListItem","position":1,"name":"Home","item":"https:\/\/rencenter.org\/es\/"},{"@type":"ListItem","position":2,"name":"Empleo","item":"https:\/\/rencenter.org\/es\/careers\/"},{"@type":"ListItem","position":3,"name":"Director de Desarrollo"}]},{"@type":"WebSite","@id":"https:\/\/rencenter.org\/es\/#website","url":"https:\/\/rencenter.org\/es\/","name":"Renaissance Entrepreneurship Center","description":"Transforming lives and communities through entrepreneurship","publisher":{"@id":"https:\/\/rencenter.org\/es\/#organization"},"potentialAction":[{"@type":"SearchAction","target":{"@type":"EntryPoint","urlTemplate":"https:\/\/rencenter.org\/es\/?s={search_term_string}"},"query-input":{"@type":"PropertyValueSpecification","valueRequired":true,"valueName":"search_term_string"}}],"inLanguage":"es"},{"@type":"Organization","@id":"https:\/\/rencenter.org\/es\/#organization","name":"Renaissance Entrepreneurship Center","url":"https:\/\/rencenter.org\/es\/","logo":{"@type":"ImageObject","inLanguage":"es","@id":"https:\/\/rencenter.org\/es\/#\/schema\/logo\/image\/","url":"http:\/\/rencenter.org\/wp-content\/uploads\/2024\/01\/rencenter.png","contentUrl":"http:\/\/rencenter.org\/wp-content\/uploads\/2024\/01\/rencenter.png","width":1080,"height":1080,"caption":"Renaissance Entrepreneurship Center"},"image":{"@id":"https:\/\/rencenter.org\/es\/#\/schema\/logo\/image\/"},"sameAs":["https:\/\/www.facebook.com\/RenaissanceEntrepreneurshipCenter","https:\/\/x.com\/RenCenter_"]}]}},"_links":{"self":[{"href":"https:\/\/rencenter.org\/es\/wp-json\/wp\/v2\/pages\/81931","targetHints":{"allow":["GET"]}}],"collection":[{"href":"https:\/\/rencenter.org\/es\/wp-json\/wp\/v2\/pages"}],"about":[{"href":"https:\/\/rencenter.org\/es\/wp-json\/wp\/v2\/types\/page"}],"author":[{"embeddable":true,"href":"https:\/\/rencenter.org\/es\/wp-json\/wp\/v2\/users\/40"}],"replies":[{"embeddable":true,"href":"https:\/\/rencenter.org\/es\/wp-json\/wp\/v2\/comments?post=81931"}],"version-history":[{"count":0,"href":"https:\/\/rencenter.org\/es\/wp-json\/wp\/v2\/pages\/81931\/revisions"}],"up":[{"embeddable":true,"href":"https:\/\/rencenter.org\/es\/wp-json\/wp\/v2\/pages\/81925"}],"wp:attachment":[{"href":"https:\/\/rencenter.org\/es\/wp-json\/wp\/v2\/media?parent=81931"}],"curies":[{"name":"wp","href":"https:\/\/api.w.org\/{rel}","templated":true}]}}