{"id":81929,"date":"2023-08-23T04:31:33","date_gmt":"2023-08-23T11:31:33","guid":{"rendered":"https:\/empleo\/contable\/"},"modified":"2024-05-09T22:39:27","modified_gmt":"2024-05-10T05:39:27","slug":"contable","status":"publish","type":"page","link":"https:\/\/rencenter.org\/es\/empleo\/contable\/","title":{"rendered":"Contable"},"content":{"rendered":"\t\t<div data-elementor-type=\"wp-page\" data-elementor-id=\"81929\" class=\"elementor elementor-81929 elementor-70865\" data-elementor-post-type=\"page\">\n\t\t\t\t\t\t<section class=\"elementor-section elementor-top-section elementor-element elementor-element-655976f8 elementor-section-full_width elementor-section-height-default elementor-section-height-default\" data-id=\"655976f8\" data-element_type=\"section\" data-e-type=\"section\">\n\t\t\t\t\t\t<div class=\"elementor-container elementor-column-gap-no\">\n\t\t\t\t\t<div class=\"elementor-column elementor-col-100 elementor-top-column elementor-element elementor-element-72ebb8b7\" data-id=\"72ebb8b7\" data-element_type=\"column\" data-e-type=\"column\">\n\t\t\t<div class=\"elementor-widget-wrap elementor-element-populated\">\n\t\t\t\t\t\t<div class=\"elementor-element elementor-element-75cffa77 elementor-widget elementor-widget-template\" data-id=\"75cffa77\" data-element_type=\"widget\" data-e-type=\"widget\" data-widget_type=\"template.default\">\n\t\t\t\t<div class=\"elementor-widget-container\">\n\t\t\t\t\t\t\t<div class=\"elementor-template\">\n\t\t\t\t\t<div data-elementor-type=\"page\" data-elementor-id=\"70156\" class=\"elementor elementor-70156\" data-elementor-post-type=\"elementor_library\">\n\t\t\t\t\t\t<section class=\"elementor-section elementor-top-section elementor-element elementor-element-963efc5 elementor-section-boxed elementor-section-height-default elementor-section-height-default\" data-id=\"963efc5\" data-element_type=\"section\" data-e-type=\"section\" data-settings=\"{&quot;background_background&quot;:&quot;classic&quot;}\">\n\t\t\t\t\t\t\t<div class=\"elementor-background-overlay\"><\/div>\n\t\t\t\t\t\t\t<div class=\"elementor-container elementor-column-gap-default\">\n\t\t\t\t\t<div class=\"elementor-column elementor-col-100 elementor-top-column elementor-element elementor-element-d1378b0\" data-id=\"d1378b0\" data-element_type=\"column\" data-e-type=\"column\">\n\t\t\t<div class=\"elementor-widget-wrap elementor-element-populated\">\n\t\t\t\t\t\t<div class=\"elementor-element elementor-element-fa102dd elementor-widget elementor-widget-theme-post-title elementor-page-title elementor-widget-heading\" data-id=\"fa102dd\" data-element_type=\"widget\" data-e-type=\"widget\" data-widget_type=\"theme-post-title.default\">\n\t\t\t\t<div class=\"elementor-widget-container\">\n\t\t\t\t\t<h1 class=\"elementor-heading-title elementor-size-default\">Contable<\/h1>\t\t\t\t<\/div>\n\t\t\t\t<\/div>\n\t\t\t\t\t<\/div>\n\t\t<\/div>\n\t\t\t\t\t<\/div>\n\t\t<\/section>\n\t\t\t\t<\/div>\n\t\t\t\t<\/div>\n\t\t\t\t\t\t<\/div>\n\t\t\t\t<\/div>\n\t\t\t\t\t<\/div>\n\t\t<\/div>\n\t\t\t\t\t<\/div>\n\t\t<\/section>\n\t\t\t\t<section class=\"elementor-section elementor-top-section elementor-element elementor-element-2857d95 elementor-section-boxed elementor-section-height-default elementor-section-height-default\" data-id=\"2857d95\" data-element_type=\"section\" data-e-type=\"section\" data-settings=\"{&quot;background_background&quot;:&quot;classic&quot;}\">\n\t\t\t\t\t\t<div class=\"elementor-container elementor-column-gap-default\">\n\t\t\t\t\t<div class=\"elementor-column elementor-col-100 elementor-top-column elementor-element elementor-element-45d71b5\" data-id=\"45d71b5\" data-element_type=\"column\" data-e-type=\"column\">\n\t\t\t<div class=\"elementor-widget-wrap elementor-element-populated\">\n\t\t\t\t\t\t<div class=\"elementor-element elementor-element-8402d5d elementor-widget elementor-widget-text-editor\" data-id=\"8402d5d\" data-element_type=\"widget\" data-e-type=\"widget\" data-widget_type=\"text-editor.default\">\n\t\t\t\t<div class=\"elementor-widget-container\">\n\t\t\t\t\t\t\t\t\t<p><strong>Puesto:<\/strong> Contable<\/p>\n<p><strong>Localizaci\u00f3n:<\/strong> San Francisco, CA<\/p>\n<p><strong>Horario:<\/strong> Tiempo Completo<\/p>\n<p><strong>Experiencia:<\/strong> Nivel medio<\/p>\n\t\t\t\t\t\t\t\t<\/div>\n\t\t\t\t<\/div>\n\t\t\t\t<div class=\"elementor-element elementor-element-5e2aa93 elementor-widget elementor-widget-heading\" data-id=\"5e2aa93\" data-element_type=\"widget\" data-e-type=\"widget\" data-widget_type=\"heading.default\">\n\t\t\t\t<div class=\"elementor-widget-container\">\n\t\t\t\t\t<h3 class=\"elementor-heading-title elementor-size-default\">Informaci\u00f3n general<\/h3>\t\t\t\t<\/div>\n\t\t\t\t<\/div>\n\t\t\t\t<div class=\"elementor-element elementor-element-6885d96 elementor-widget__width-initial elementor-widget elementor-widget-text-editor\" data-id=\"6885d96\" data-element_type=\"widget\" data-e-type=\"widget\" data-widget_type=\"text-editor.default\">\n\t\t\t\t<div class=\"elementor-widget-container\">\n\t\t\t\t\t\t\t\t\t<p>\u00bfQuieres un entorno de equipo positivo, donde puedas utilizar y ampliar tus conocimientos de contabilidad? Estamos buscando un Asociado de Contabilidad para procesar AP, entradas de diario, conciliaciones y tareas contables relacionadas. Somos una pr\u00f3spera organizaci\u00f3n sin \u00e1nimo de lucro de 6,7 millones de d\u00f3lares que promueve el esp\u00edritu empresarial entre las personas con menos ingresos. Ofrecemos trabajo h\u00edbrido (parcialmente a distancia), excelentes prestaciones y una remuneraci\u00f3n de entre 80.000 y 85.000 d\u00f3lares al a\u00f1o. Nuestro candidato ideal tendr\u00e1 al menos dos a\u00f1os de experiencia relacionada, estar\u00e1 muy orientado a los detalles y tendr\u00e1 ganas de aprender y contribuir a algo especial.<\/p>\n<p>Somos el Centro de Iniciativa Empresarial del Renacimiento<a href=\"https:\/\">(www.rencenter.org)<\/a>. Ayudamos a mujeres y hombres desfavorecidos a crear y desarrollar sus propias empresas. El resultado: vidas transformadas, empleos sostenibles, vitalidad econ\u00f3mica y barrios vibrantes. Con sede en SanFrancisco (SoMa), tenemos otras sedes del programa (Richmond, distrito Bayview de San Francisco, sur de San Francisco, San Mateo, San Jos\u00e9 y Palo Alto Este), y prestamos servicios en toda la zona de la Bah\u00eda. Nuestra diversa fuente de financiaci\u00f3n incluye honorarios por servicios, 45 subvenciones p\u00fablicas, subvenciones de empresas y fundaciones, y aportaciones de particulares.<\/p>\n\t\t\t\t\t\t\t\t<\/div>\n\t\t\t\t<\/div>\n\t\t\t\t\t<\/div>\n\t\t<\/div>\n\t\t\t\t\t<\/div>\n\t\t<\/section>\n\t\t\t\t<section class=\"elementor-section elementor-top-section elementor-element elementor-element-8688d2c elementor-section-boxed elementor-section-height-default elementor-section-height-default\" data-id=\"8688d2c\" data-element_type=\"section\" data-e-type=\"section\" data-settings=\"{&quot;background_background&quot;:&quot;classic&quot;}\">\n\t\t\t\t\t\t<div class=\"elementor-container elementor-column-gap-default\">\n\t\t\t\t\t<div class=\"elementor-column elementor-col-100 elementor-top-column elementor-element elementor-element-2f7b616\" data-id=\"2f7b616\" data-element_type=\"column\" data-e-type=\"column\">\n\t\t\t<div class=\"elementor-widget-wrap elementor-element-populated\">\n\t\t\t\t\t\t<section class=\"elementor-section elementor-inner-section elementor-element elementor-element-6111df1 elementor-section-boxed elementor-section-height-default elementor-section-height-default\" data-id=\"6111df1\" data-element_type=\"section\" data-e-type=\"section\" data-settings=\"{&quot;background_background&quot;:&quot;classic&quot;}\">\n\t\t\t\t\t\t<div class=\"elementor-container elementor-column-gap-default\">\n\t\t\t\t\t<div class=\"elementor-column elementor-col-50 elementor-inner-column elementor-element elementor-element-af74205\" data-id=\"af74205\" data-element_type=\"column\" data-e-type=\"column\">\n\t\t\t<div class=\"elementor-widget-wrap elementor-element-populated\">\n\t\t\t\t\t\t<div class=\"elementor-element elementor-element-f242aa2 elementor-widget elementor-widget-heading\" data-id=\"f242aa2\" data-element_type=\"widget\" data-e-type=\"widget\" data-widget_type=\"heading.default\">\n\t\t\t\t<div class=\"elementor-widget-container\">\n\t\t\t\t\t<h2 class=\"elementor-heading-title elementor-size-default\">Contable<\/h2>\t\t\t\t<\/div>\n\t\t\t\t<\/div>\n\t\t\t\t\t<\/div>\n\t\t<\/div>\n\t\t\t\t<div class=\"elementor-column elementor-col-50 elementor-inner-column elementor-element elementor-element-0ff5b9c\" data-id=\"0ff5b9c\" data-element_type=\"column\" data-e-type=\"column\">\n\t\t\t<div class=\"elementor-widget-wrap elementor-element-populated\">\n\t\t\t\t\t\t<div class=\"elementor-element elementor-element-f557b95 elementor-align-left elementor-mobile-align-center elementor-widget elementor-widget-button\" data-id=\"f557b95\" data-element_type=\"widget\" data-e-type=\"widget\" data-widget_type=\"button.default\">\n\t\t\t\t<div class=\"elementor-widget-container\">\n\t\t\t\t\t\t\t\t\t<div class=\"elementor-button-wrapper\">\n\t\t\t\t\t<a class=\"elementor-button elementor-button-link elementor-size-sm\" href=\"https:\/\/castlerockconsulting.applytojob.com\/apply\/EHs50TVSgF\/Accountant\" target=\"_blank\">\n\t\t\t\t\t\t<span class=\"elementor-button-content-wrapper\">\n\t\t\t\t\t\t<span class=\"elementor-button-icon\">\n\t\t\t\t<i aria-hidden=\"true\" class=\"fab fa-wpforms\"><\/i>\t\t\t<\/span>\n\t\t\t\t\t\t\t\t\t<span class=\"elementor-button-text\">Solicitar ahora<\/span>\n\t\t\t\t\t<\/span>\n\t\t\t\t\t<\/a>\n\t\t\t\t<\/div>\n\t\t\t\t\t\t\t\t<\/div>\n\t\t\t\t<\/div>\n\t\t\t\t\t<\/div>\n\t\t<\/div>\n\t\t\t\t\t<\/div>\n\t\t<\/section>\n\t\t\t\t\t<\/div>\n\t\t<\/div>\n\t\t\t\t\t<\/div>\n\t\t<\/section>\n\t\t\t\t<section class=\"elementor-section elementor-top-section elementor-element elementor-element-14cf87f elementor-section-boxed elementor-section-height-default elementor-section-height-default\" data-id=\"14cf87f\" data-element_type=\"section\" data-e-type=\"section\">\n\t\t\t\t\t\t<div class=\"elementor-container elementor-column-gap-default\">\n\t\t\t\t\t<div class=\"elementor-column elementor-col-100 elementor-top-column elementor-element elementor-element-4ed7f70\" data-id=\"4ed7f70\" data-element_type=\"column\" data-e-type=\"column\">\n\t\t\t<div class=\"elementor-widget-wrap elementor-element-populated\">\n\t\t\t\t\t\t<div class=\"elementor-element elementor-element-b4aa89b elementor-widget elementor-widget-heading\" data-id=\"b4aa89b\" data-element_type=\"widget\" data-e-type=\"widget\" data-widget_type=\"heading.default\">\n\t\t\t\t<div class=\"elementor-widget-container\">\n\t\t\t\t\t<h3 class=\"elementor-heading-title elementor-size-default\">Funciones y responsabilidades clave<\/h3>\t\t\t\t<\/div>\n\t\t\t\t<\/div>\n\t\t\t\t<div class=\"elementor-element elementor-element-fba80ec elementor-widget elementor-widget-text-editor\" data-id=\"fba80ec\" data-element_type=\"widget\" data-e-type=\"widget\" data-widget_type=\"text-editor.default\">\n\t\t\t\t<div class=\"elementor-widget-container\">\n\t\t\t\t\t\t\t\t\t<p>Nuestro equipo de Finanzas y Contabilidad, formado por 4 personas, tiene su sede en nuestra oficina de San Francisco South of Market (SOMA), y trabajamos 3 d\u00edas a la semana en ese lugar. Renaissance hace un seguimiento de los gastos de 45 subvenciones p\u00fablicas (federales, estatales y locales), adem\u00e1s de subvenciones de empresas y fundaciones. El Asociado Contable ser\u00e1 responsable de:<\/p>\n\t\t\t\t\t\t\t\t<\/div>\n\t\t\t\t<\/div>\n\t\t\t\t<div class=\"elementor-element elementor-element-011f0b4 elementor-widget elementor-widget-text-editor\" data-id=\"011f0b4\" data-element_type=\"widget\" data-e-type=\"widget\" data-widget_type=\"text-editor.default\">\n\t\t\t\t<div class=\"elementor-widget-container\">\n\t\t\t\t\t\t\t\t\t<ul>\n \t<li>Cuentas a pagar<\/li>\n<li>Asientos<\/li>\n<li>Conciliaci\u00f3n de las cuentas asignadas<\/li>\n<li>Asistencia en las transacciones bancarias<\/li>\n<li>Apoyo e informes de fin de mes<\/li>\n<li>Preparaci\u00f3n de planillas auxiliares con fines de auditor\u00eda<\/li>\n<li>Apoyar los controles internos<\/li>\n<li>Ayudar con la facturaci\u00f3n de subvenciones y otros aspectos de Finanzas y Contabilidad seg\u00fan sea necesario.<\/li>\n<li>Contribuir a la evaluaci\u00f3n de los m\u00e9todos y procesos actuales, incluido el desarrollo y la mejora de los procesos.<\/li>\n<\/ul>\t\t\t\t\t\t\t\t<\/div>\n\t\t\t\t<\/div>\n\t\t\t\t\t<\/div>\n\t\t<\/div>\n\t\t\t\t\t<\/div>\n\t\t<\/section>\n\t\t\t\t<section class=\"elementor-section elementor-top-section elementor-element elementor-element-7cdd7c5 elementor-section-boxed elementor-section-height-default elementor-section-height-default\" data-id=\"7cdd7c5\" data-element_type=\"section\" data-e-type=\"section\">\n\t\t\t\t\t\t<div class=\"elementor-container elementor-column-gap-default\">\n\t\t\t\t\t<div class=\"elementor-column elementor-col-100 elementor-top-column elementor-element elementor-element-32cfe1e\" data-id=\"32cfe1e\" data-element_type=\"column\" data-e-type=\"column\">\n\t\t\t<div class=\"elementor-widget-wrap elementor-element-populated\">\n\t\t\t\t\t\t<div class=\"elementor-element elementor-element-58eb50d elementor-widget elementor-widget-heading\" data-id=\"58eb50d\" data-element_type=\"widget\" data-e-type=\"widget\" data-widget_type=\"heading.default\">\n\t\t\t\t<div class=\"elementor-widget-container\">\n\t\t\t\t\t<h3 class=\"elementor-heading-title elementor-size-default\">Cualificaciones clave<\/h3>\t\t\t\t<\/div>\n\t\t\t\t<\/div>\n\t\t\t\t<div class=\"elementor-element elementor-element-b2fa93b elementor-widget elementor-widget-text-editor\" data-id=\"b2fa93b\" data-element_type=\"widget\" data-e-type=\"widget\" data-widget_type=\"text-editor.default\">\n\t\t\t\t<div class=\"elementor-widget-container\">\n\t\t\t\t\t\t\t\t\t<p>El candidato ideal se sentir\u00e1 inspirado por la misi\u00f3n de Renaissance, y aportar\u00e1 conocimientos de contabilidad, sentido del humor y pasi\u00f3n por formar parte de un equipo altamente productivo. Las cualificaciones clave incluyen:<\/p>\n\t\t\t\t\t\t\t\t<\/div>\n\t\t\t\t<\/div>\n\t\t\t\t<div class=\"elementor-element elementor-element-0634163 elementor-widget elementor-widget-text-editor\" data-id=\"0634163\" data-element_type=\"widget\" data-e-type=\"widget\" data-widget_type=\"text-editor.default\">\n\t\t\t\t<div class=\"elementor-widget-container\">\n\t\t\t\t\t\t\t\t\t<ul>\n \t<li>Al menos 2 a\u00f1os de experiencia relacionada con la contabilidad demostrando s\u00f3lidos conocimientos contables y \u00e9xito trabajando en colaboraci\u00f3n en un equipo contable.<\/li>\n<li>Compromiso de trabajar juntos 2-3 d\u00edas\/semana en la oficina de SF (cerca de BART). Otros d\u00edas se puede trabajar desde casa o desde una de nuestras 5 sedes de la zona de la bah\u00eda.<\/li>\n<li>Familiaridad con las finanzas de empresas y organizaciones sin \u00e1nimo de lucro; se prefiere trabajar con requisitos de subvenciones gubernamentales<\/li>\n<li>Se prefiere la experiencia en contabilidad de organizaciones sin \u00e1nimo de lucro o en subvenciones.<\/li>\n<li>Gran atenci\u00f3n al detalle y conocimientos t\u00e9cnicos de contabilidad.<\/li>\n<li>Se prefiere la experiencia con Sage Intacct u otro software de contabilidad similar.<\/li>\n<li>Dominio de Excel y de las aplicaciones de Microsoft Office. Se valorar\u00e1 el dominio de Google Drive, Bill.com o Monday.com.<\/li>\n<li>Experiencia y aprecio por el trabajo en colaboraci\u00f3n con colegas no financieros en la resoluci\u00f3n de problemas, la creaci\u00f3n de eficiencias y el mantenimiento de un equipo de contabilidad din\u00e1mico y ocupado que funcione sin problemas.<\/li>\n<li>AA en Contabilidad, Finanzas o Gesti\u00f3n. Preferiblemente licenciatura.<\/li>\n<\/ul>\t\t\t\t\t\t\t\t<\/div>\n\t\t\t\t<\/div>\n\t\t\t\t<div class=\"elementor-element elementor-element-1056382 elementor-widget elementor-widget-text-editor\" data-id=\"1056382\" data-element_type=\"widget\" data-e-type=\"widget\" data-widget_type=\"text-editor.default\">\n\t\t\t\t<div class=\"elementor-widget-container\">\n\t\t\t\t\t\t\t\t\t<p><em>Renaissance cree en la dignidad y los derechos de todas las personas. Somos una empresa que ofrece igualdad de oportunidades; animamos a personas de diversos or\u00edgenes a que presenten su candidatura.  <\/em><\/p>\n<p><em>Renaissance est\u00e1 comprometido con la diversidad y la inclusi\u00f3n en lo que respecta a la edad, la condici\u00f3n de SIDA\/VIH, la ascendencia, el color, el credo, la discapacidad, la condici\u00f3n de pareja de hecho, el origen \u00e9tnico, la identidad de g\u00e9nero (condici\u00f3n de transexual), el estado civil, la condici\u00f3n m\u00e9dica, el origen nacional, la raza, la religi\u00f3n, la orientaci\u00f3n sexual, las capacidades f\u00edsicas, la altura y el peso, y la condici\u00f3n de veterano. Renaissance tiene en cuenta a todos los solicitantes de empleo cualificados y cumple la Ordenanza de Oportunidades Justas de San Francisco al abordar los antecedentes de arrestos y condenas en las decisiones de contrataci\u00f3n.<\/em><\/p>\n\t\t\t\t\t\t\t\t<\/div>\n\t\t\t\t<\/div>\n\t\t\t\t\t<\/div>\n\t\t<\/div>\n\t\t\t\t\t<\/div>\n\t\t<\/section>\n\t\t\t\t<\/div>\n\t\t","protected":false},"excerpt":{"rendered":"<p>Puesto: Contable Localizaci\u00f3n: San Francisco, CA Horario: Tiempo Completo Experiencia: Nivel medio Informaci\u00f3n general \u00bfQuieres un entorno de equipo positivo, [&hellip;]<\/p>\n","protected":false},"author":40,"featured_media":0,"parent":81925,"menu_order":0,"comment_status":"closed","ping_status":"closed","template":"elementor_header_footer","meta":{"_acf_changed":false,"_eb_attr":"","inline_featured_image":false,"footnotes":""},"class_list":["post-81929","page","type-page","status-publish","hentry"],"acf":[],"yoast_head":"<!-- This site is optimized with the Yoast SEO plugin v27.5 - https:\/\/yoast.com\/product\/yoast-seo-wordpress\/ -->\n<title>Contable | Renaissance Entrepreneurship Center<\/title>\n<meta name=\"description\" content=\"\u00danete a nosotros como Contable. Contribuir a fomentar el esp\u00edritu empresarial y la equidad. \u00a1Solicita el puesto ahora y marca la diferencia!\" \/>\n<meta name=\"robots\" content=\"index, follow, max-snippet:-1, max-image-preview:large, max-video-preview:-1\" \/>\n<link rel=\"canonical\" href=\"https:\/\/rencenter.org\/es\/empleo\/contable\/\" \/>\n<meta property=\"og:locale\" content=\"es_ES\" \/>\n<meta property=\"og:type\" content=\"article\" \/>\n<meta property=\"og:title\" content=\"Contable | Renaissance Entrepreneurship Center\" \/>\n<meta property=\"og:description\" content=\"\u00danete a nosotros como Contable. Contribuir a fomentar el esp\u00edritu empresarial y la equidad. \u00a1Solicita el puesto ahora y marca la diferencia!\" \/>\n<meta property=\"og:url\" content=\"https:\/\/rencenter.org\/es\/empleo\/contable\/\" \/>\n<meta property=\"og:site_name\" content=\"Renaissance Entrepreneurship Center\" \/>\n<meta property=\"article:publisher\" content=\"https:\/\/www.facebook.com\/RenaissanceEntrepreneurshipCenter\" \/>\n<meta property=\"article:modified_time\" content=\"2024-05-10T05:39:27+00:00\" \/>\n<meta property=\"og:image\" content=\"https:\/\/rencenter.org\/wp-content\/uploads\/2023\/11\/certified-women-banner.jpg\" \/>\n\t<meta property=\"og:image:width\" content=\"1350\" \/>\n\t<meta property=\"og:image:height\" content=\"823\" \/>\n\t<meta property=\"og:image:type\" content=\"image\/jpeg\" \/>\n<meta name=\"twitter:card\" content=\"summary_large_image\" \/>\n<meta name=\"twitter:site\" content=\"@RenCenter_\" \/>\n<meta name=\"twitter:label1\" content=\"Tiempo de lectura\" \/>\n\t<meta name=\"twitter:data1\" content=\"4 minutos\" \/>\n<!-- \/ Yoast SEO plugin. -->","yoast_head_json":{"title":"Contable | Renaissance Entrepreneurship Center","description":"\u00danete a nosotros como Contable. Contribuir a fomentar el esp\u00edritu empresarial y la equidad. \u00a1Solicita el puesto ahora y marca la diferencia!","robots":{"index":"index","follow":"follow","max-snippet":"max-snippet:-1","max-image-preview":"max-image-preview:large","max-video-preview":"max-video-preview:-1"},"canonical":"https:\/\/rencenter.org\/es\/empleo\/contable\/","og_locale":"es_ES","og_type":"article","og_title":"Contable | Renaissance Entrepreneurship Center","og_description":"\u00danete a nosotros como Contable. Contribuir a fomentar el esp\u00edritu empresarial y la equidad. \u00a1Solicita el puesto ahora y marca la diferencia!","og_url":"https:\/\/rencenter.org\/es\/empleo\/contable\/","og_site_name":"Renaissance Entrepreneurship Center","article_publisher":"https:\/\/www.facebook.com\/RenaissanceEntrepreneurshipCenter","article_modified_time":"2024-05-10T05:39:27+00:00","og_image":[{"width":1350,"height":823,"url":"https:\/\/rencenter.org\/wp-content\/uploads\/2023\/11\/certified-women-banner.jpg","type":"image\/jpeg"}],"twitter_card":"summary_large_image","twitter_site":"@RenCenter_","twitter_misc":{"Tiempo de lectura":"4 minutos"},"schema":{"@context":"https:\/\/schema.org","@graph":[{"@type":"WebPage","@id":"https:\/\/rencenter.org\/es\/empleo\/contable\/","url":"https:\/\/rencenter.org\/es\/empleo\/contable\/","name":"Contable | Renaissance Entrepreneurship Center","isPartOf":{"@id":"https:\/\/rencenter.org\/es\/#website"},"datePublished":"2023-08-23T11:31:33+00:00","dateModified":"2024-05-10T05:39:27+00:00","description":"\u00danete a nosotros como Contable. Contribuir a fomentar el esp\u00edritu empresarial y la equidad. \u00a1Solicita el puesto ahora y marca la diferencia!","breadcrumb":{"@id":"https:\/\/rencenter.org\/es\/empleo\/contable\/#breadcrumb"},"inLanguage":"es","potentialAction":[{"@type":"ReadAction","target":["https:\/\/rencenter.org\/es\/empleo\/contable\/"]}]},{"@type":"BreadcrumbList","@id":"https:\/\/rencenter.org\/es\/empleo\/contable\/#breadcrumb","itemListElement":[{"@type":"ListItem","position":1,"name":"Home","item":"https:\/\/rencenter.org\/es\/"},{"@type":"ListItem","position":2,"name":"Empleo","item":"https:\/\/rencenter.org\/es\/careers\/"},{"@type":"ListItem","position":3,"name":"Contable"}]},{"@type":"WebSite","@id":"https:\/\/rencenter.org\/es\/#website","url":"https:\/\/rencenter.org\/es\/","name":"Renaissance Entrepreneurship Center","description":"Transforming lives and communities through entrepreneurship","publisher":{"@id":"https:\/\/rencenter.org\/es\/#organization"},"potentialAction":[{"@type":"SearchAction","target":{"@type":"EntryPoint","urlTemplate":"https:\/\/rencenter.org\/es\/?s={search_term_string}"},"query-input":{"@type":"PropertyValueSpecification","valueRequired":true,"valueName":"search_term_string"}}],"inLanguage":"es"},{"@type":"Organization","@id":"https:\/\/rencenter.org\/es\/#organization","name":"Renaissance Entrepreneurship Center","url":"https:\/\/rencenter.org\/es\/","logo":{"@type":"ImageObject","inLanguage":"es","@id":"https:\/\/rencenter.org\/es\/#\/schema\/logo\/image\/","url":"https:\/\/rencenter.org\/wp-content\/uploads\/2024\/01\/rencenter.png","contentUrl":"https:\/\/rencenter.org\/wp-content\/uploads\/2024\/01\/rencenter.png","width":1080,"height":1080,"caption":"Renaissance Entrepreneurship Center"},"image":{"@id":"https:\/\/rencenter.org\/es\/#\/schema\/logo\/image\/"},"sameAs":["https:\/\/www.facebook.com\/RenaissanceEntrepreneurshipCenter","https:\/\/x.com\/RenCenter_"]}]}},"_links":{"self":[{"href":"https:\/\/rencenter.org\/es\/wp-json\/wp\/v2\/pages\/81929","targetHints":{"allow":["GET"]}}],"collection":[{"href":"https:\/\/rencenter.org\/es\/wp-json\/wp\/v2\/pages"}],"about":[{"href":"https:\/\/rencenter.org\/es\/wp-json\/wp\/v2\/types\/page"}],"author":[{"embeddable":true,"href":"https:\/\/rencenter.org\/es\/wp-json\/wp\/v2\/users\/40"}],"replies":[{"embeddable":true,"href":"https:\/\/rencenter.org\/es\/wp-json\/wp\/v2\/comments?post=81929"}],"version-history":[{"count":0,"href":"https:\/\/rencenter.org\/es\/wp-json\/wp\/v2\/pages\/81929\/revisions"}],"up":[{"embeddable":true,"href":"https:\/\/rencenter.org\/es\/wp-json\/wp\/v2\/pages\/81925"}],"wp:attachment":[{"href":"https:\/\/rencenter.org\/es\/wp-json\/wp\/v2\/media?parent=81929"}],"curies":[{"name":"wp","href":"https:\/\/api.w.org\/{rel}","templated":true}]}}