{"id":81917,"date":"2023-07-18T04:08:28","date_gmt":"2023-07-18T11:08:28","guid":{"rendered":"https:\/dona\/"},"modified":"2024-05-27T04:28:53","modified_gmt":"2024-05-27T11:28:53","slug":"dona","status":"publish","type":"page","link":"https:\/\/rencenter.org\/es\/dona\/","title":{"rendered":"Dona"},"content":{"rendered":"\t\t<div data-elementor-type=\"wp-page\" data-elementor-id=\"81917\" class=\"elementor elementor-81917 elementor-66220\" data-elementor-post-type=\"page\">\n\t\t\t\t\t\t<section class=\"elementor-section elementor-top-section elementor-element elementor-element-349884d6 elementor-section-full_width elementor-section-height-default elementor-section-height-default\" data-id=\"349884d6\" data-element_type=\"section\" data-e-type=\"section\">\n\t\t\t\t\t\t<div class=\"elementor-container elementor-column-gap-no\">\n\t\t\t\t\t<div class=\"elementor-column elementor-col-100 elementor-top-column elementor-element elementor-element-7e6c63f9\" data-id=\"7e6c63f9\" data-element_type=\"column\" data-e-type=\"column\">\n\t\t\t<div class=\"elementor-widget-wrap elementor-element-populated\">\n\t\t\t\t\t\t<div class=\"elementor-element elementor-element-77d7b07f elementor-widget elementor-widget-template\" data-id=\"77d7b07f\" data-element_type=\"widget\" data-e-type=\"widget\" data-widget_type=\"template.default\">\n\t\t\t\t<div class=\"elementor-widget-container\">\n\t\t\t\t\t\t\t<div class=\"elementor-template\">\n\t\t\t\t\t<div data-elementor-type=\"page\" data-elementor-id=\"70156\" class=\"elementor elementor-70156\" data-elementor-post-type=\"elementor_library\">\n\t\t\t\t\t\t<section class=\"elementor-section elementor-top-section elementor-element elementor-element-963efc5 elementor-section-boxed elementor-section-height-default elementor-section-height-default\" data-id=\"963efc5\" data-element_type=\"section\" data-e-type=\"section\" data-settings=\"{&quot;background_background&quot;:&quot;classic&quot;}\">\n\t\t\t\t\t\t\t<div class=\"elementor-background-overlay\"><\/div>\n\t\t\t\t\t\t\t<div class=\"elementor-container elementor-column-gap-default\">\n\t\t\t\t\t<div class=\"elementor-column elementor-col-100 elementor-top-column elementor-element elementor-element-d1378b0\" data-id=\"d1378b0\" data-element_type=\"column\" data-e-type=\"column\">\n\t\t\t<div class=\"elementor-widget-wrap elementor-element-populated\">\n\t\t\t\t\t\t<div class=\"elementor-element elementor-element-fa102dd elementor-widget elementor-widget-theme-post-title elementor-page-title elementor-widget-heading\" data-id=\"fa102dd\" data-element_type=\"widget\" data-e-type=\"widget\" data-widget_type=\"theme-post-title.default\">\n\t\t\t\t<div class=\"elementor-widget-container\">\n\t\t\t\t\t<h1 class=\"elementor-heading-title elementor-size-default\">Dona<\/h1>\t\t\t\t<\/div>\n\t\t\t\t<\/div>\n\t\t\t\t\t<\/div>\n\t\t<\/div>\n\t\t\t\t\t<\/div>\n\t\t<\/section>\n\t\t\t\t<\/div>\n\t\t\t\t<\/div>\n\t\t\t\t\t\t<\/div>\n\t\t\t\t<\/div>\n\t\t\t\t\t<\/div>\n\t\t<\/div>\n\t\t\t\t\t<\/div>\n\t\t<\/section>\n\t\t\t\t<section class=\"elementor-section elementor-top-section elementor-element elementor-element-87e2a03 elementor-section-boxed elementor-section-height-default elementor-section-height-default\" data-id=\"87e2a03\" data-element_type=\"section\" data-e-type=\"section\" data-settings=\"{&quot;background_background&quot;:&quot;classic&quot;}\">\n\t\t\t\t\t\t<div class=\"elementor-container elementor-column-gap-default\">\n\t\t\t\t\t<div class=\"elementor-column elementor-col-50 elementor-top-column elementor-element elementor-element-cf73076\" data-id=\"cf73076\" data-element_type=\"column\" data-e-type=\"column\">\n\t\t\t<div class=\"elementor-widget-wrap elementor-element-populated\">\n\t\t\t\t\t\t<div class=\"elementor-element elementor-element-0588f82 elementor-widget elementor-widget-image\" data-id=\"0588f82\" data-element_type=\"widget\" data-e-type=\"widget\" data-widget_type=\"image.default\">\n\t\t\t\t<div class=\"elementor-widget-container\">\n\t\t\t\t\t\t\t\t\t\t\t\t\t\t\t<img fetchpriority=\"high\" decoding=\"async\" width=\"650\" height=\"677\" src=\"https:\/\/rencenter.org\/wp-content\/uploads\/2023\/07\/Renaissance-Entrepreneurship-Center-Donate-Img.jpg\" class=\"attachment-full size-full wp-image-81179\" alt=\"\" srcset=\"https:\/\/rencenter.org\/wp-content\/uploads\/2023\/07\/Renaissance-Entrepreneurship-Center-Donate-Img.jpg 650w, https:\/\/rencenter.org\/wp-content\/uploads\/2023\/07\/Renaissance-Entrepreneurship-Center-Donate-Img-288x300.jpg 288w\" sizes=\"(max-width: 650px) 100vw, 650px\" \/>\t\t\t\t\t\t\t\t\t\t\t\t\t\t\t<\/div>\n\t\t\t\t<\/div>\n\t\t\t\t<div class=\"elementor-element elementor-element-952c067 caption-text elementor-widget elementor-widget-text-editor\" data-id=\"952c067\" data-element_type=\"widget\" data-e-type=\"widget\" data-widget_type=\"text-editor.default\">\n\t\t\t\t<div class=\"elementor-widget-container\">\n\t\t\t\t\t\t\t\t\t<p>Stephanie De La Cruz, Propietaria de la Cremer\u00eda De La<\/p>\n\t\t\t\t\t\t\t\t<\/div>\n\t\t\t\t<\/div>\n\t\t\t\t\t<\/div>\n\t\t<\/div>\n\t\t\t\t<div class=\"elementor-column elementor-col-50 elementor-top-column elementor-element elementor-element-26fe243\" data-id=\"26fe243\" data-element_type=\"column\" data-e-type=\"column\">\n\t\t\t<div class=\"elementor-widget-wrap elementor-element-populated\">\n\t\t\t\t\t\t<div class=\"elementor-element elementor-element-54f0f8d elementor-widget elementor-widget-heading\" data-id=\"54f0f8d\" data-element_type=\"widget\" data-e-type=\"widget\" data-widget_type=\"heading.default\">\n\t\t\t\t<div class=\"elementor-widget-container\">\n\t\t\t\t\t<h2 class=\"elementor-heading-title elementor-size-default\">Marca la diferencia. Invierte en emprendedores.  <\/h2>\t\t\t\t<\/div>\n\t\t\t\t<\/div>\n\t\t\t\t<div class=\"elementor-element elementor-element-5a96938 elementor-widget elementor-widget-spacer\" data-id=\"5a96938\" data-element_type=\"widget\" data-e-type=\"widget\" data-widget_type=\"spacer.default\">\n\t\t\t\t<div class=\"elementor-widget-container\">\n\t\t\t\t\t\t\t<div class=\"elementor-spacer\">\n\t\t\t<div class=\"elementor-spacer-inner\"><\/div>\n\t\t<\/div>\n\t\t\t\t\t\t<\/div>\n\t\t\t\t<\/div>\n\t\t\t\t<div class=\"elementor-element elementor-element-6a7f9ff elementor-widget__width-initial elementor-widget elementor-widget-text-editor\" data-id=\"6a7f9ff\" data-element_type=\"widget\" data-e-type=\"widget\" data-widget_type=\"text-editor.default\">\n\t\t\t\t<div class=\"elementor-widget-container\">\n\t\t\t\t\t\t\t\t\t<p>Tus aportaciones econ\u00f3micas ayudan a crear la pr\u00f3xima historia de \u00e9xito del Renaissance. Dependemos de las generosas donaciones de fundaciones, corporaciones, entidades gubernamentales y particulares para cumplir la misi\u00f3n de Renaissance, impulsando una generaci\u00f3n diversa de empresarios independientes que enriquecen las comunidades del \u00c1rea de la Bah\u00eda que compartimos.<\/p>\t\t\t\t\t\t\t\t<\/div>\n\t\t\t\t<\/div>\n\t\t\t\t<div class=\"elementor-element elementor-element-3bb40eb elementor-widget elementor-widget-spacer\" data-id=\"3bb40eb\" data-element_type=\"widget\" data-e-type=\"widget\" data-widget_type=\"spacer.default\">\n\t\t\t\t<div class=\"elementor-widget-container\">\n\t\t\t\t\t\t\t<div class=\"elementor-spacer\">\n\t\t\t<div class=\"elementor-spacer-inner\"><\/div>\n\t\t<\/div>\n\t\t\t\t\t\t<\/div>\n\t\t\t\t<\/div>\n\t\t\t\t<div class=\"elementor-element elementor-element-d009bd9 elementor-align-left elementor-widget elementor-widget-button\" data-id=\"d009bd9\" data-element_type=\"widget\" data-e-type=\"widget\" data-widget_type=\"button.default\">\n\t\t\t\t<div class=\"elementor-widget-container\">\n\t\t\t\t\t\t\t\t\t<div class=\"elementor-button-wrapper\">\n\t\t\t\t\t<a class=\"elementor-button elementor-button-link elementor-size-md\" href=\"https:\/\/secure.givelively.org\/donate\/renaissance-entrepreneurship-center\" target=\"_blank\">\n\t\t\t\t\t\t<span class=\"elementor-button-content-wrapper\">\n\t\t\t\t\t\t<span class=\"elementor-button-icon\">\n\t\t\t\t<i aria-hidden=\"true\" class=\"fas fa-donate\"><\/i>\t\t\t<\/span>\n\t\t\t\t\t\t\t\t\t<span class=\"elementor-button-text\">Dona<\/span>\n\t\t\t\t\t<\/span>\n\t\t\t\t\t<\/a>\n\t\t\t\t<\/div>\n\t\t\t\t\t\t\t\t<\/div>\n\t\t\t\t<\/div>\n\t\t\t\t\t<\/div>\n\t\t<\/div>\n\t\t\t\t\t<\/div>\n\t\t<\/section>\n\t\t\t\t<section class=\"elementor-section elementor-top-section elementor-element elementor-element-0810227 elementor-section-boxed elementor-section-height-default elementor-section-height-default\" data-id=\"0810227\" data-element_type=\"section\" data-e-type=\"section\" data-settings=\"{&quot;background_background&quot;:&quot;classic&quot;}\">\n\t\t\t\t\t\t\t<div class=\"elementor-background-overlay\"><\/div>\n\t\t\t\t\t\t\t<div class=\"elementor-container elementor-column-gap-default\">\n\t\t\t\t\t<div class=\"elementor-column elementor-col-100 elementor-top-column elementor-element elementor-element-22d143a\" data-id=\"22d143a\" data-element_type=\"column\" data-e-type=\"column\">\n\t\t\t<div class=\"elementor-widget-wrap elementor-element-populated\">\n\t\t\t\t\t\t<section class=\"elementor-section elementor-inner-section elementor-element elementor-element-894d79f elementor-section-boxed elementor-section-height-default elementor-section-height-default\" data-id=\"894d79f\" data-element_type=\"section\" data-e-type=\"section\">\n\t\t\t\t\t\t<div class=\"elementor-container elementor-column-gap-default\">\n\t\t\t\t\t<div class=\"elementor-column elementor-col-100 elementor-inner-column elementor-element elementor-element-fb49905\" data-id=\"fb49905\" data-element_type=\"column\" data-e-type=\"column\">\n\t\t\t<div class=\"elementor-widget-wrap elementor-element-populated\">\n\t\t\t\t\t\t<div class=\"elementor-element elementor-element-b166678 elementor-widget elementor-widget-heading\" data-id=\"b166678\" data-element_type=\"widget\" data-e-type=\"widget\" data-widget_type=\"heading.default\">\n\t\t\t\t<div class=\"elementor-widget-container\">\n\t\t\t\t\t<h3 class=\"elementor-heading-title elementor-size-default\">Donar con cheque<\/h3>\t\t\t\t<\/div>\n\t\t\t\t<\/div>\n\t\t\t\t<div class=\"elementor-element elementor-element-757d2e7 elementor-widget__width-initial elementor-widget elementor-widget-text-editor\" data-id=\"757d2e7\" data-element_type=\"widget\" data-e-type=\"widget\" data-widget_type=\"text-editor.default\">\n\t\t\t\t<div class=\"elementor-widget-container\">\n\t\t\t\t\t\t\t\t\t<p><b>Haz los cheques a nombre de<\/b> Renaissance Entrepreneurship Center<\/p>\n<p><strong>Enviar por correo a: <\/strong>Centro de Iniciativa Empresarial Renaissance<br \/><strong>A la atenci\u00f3n de: <\/strong>Desarrollo<\/p>\n<p>275 Calle Quinta<br \/>San Francisco, CA 94103<\/p>\n\t\t\t\t\t\t\t\t<\/div>\n\t\t\t\t<\/div>\n\t\t\t\t\t<\/div>\n\t\t<\/div>\n\t\t\t\t\t<\/div>\n\t\t<\/section>\n\t\t\t\t<section class=\"elementor-section elementor-inner-section elementor-element elementor-element-3ddb43e elementor-section-boxed elementor-section-height-default elementor-section-height-default\" data-id=\"3ddb43e\" data-element_type=\"section\" data-e-type=\"section\">\n\t\t\t\t\t\t<div class=\"elementor-container elementor-column-gap-default\">\n\t\t\t\t\t<div class=\"elementor-column elementor-col-50 elementor-inner-column elementor-element elementor-element-00f621a\" data-id=\"00f621a\" data-element_type=\"column\" data-e-type=\"column\">\n\t\t\t<div class=\"elementor-widget-wrap elementor-element-populated\">\n\t\t\t\t\t\t<div class=\"elementor-element elementor-element-c46f562 elementor-widget elementor-widget-heading\" data-id=\"c46f562\" data-element_type=\"widget\" data-e-type=\"widget\" data-widget_type=\"heading.default\">\n\t\t\t\t<div class=\"elementor-widget-container\">\n\t\t\t\t\t<h3 class=\"elementor-heading-title elementor-size-default\">Donaciones de existencias<\/h3>\t\t\t\t<\/div>\n\t\t\t\t<\/div>\n\t\t\t\t<div class=\"elementor-element elementor-element-a75d8d9 elementor-widget__width-initial elementor-widget elementor-widget-text-editor\" data-id=\"a75d8d9\" data-element_type=\"widget\" data-e-type=\"widget\" data-widget_type=\"text-editor.default\">\n\t\t\t\t<div class=\"elementor-widget-container\">\n\t\t\t\t\t\t\t\t\t<p>Donar acciones es sencillo y todas las donaciones de acciones son desgravables. Puedes donar poni\u00e9ndote en contacto con Claudia Enr\u00edquez en<a href=\"mailto:Cenriquez@\"> Cenriquez@<\/a> o en <a href=\"tel:415-348-6204\"> el (415) 348-6204<\/a> para que te oriente sobre c\u00f3mo hacer una transferencia de acciones.<\/p>\n\t\t\t\t\t\t\t\t<\/div>\n\t\t\t\t<\/div>\n\t\t\t\t\t<\/div>\n\t\t<\/div>\n\t\t\t\t<div class=\"elementor-column elementor-col-50 elementor-inner-column elementor-element elementor-element-7845a78\" data-id=\"7845a78\" data-element_type=\"column\" data-e-type=\"column\">\n\t\t\t<div class=\"elementor-widget-wrap elementor-element-populated\">\n\t\t\t\t\t\t<div class=\"elementor-element elementor-element-9fcb2db elementor-widget elementor-widget-heading\" data-id=\"9fcb2db\" data-element_type=\"widget\" data-e-type=\"widget\" data-widget_type=\"heading.default\">\n\t\t\t\t<div class=\"elementor-widget-container\">\n\t\t\t\t\t<h3 class=\"elementor-heading-title elementor-size-default\">Fondo asesorado por donantes (DAF)  <\/h3>\t\t\t\t<\/div>\n\t\t\t\t<\/div>\n\t\t\t\t<div class=\"elementor-element elementor-element-6dcef91 elementor-widget__width-initial elementor-widget elementor-widget-text-editor\" data-id=\"6dcef91\" data-element_type=\"widget\" data-e-type=\"widget\" data-widget_type=\"text-editor.default\">\n\t\t\t\t<div class=\"elementor-widget-container\">\n\t\t\t\t\t\t\t\t\t<p>Los DAF te permiten simplificar tus donaciones ben\u00e9ficas a la vez que contribuyes a las causas que te importan. Si tienes un fondo asesorado por donantes y quieres recomendar una subvenci\u00f3n a Renaissance, env\u00eda un correo electr\u00f3nico <a href=\"mailto:development@\">a development@<\/a>.<\/p>\n\t\t\t\t\t\t\t\t<\/div>\n\t\t\t\t<\/div>\n\t\t\t\t\t<\/div>\n\t\t<\/div>\n\t\t\t\t\t<\/div>\n\t\t<\/section>\n\t\t\t\t<section class=\"elementor-section elementor-inner-section elementor-element elementor-element-10909f4 elementor-section-boxed elementor-section-height-default elementor-section-height-default\" data-id=\"10909f4\" data-element_type=\"section\" data-e-type=\"section\">\n\t\t\t\t\t\t<div class=\"elementor-container elementor-column-gap-default\">\n\t\t\t\t\t<div class=\"elementor-column elementor-col-100 elementor-inner-column elementor-element elementor-element-29fd378\" data-id=\"29fd378\" data-element_type=\"column\" data-e-type=\"column\">\n\t\t\t<div class=\"elementor-widget-wrap elementor-element-populated\">\n\t\t\t\t\t\t<div class=\"elementor-element elementor-element-5bc8b6c elementor-widget elementor-widget-heading\" data-id=\"5bc8b6c\" data-element_type=\"widget\" data-e-type=\"widget\" data-widget_type=\"heading.default\">\n\t\t\t\t<div class=\"elementor-widget-container\">\n\t\t\t\t\t<h3 class=\"elementor-heading-title elementor-size-default\">Regalos de contrapartida  <\/h3>\t\t\t\t<\/div>\n\t\t\t\t<\/div>\n\t\t\t\t<div class=\"elementor-element elementor-element-c11f7f6 elementor-widget__width-initial elementor-widget elementor-widget-text-editor\" data-id=\"c11f7f6\" data-element_type=\"widget\" data-e-type=\"widget\" data-widget_type=\"text-editor.default\">\n\t\t\t\t<div class=\"elementor-widget-container\">\n\t\t\t\t\t\t\t\t\t<p>Muchas empresas igualan hasta el 100% de las donaciones cualificadas de sus empleados. Tu departamento de Recursos Humanos puede darte instrucciones sobre c\u00f3mo igualar tu donaci\u00f3n ben\u00e9fica.<br \/>Ahora aceptamos Criptodivisas. \u00a1Haz tu donativo aqu\u00ed!<br \/>Para otras oportunidades de donaciones, ponte en contacto con nosotros en <a href=\"mailto:development@\">development@<\/a><\/p>\n\t\t\t\t\t\t\t\t<\/div>\n\t\t\t\t<\/div>\n\t\t\t\t\t<\/div>\n\t\t<\/div>\n\t\t\t\t\t<\/div>\n\t\t<\/section>\n\t\t\t\t<div class=\"elementor-element elementor-element-4de146a elementor-widget elementor-widget-text-editor\" data-id=\"4de146a\" data-element_type=\"widget\" data-e-type=\"widget\" data-widget_type=\"text-editor.default\">\n\t\t\t\t<div class=\"elementor-widget-container\">\n\t\t\t\t\t\t\t\t\t<p><strong><em>Renaissance es una organizaci\u00f3n sin \u00e1nimo de lucro exenta de impuestos seg\u00fan la Secci\u00f3n 501(C)(3).<\/em><\/strong><br \/><strong><em>Tu donativo es deducible de impuestos.<\/em><\/strong><br \/><strong><em>Nuestro n\u00famero de identificaci\u00f3n fiscal federal es 94-2793122.<\/em><\/strong><\/p>\n\t\t\t\t\t\t\t\t<\/div>\n\t\t\t\t<\/div>\n\t\t\t\t\t<\/div>\n\t\t<\/div>\n\t\t\t\t\t<\/div>\n\t\t<\/section>\n\t\t\t\t<\/div>\n\t\t","protected":false},"excerpt":{"rendered":"<p>Stephanie De La Cruz, Propietaria de la Cremer\u00eda De La Marca la diferencia. Invierte en emprendedores. Tus aportaciones econ\u00f3micas ayudan [&hellip;]<\/p>\n","protected":false},"author":40,"featured_media":0,"parent":0,"menu_order":0,"comment_status":"closed","ping_status":"closed","template":"elementor_header_footer","meta":{"_acf_changed":false,"_eb_attr":"","inline_featured_image":false,"footnotes":""},"class_list":["post-81917","page","type-page","status-publish","hentry"],"acf":[],"yoast_head":"<!-- This site is optimized with the Yoast SEO plugin v27.3 - https:\/\/yoast.com\/product\/yoast-seo-wordpress\/ -->\n<title>Dona | Centro Empresarial Renaissance<\/title>\n<meta name=\"description\" content=\"Marca hoy la diferencia. Apoya la misi\u00f3n de Renaissance en favor del esp\u00edritu empresarial y la equidad. \u00a1Haz un donativo ahora y ayuda a potenciar el \u00e9xito!\" \/>\n<meta name=\"robots\" content=\"index, follow, max-snippet:-1, max-image-preview:large, max-video-preview:-1\" \/>\n<link rel=\"canonical\" href=\"https:\/\/rencenter.org\/es\/dona\/\" \/>\n<meta property=\"og:locale\" content=\"es_ES\" \/>\n<meta property=\"og:type\" content=\"article\" \/>\n<meta property=\"og:title\" content=\"Dona | Centro Empresarial Renaissance\" \/>\n<meta property=\"og:description\" content=\"Marca hoy la diferencia. Apoya la misi\u00f3n de Renaissance en favor del esp\u00edritu empresarial y la equidad. \u00a1Haz un donativo ahora y ayuda a potenciar el \u00e9xito!\" \/>\n<meta property=\"og:url\" content=\"https:\/\/rencenter.org\/es\/dona\/\" \/>\n<meta property=\"og:site_name\" content=\"Renaissance Entrepreneurship Center\" \/>\n<meta property=\"article:publisher\" content=\"https:\/\/www.facebook.com\/RenaissanceEntrepreneurshipCenter\" \/>\n<meta property=\"article:modified_time\" content=\"2024-05-27T11:28:53+00:00\" \/>\n<meta property=\"og:image\" content=\"http:\/\/rencenter.org\/wp-content\/uploads\/2023\/07\/Renaissance-Entrepreneurship-Center-Donate-Img.jpg\" \/>\n<meta name=\"twitter:card\" content=\"summary_large_image\" \/>\n<meta name=\"twitter:site\" content=\"@RenCenter_\" \/>\n<meta name=\"twitter:label1\" content=\"Tiempo de lectura\" \/>\n\t<meta name=\"twitter:data1\" content=\"2 minutos\" \/>\n<!-- \/ Yoast SEO plugin. -->","yoast_head_json":{"title":"Dona | Centro Empresarial Renaissance","description":"Marca hoy la diferencia. Apoya la misi\u00f3n de Renaissance en favor del esp\u00edritu empresarial y la equidad. \u00a1Haz un donativo ahora y ayuda a potenciar el \u00e9xito!","robots":{"index":"index","follow":"follow","max-snippet":"max-snippet:-1","max-image-preview":"max-image-preview:large","max-video-preview":"max-video-preview:-1"},"canonical":"https:\/\/rencenter.org\/es\/dona\/","og_locale":"es_ES","og_type":"article","og_title":"Dona | Centro Empresarial Renaissance","og_description":"Marca hoy la diferencia. Apoya la misi\u00f3n de Renaissance en favor del esp\u00edritu empresarial y la equidad. \u00a1Haz un donativo ahora y ayuda a potenciar el \u00e9xito!","og_url":"https:\/\/rencenter.org\/es\/dona\/","og_site_name":"Renaissance Entrepreneurship Center","article_publisher":"https:\/\/www.facebook.com\/RenaissanceEntrepreneurshipCenter","article_modified_time":"2024-05-27T11:28:53+00:00","og_image":[{"url":"http:\/\/rencenter.org\/wp-content\/uploads\/2023\/07\/Renaissance-Entrepreneurship-Center-Donate-Img.jpg","type":"","width":"","height":""}],"twitter_card":"summary_large_image","twitter_site":"@RenCenter_","twitter_misc":{"Tiempo de lectura":"2 minutos"},"schema":{"@context":"https:\/\/schema.org","@graph":[{"@type":"WebPage","@id":"https:\/\/rencenter.org\/es\/dona\/","url":"https:\/\/rencenter.org\/es\/dona\/","name":"Dona | Centro Empresarial Renaissance","isPartOf":{"@id":"https:\/\/rencenter.org\/es\/#website"},"primaryImageOfPage":{"@id":"https:\/\/rencenter.org\/es\/dona\/#primaryimage"},"image":{"@id":"https:\/\/rencenter.org\/es\/dona\/#primaryimage"},"thumbnailUrl":"http:\/\/rencenter.org\/wp-content\/uploads\/2023\/07\/Renaissance-Entrepreneurship-Center-Donate-Img.jpg","datePublished":"2023-07-18T11:08:28+00:00","dateModified":"2024-05-27T11:28:53+00:00","description":"Marca hoy la diferencia. Apoya la misi\u00f3n de Renaissance en favor del esp\u00edritu empresarial y la equidad. \u00a1Haz un donativo ahora y ayuda a potenciar el \u00e9xito!","breadcrumb":{"@id":"https:\/\/rencenter.org\/es\/dona\/#breadcrumb"},"inLanguage":"es","potentialAction":[{"@type":"ReadAction","target":["https:\/\/rencenter.org\/es\/dona\/"]}]},{"@type":"ImageObject","inLanguage":"es","@id":"https:\/\/rencenter.org\/es\/dona\/#primaryimage","url":"http:\/\/rencenter.org\/wp-content\/uploads\/2023\/07\/Renaissance-Entrepreneurship-Center-Donate-Img.jpg","contentUrl":"http:\/\/rencenter.org\/wp-content\/uploads\/2023\/07\/Renaissance-Entrepreneurship-Center-Donate-Img.jpg"},{"@type":"BreadcrumbList","@id":"https:\/\/rencenter.org\/es\/dona\/#breadcrumb","itemListElement":[{"@type":"ListItem","position":1,"name":"Home","item":"https:\/\/rencenter.org\/es\/"},{"@type":"ListItem","position":2,"name":"Dona"}]},{"@type":"WebSite","@id":"https:\/\/rencenter.org\/es\/#website","url":"https:\/\/rencenter.org\/es\/","name":"Renaissance Entrepreneurship Center","description":"Transforming lives and communities through entrepreneurship","publisher":{"@id":"https:\/\/rencenter.org\/es\/#organization"},"potentialAction":[{"@type":"SearchAction","target":{"@type":"EntryPoint","urlTemplate":"https:\/\/rencenter.org\/es\/?s={search_term_string}"},"query-input":{"@type":"PropertyValueSpecification","valueRequired":true,"valueName":"search_term_string"}}],"inLanguage":"es"},{"@type":"Organization","@id":"https:\/\/rencenter.org\/es\/#organization","name":"Renaissance Entrepreneurship Center","url":"https:\/\/rencenter.org\/es\/","logo":{"@type":"ImageObject","inLanguage":"es","@id":"https:\/\/rencenter.org\/es\/#\/schema\/logo\/image\/","url":"https:\/\/rencenter.org\/wp-content\/uploads\/2024\/01\/rencenter.png","contentUrl":"https:\/\/rencenter.org\/wp-content\/uploads\/2024\/01\/rencenter.png","width":1080,"height":1080,"caption":"Renaissance Entrepreneurship Center"},"image":{"@id":"https:\/\/rencenter.org\/es\/#\/schema\/logo\/image\/"},"sameAs":["https:\/\/www.facebook.com\/RenaissanceEntrepreneurshipCenter","https:\/\/x.com\/RenCenter_"]}]}},"_links":{"self":[{"href":"https:\/\/rencenter.org\/es\/wp-json\/wp\/v2\/pages\/81917","targetHints":{"allow":["GET"]}}],"collection":[{"href":"https:\/\/rencenter.org\/es\/wp-json\/wp\/v2\/pages"}],"about":[{"href":"https:\/\/rencenter.org\/es\/wp-json\/wp\/v2\/types\/page"}],"author":[{"embeddable":true,"href":"https:\/\/rencenter.org\/es\/wp-json\/wp\/v2\/users\/40"}],"replies":[{"embeddable":true,"href":"https:\/\/rencenter.org\/es\/wp-json\/wp\/v2\/comments?post=81917"}],"version-history":[{"count":0,"href":"https:\/\/rencenter.org\/es\/wp-json\/wp\/v2\/pages\/81917\/revisions"}],"wp:attachment":[{"href":"https:\/\/rencenter.org\/es\/wp-json\/wp\/v2\/media?parent=81917"}],"curies":[{"name":"wp","href":"https:\/\/api.w.org\/{rel}","templated":true}]}}