{"id":81915,"date":"2023-07-18T07:03:13","date_gmt":"2023-07-18T14:03:13","guid":{"rendered":"https:\/nuestro-consejo\/"},"modified":"2025-05-14T03:34:51","modified_gmt":"2025-05-14T10:34:51","slug":"nuestro-consejo","status":"publish","type":"page","link":"https:\/\/rencenter.org\/es\/nuestro-consejo\/","title":{"rendered":"Nuestro Consejo"},"content":{"rendered":"\t\t<div data-elementor-type=\"wp-page\" data-elementor-id=\"81915\" class=\"elementor elementor-81915 elementor-66311\" data-elementor-post-type=\"page\">\n\t\t\t\t\t\t<section class=\"elementor-section elementor-top-section elementor-element elementor-element-7ff796e elementor-section-full_width elementor-section-height-default elementor-section-height-default\" data-id=\"7ff796e\" data-element_type=\"section\" data-e-type=\"section\">\n\t\t\t\t\t\t<div class=\"elementor-container elementor-column-gap-no\">\n\t\t\t\t\t<div class=\"elementor-column elementor-col-100 elementor-top-column elementor-element elementor-element-61d31d4\" data-id=\"61d31d4\" data-element_type=\"column\" data-e-type=\"column\">\n\t\t\t<div class=\"elementor-widget-wrap elementor-element-populated\">\n\t\t\t\t\t\t<div class=\"elementor-element elementor-element-62764898 elementor-widget elementor-widget-template\" data-id=\"62764898\" data-element_type=\"widget\" data-e-type=\"widget\" data-widget_type=\"template.default\">\n\t\t\t\t<div class=\"elementor-widget-container\">\n\t\t\t\t\t\t\t<div class=\"elementor-template\">\n\t\t\t\t\t<div data-elementor-type=\"page\" data-elementor-id=\"70156\" class=\"elementor elementor-70156\" data-elementor-post-type=\"elementor_library\">\n\t\t\t\t\t\t<section class=\"elementor-section elementor-top-section elementor-element elementor-element-963efc5 elementor-section-boxed elementor-section-height-default elementor-section-height-default\" data-id=\"963efc5\" data-element_type=\"section\" data-e-type=\"section\" data-settings=\"{&quot;background_background&quot;:&quot;classic&quot;}\">\n\t\t\t\t\t\t\t<div class=\"elementor-background-overlay\"><\/div>\n\t\t\t\t\t\t\t<div class=\"elementor-container elementor-column-gap-default\">\n\t\t\t\t\t<div class=\"elementor-column elementor-col-100 elementor-top-column elementor-element elementor-element-d1378b0\" data-id=\"d1378b0\" data-element_type=\"column\" data-e-type=\"column\">\n\t\t\t<div class=\"elementor-widget-wrap elementor-element-populated\">\n\t\t\t\t\t\t<div class=\"elementor-element elementor-element-fa102dd elementor-widget elementor-widget-theme-post-title elementor-page-title elementor-widget-heading\" data-id=\"fa102dd\" data-element_type=\"widget\" data-e-type=\"widget\" data-widget_type=\"theme-post-title.default\">\n\t\t\t\t<div class=\"elementor-widget-container\">\n\t\t\t\t\t<h1 class=\"elementor-heading-title elementor-size-default\">Nuestro Consejo<\/h1>\t\t\t\t<\/div>\n\t\t\t\t<\/div>\n\t\t\t\t\t<\/div>\n\t\t<\/div>\n\t\t\t\t\t<\/div>\n\t\t<\/section>\n\t\t\t\t<\/div>\n\t\t\t\t<\/div>\n\t\t\t\t\t\t<\/div>\n\t\t\t\t<\/div>\n\t\t\t\t\t<\/div>\n\t\t<\/div>\n\t\t\t\t\t<\/div>\n\t\t<\/section>\n\t\t\t\t<section class=\"elementor-section elementor-top-section elementor-element elementor-element-a19b47c elementor-section-boxed elementor-section-height-default elementor-section-height-default\" data-id=\"a19b47c\" data-element_type=\"section\" data-e-type=\"section\">\n\t\t\t\t\t\t<div class=\"elementor-container elementor-column-gap-default\">\n\t\t\t\t\t<div class=\"elementor-column elementor-col-100 elementor-top-column elementor-element elementor-element-7cf899b\" data-id=\"7cf899b\" data-element_type=\"column\" data-e-type=\"column\">\n\t\t\t<div class=\"elementor-widget-wrap elementor-element-populated\">\n\t\t\t\t\t\t<div class=\"elementor-element elementor-element-6bb89e9 elementor-widget elementor-widget-shortcode\" data-id=\"6bb89e9\" data-element_type=\"widget\" data-e-type=\"widget\" data-widget_type=\"shortcode.default\">\n\t\t\t\t<div class=\"elementor-widget-container\">\n\t\t\t\t\t<div class=\"section-title mb-5 our-board\"><div class=\"section-title-inn\"><h2>Executive Committee<\/h2>\n\t<div class=\"title-circle\"><\/div>\n\t<\/div><\/div><div class=\"team-inner-area cf\"><div class=\"team-cell\">\n\t\t\t\t\t\t\t<div class=\"team-cell-inn\" style=\"background: url(https:\/\/rencenter.org\/wp-content\/uploads\/2023\/07\/Alison-Davis.jpg);\">\n\t\t\t\t\t\t\t\t<div class=\"team-circle\"><\/div>\n\t\t\t\t\t\t\t<\/div>\n\t\t\t\t\t\t\t<h3>Alison Davis<\/h3>\n\t\t\t\t\t\t\t<div class=\"hide-class\">Socio Director<\/div>\n\t\t\t\t\t\t\t<p>Quinta Era<\/p>\n\t\t\t\t\t\t\t<p><strong>Silla<\/strong><\/p>\n\t\t\t\t\t\t<\/div>\n\t\t\t\t\t<div class=\"team-cell\">\n\t\t\t\t\t\t\t<div class=\"team-cell-inn\" style=\"background: url(https:\/\/rencenter.org\/wp-content\/uploads\/2023\/07\/img-14.jpg);\">\n\t\t\t\t\t\t\t\t<div class=\"team-circle\"><\/div>\n\t\t\t\t\t\t\t<\/div>\n\t\t\t\t\t\t\t<h3>Melissa Boyd<\/h3>\n\t\t\t\t\t\t\t<div class=\"hide-class\">Socio<\/div>\n\t\t\t\t\t\t\t<p>Cooley, LLP<\/p>\n\t\t\t\t\t\t\t<p><strong>Secretario<\/strong><\/p>\n\t\t\t\t\t\t<\/div>\n\t\t\t\t\t<div class=\"team-cell\">\n\t\t\t\t\t\t\t<div class=\"team-cell-inn\" style=\"background: url(https:\/\/rencenter.org\/wp-content\/uploads\/2024\/06\/TheresaNoriegaLum_7037_HiRes_print.png);\">\n\t\t\t\t\t\t\t\t<div class=\"team-circle\"><\/div>\n\t\t\t\t\t\t\t<\/div>\n\t\t\t\t\t\t\t<h3>Theresa Noriega-Lum<\/h3>\n\t\t\t\t\t\t\t<div class=\"hide-class\">Retired, Finance Executive<\/div>\n\t\t\t\t\t\t\t<p><\/p>\n\t\t\t\t\t\t\t<p><strong>Vice Chair<\/strong><\/p>\n\t\t\t\t\t\t<\/div>\n\t\t\t\t\t<div class=\"team-cell\">\n\t\t\t\t\t\t\t<div class=\"team-cell-inn\" style=\"background: url(https:\/\/rencenter.org\/wp-content\/uploads\/2023\/07\/img-15.jpg);\">\n\t\t\t\t\t\t\t\t<div class=\"team-circle\"><\/div>\n\t\t\t\t\t\t\t<\/div>\n\t\t\t\t\t\t\t<h3>Philip Koblis<\/h3>\n\t\t\t\t\t\t\t<div class=\"hide-class\">Vicepresidente Senior<\/div>\n\t\t\t\t\t\t\t<p>Banco Comerica<\/p>\n\t\t\t\t\t\t\t<p><strong>Tesorero  <\/strong><\/p>\n\t\t\t\t\t\t<\/div>\n\t\t\t\t\t<div class=\"team-cell\">\n\t\t\t\t\t\t\t<div class=\"team-cell-inn\" style=\"background: url(https:\/\/rencenter.org\/wp-content\/uploads\/2023\/07\/Sandor-Straus-Headshot-e1733946912638.png);\">\n\t\t\t\t\t\t\t\t<div class=\"team-circle\"><\/div>\n\t\t\t\t\t\t\t<\/div>\n\t\t\t\t\t\t\t<h3>Sandor Straus<\/h3>\n\t\t\t\t\t\t\t<div class=\"hide-class\">Miembro Director<\/div>\n\t\t\t\t\t\t\t<p>Tigmera, LLC<\/p>\n\t\t\t\t\t\t\t<p><strong>Presidente de Auditor\u00eda<\/strong><\/p>\n\t\t\t\t\t\t<\/div>\n\t\t\t\t\t<\/div><div class=\"section-title mb-5 our-board\"><div class=\"section-title-inn\"><h2>Board Members<\/h2>\n\t<div class=\"title-circle\"><\/div>\n\t<\/div><\/div><div class=\"team-inner-area cf\"><div class=\"team-cell\">\n\t\t\t\t\t\t\t<div class=\"team-cell-inn\" style=\"background: url(https:\/\/rencenter.org\/wp-content\/uploads\/2023\/07\/Gary-Cookhorn.jpg);\">\n\t\t\t\t\t\t\t\t<div class=\"team-circle\"><\/div>\n\t\t\t\t\t\t\t<\/div>\n\t\t\t\t\t\t\t<h3>Gary Cookhorn<\/h3>\n\t\t\t\t\t\t\t<div class=\"hide-class\">Socio<\/div>\n\t\t\t\t\t\t\t<p>Salud2047<\/p>\n\t\t\t\t\t\t\t<p><strong><\/strong><\/p>\n\t\t\t\t\t\t<\/div>\n\t\t\t\t\t<div class=\"team-cell\">\n\t\t\t\t\t\t\t<div class=\"team-cell-inn\" style=\"background: url(https:\/\/rencenter.org\/wp-content\/uploads\/2023\/07\/Yasmin-Eichmann-Datta.jpg);\">\n\t\t\t\t\t\t\t\t<div class=\"team-circle\"><\/div>\n\t\t\t\t\t\t\t<\/div>\n\t\t\t\t\t\t\t<h3>Yasmin Eichmann Datta<\/h3>\n\t\t\t\t\t\t\t<div class=\"hide-class\">Inversor y Asesor Clim\u00e1tico<\/div>\n\t\t\t\t\t\t\t<p><\/p>\n\t\t\t\t\t\t\t<p><strong><\/strong><\/p>\n\t\t\t\t\t\t<\/div>\n\t\t\t\t\t<div class=\"team-cell\">\n\t\t\t\t\t\t\t<div class=\"team-cell-inn\" style=\"background: url(https:\/\/rencenter.org\/wp-content\/uploads\/2023\/07\/Munish-gandhi.jpg);\">\n\t\t\t\t\t\t\t\t<div class=\"team-circle\"><\/div>\n\t\t\t\t\t\t\t<\/div>\n\t\t\t\t\t\t\t<h3>Munish Gandhi<\/h3>\n\t\t\t\t\t\t\t<div class=\"hide-class\">COO<\/div>\n\t\t\t\t\t\t\t<p>Productiv Inc.<\/p>\n\t\t\t\t\t\t\t<p><strong><\/strong><\/p>\n\t\t\t\t\t\t<\/div>\n\t\t\t\t\t<div class=\"team-cell\">\n\t\t\t\t\t\t\t<div class=\"team-cell-inn\" style=\"background: url(https:\/\/rencenter.org\/wp-content\/uploads\/2023\/07\/Heidi-Gibson.jpg);\">\n\t\t\t\t\t\t\t\t<div class=\"team-circle\"><\/div>\n\t\t\t\t\t\t\t<\/div>\n\t\t\t\t\t\t\t<h3>Heidi Gibson*<\/h3>\n\t\t\t\t\t\t\t<div class=\"hide-class\">VP, Crecimiento de Producto<\/div>\n\t\t\t\t\t\t\t<p>Bill<\/p>\n\t\t\t\t\t\t\t<p><strong><\/strong><\/p>\n\t\t\t\t\t\t<\/div>\n\t\t\t\t\t<div class=\"team-cell\">\n\t\t\t\t\t\t\t<div class=\"team-cell-inn\" style=\"background: url(https:\/\/rencenter.org\/wp-content\/uploads\/2023\/07\/Neal-Gottlieb.jpg);\">\n\t\t\t\t\t\t\t\t<div class=\"team-circle\"><\/div>\n\t\t\t\t\t\t\t<\/div>\n\t\t\t\t\t\t\t<h3>Neal Gottlieb*<\/h3>\n\t\t\t\t\t\t\t<div class=\"hide-class\">Fundador y CEO<\/div>\n\t\t\t\t\t\t\t<p>Crain App Inc.<\/p>\n\t\t\t\t\t\t\t<p><strong><\/strong><\/p>\n\t\t\t\t\t\t<\/div>\n\t\t\t\t\t<div class=\"team-cell\">\n\t\t\t\t\t\t\t<div class=\"team-cell-inn\" style=\"background: url(https:\/\/rencenter.org\/wp-content\/uploads\/2023\/07\/McCline-photo-1-2.jpg);\">\n\t\t\t\t\t\t\t\t<div class=\"team-circle\"><\/div>\n\t\t\t\t\t\t\t<\/div>\n\t\t\t\t\t\t\t<h3>Richard L. McCline, Doctor<\/h3>\n\t\t\t\t\t\t\t<div class=\"hide-class\">Liderazgo Empresarial y Consultor\u00eda Estrat\u00e9gica de Gesti\u00f3n<\/div>\n\t\t\t\t\t\t\t<p>McCline y Asociados<\/p>\n\t\t\t\t\t\t\t<p><strong><\/strong><\/p>\n\t\t\t\t\t\t<\/div>\n\t\t\t\t\t<div class=\"team-cell\">\n\t\t\t\t\t\t\t<div class=\"team-cell-inn\" style=\"background: url(https:\/\/rencenter.org\/wp-content\/uploads\/2024\/06\/craig.png);\">\n\t\t\t\t\t\t\t\t<div class=\"team-circle\"><\/div>\n\t\t\t\t\t\t\t<\/div>\n\t\t\t\t\t\t\t<h3>Craig Robinson<\/h3>\n\t\t\t\t\t\t\t<div class=\"hide-class\">Head of Community Relations<\/div>\n\t\t\t\t\t\t\t<p>Western Alliance Bank<\/p>\n\t\t\t\t\t\t\t<p><strong><\/strong><\/p>\n\t\t\t\t\t\t<\/div>\n\t\t\t\t\t<div class=\"team-cell\">\n\t\t\t\t\t\t\t<div class=\"team-cell-inn\" style=\"background: url(https:\/\/rencenter.org\/wp-content\/uploads\/2026\/02\/dwight-moore.png);\">\n\t\t\t\t\t\t\t\t<div class=\"team-circle\"><\/div>\n\t\t\t\t\t\t\t<\/div>\n\t\t\t\t\t\t\t<h3><a target=\"_blank\" href=\"https:\/\/www.linkedin.com\/in\/dwightmoore\/\">Dwight Moore<\/a><\/h3>\n\t\t\t\t\t\t\t<div class=\"hide-class\">Head of Enterprise and Industry Product Marketing<\/div>\n\t\t\t\t\t\t\t<p>Stripe <\/p>\n\t\t\t\t\t\t\t<p><strong><\/strong><\/p>\n\t\t\t\t\t\t<\/div>\n\t\t\t\t\t<div class=\"team-cell\">\n\t\t\t\t\t\t\t<div class=\"team-cell-inn\" style=\"background: url(https:\/\/rencenter.org\/wp-content\/uploads\/2024\/10\/Marcos.Vicente-WD-1-scaled.jpg);\">\n\t\t\t\t\t\t\t\t<div class=\"team-circle\"><\/div>\n\t\t\t\t\t\t\t<\/div>\n\t\t\t\t\t\t\t<h3>Marcos Vincente<\/h3>\n\t\t\t\t\t\t\t<div class=\"hide-class\">Vice President of Finance and Business Operation<\/div>\n\t\t\t\t\t\t\t<p>Comcast<\/p>\n\t\t\t\t\t\t\t<p><strong><\/strong><\/p>\n\t\t\t\t\t\t<\/div>\n\t\t\t\t\t<\/div>\t\t<div class=\"elementor-shortcode\"><\/div>\n\t\t\t\t\t\t<\/div>\n\t\t\t\t<\/div>\n\t\t\t\t<div class=\"elementor-element elementor-element-c5c624a elementor-widget elementor-widget-text-editor\" data-id=\"c5c624a\" data-element_type=\"widget\" data-e-type=\"widget\" data-widget_type=\"text-editor.default\">\n\t\t\t\t<div class=\"elementor-widget-container\">\n\t\t\t\t\t\t\t\t\t<p><b>* Antiguos clientes de Renaissance  <\/b><\/p>\n\t\t\t\t\t\t\t\t<\/div>\n\t\t\t\t<\/div>\n\t\t\t\t\t<\/div>\n\t\t<\/div>\n\t\t\t\t\t<\/div>\n\t\t<\/section>\n\t\t\t\t<\/div>\n\t\t","protected":false},"excerpt":{"rendered":"<p>* Antiguos clientes de Renaissance<\/p>\n","protected":false},"author":40,"featured_media":0,"parent":0,"menu_order":0,"comment_status":"closed","ping_status":"closed","template":"elementor_header_footer","meta":{"_acf_changed":false,"_eb_attr":"","inline_featured_image":false,"footnotes":""},"class_list":["post-81915","page","type-page","status-publish","hentry"],"acf":[],"yoast_head":"<!-- This site is optimized with the Yoast SEO plugin v27.3 - https:\/\/yoast.com\/product\/yoast-seo-wordpress\/ -->\n<title>Nuestro Consejo | Renaissance Entrepreneurship Center<\/title>\n<meta name=\"description\" content=\"Conoce a los l\u00edderes que hay detr\u00e1s del Renacimiento. \u00danete a nosotros en nuestra misi\u00f3n de \u00e9xito. \u00a1Explora a los miembros de nuestra junta directiva e insp\u00edrate hoy mismo!\" \/>\n<meta name=\"robots\" content=\"index, follow, max-snippet:-1, max-image-preview:large, max-video-preview:-1\" \/>\n<link rel=\"canonical\" href=\"https:\/\/rencenter.org\/es\/nuestro-consejo\/\" \/>\n<meta property=\"og:locale\" content=\"es_ES\" \/>\n<meta property=\"og:type\" content=\"article\" \/>\n<meta property=\"og:title\" content=\"Nuestro Consejo | Renaissance Entrepreneurship Center\" \/>\n<meta property=\"og:description\" content=\"Conoce a los l\u00edderes que hay detr\u00e1s del Renacimiento. \u00danete a nosotros en nuestra misi\u00f3n de \u00e9xito. \u00a1Explora a los miembros de nuestra junta directiva e insp\u00edrate hoy mismo!\" \/>\n<meta property=\"og:url\" content=\"https:\/\/rencenter.org\/es\/nuestro-consejo\/\" \/>\n<meta property=\"og:site_name\" content=\"Renaissance Entrepreneurship Center\" \/>\n<meta property=\"article:publisher\" content=\"https:\/\/www.facebook.com\/RenaissanceEntrepreneurshipCenter\" \/>\n<meta property=\"article:modified_time\" content=\"2025-05-14T10:34:51+00:00\" \/>\n<meta property=\"og:image\" content=\"https:\/\/rencenter.org\/wp-content\/uploads\/2023\/11\/certified-women-banner.jpg\" \/>\n\t<meta property=\"og:image:width\" content=\"1350\" \/>\n\t<meta property=\"og:image:height\" content=\"823\" \/>\n\t<meta property=\"og:image:type\" content=\"image\/jpeg\" \/>\n<meta name=\"twitter:card\" content=\"summary_large_image\" \/>\n<meta name=\"twitter:site\" content=\"@RenCenter_\" \/>\n<!-- \/ Yoast SEO plugin. -->","yoast_head_json":{"title":"Nuestro Consejo | Renaissance Entrepreneurship Center","description":"Conoce a los l\u00edderes que hay detr\u00e1s del Renacimiento. \u00danete a nosotros en nuestra misi\u00f3n de \u00e9xito. \u00a1Explora a los miembros de nuestra junta directiva e insp\u00edrate hoy mismo!","robots":{"index":"index","follow":"follow","max-snippet":"max-snippet:-1","max-image-preview":"max-image-preview:large","max-video-preview":"max-video-preview:-1"},"canonical":"https:\/\/rencenter.org\/es\/nuestro-consejo\/","og_locale":"es_ES","og_type":"article","og_title":"Nuestro Consejo | Renaissance Entrepreneurship Center","og_description":"Conoce a los l\u00edderes que hay detr\u00e1s del Renacimiento. \u00danete a nosotros en nuestra misi\u00f3n de \u00e9xito. \u00a1Explora a los miembros de nuestra junta directiva e insp\u00edrate hoy mismo!","og_url":"https:\/\/rencenter.org\/es\/nuestro-consejo\/","og_site_name":"Renaissance Entrepreneurship Center","article_publisher":"https:\/\/www.facebook.com\/RenaissanceEntrepreneurshipCenter","article_modified_time":"2025-05-14T10:34:51+00:00","og_image":[{"width":1350,"height":823,"url":"https:\/\/rencenter.org\/wp-content\/uploads\/2023\/11\/certified-women-banner.jpg","type":"image\/jpeg"}],"twitter_card":"summary_large_image","twitter_site":"@RenCenter_","schema":{"@context":"https:\/\/schema.org","@graph":[{"@type":"WebPage","@id":"https:\/\/rencenter.org\/es\/nuestro-consejo\/","url":"https:\/\/rencenter.org\/es\/nuestro-consejo\/","name":"Nuestro Consejo | Renaissance Entrepreneurship Center","isPartOf":{"@id":"https:\/\/rencenter.org\/es\/#website"},"datePublished":"2023-07-18T14:03:13+00:00","dateModified":"2025-05-14T10:34:51+00:00","description":"Conoce a los l\u00edderes que hay detr\u00e1s del Renacimiento. \u00danete a nosotros en nuestra misi\u00f3n de \u00e9xito. \u00a1Explora a los miembros de nuestra junta directiva e insp\u00edrate hoy mismo!","breadcrumb":{"@id":"https:\/\/rencenter.org\/es\/nuestro-consejo\/#breadcrumb"},"inLanguage":"es","potentialAction":[{"@type":"ReadAction","target":["https:\/\/rencenter.org\/es\/nuestro-consejo\/"]}]},{"@type":"BreadcrumbList","@id":"https:\/\/rencenter.org\/es\/nuestro-consejo\/#breadcrumb","itemListElement":[{"@type":"ListItem","position":1,"name":"Home","item":"https:\/\/rencenter.org\/es\/"},{"@type":"ListItem","position":2,"name":"Nuestro Consejo"}]},{"@type":"WebSite","@id":"https:\/\/rencenter.org\/es\/#website","url":"https:\/\/rencenter.org\/es\/","name":"Renaissance Entrepreneurship Center","description":"Transforming lives and communities through entrepreneurship","publisher":{"@id":"https:\/\/rencenter.org\/es\/#organization"},"potentialAction":[{"@type":"SearchAction","target":{"@type":"EntryPoint","urlTemplate":"https:\/\/rencenter.org\/es\/?s={search_term_string}"},"query-input":{"@type":"PropertyValueSpecification","valueRequired":true,"valueName":"search_term_string"}}],"inLanguage":"es"},{"@type":"Organization","@id":"https:\/\/rencenter.org\/es\/#organization","name":"Renaissance Entrepreneurship Center","url":"https:\/\/rencenter.org\/es\/","logo":{"@type":"ImageObject","inLanguage":"es","@id":"https:\/\/rencenter.org\/es\/#\/schema\/logo\/image\/","url":"https:\/\/rencenter.org\/wp-content\/uploads\/2024\/01\/rencenter.png","contentUrl":"https:\/\/rencenter.org\/wp-content\/uploads\/2024\/01\/rencenter.png","width":1080,"height":1080,"caption":"Renaissance Entrepreneurship Center"},"image":{"@id":"https:\/\/rencenter.org\/es\/#\/schema\/logo\/image\/"},"sameAs":["https:\/\/www.facebook.com\/RenaissanceEntrepreneurshipCenter","https:\/\/x.com\/RenCenter_"]}]}},"_links":{"self":[{"href":"https:\/\/rencenter.org\/es\/wp-json\/wp\/v2\/pages\/81915","targetHints":{"allow":["GET"]}}],"collection":[{"href":"https:\/\/rencenter.org\/es\/wp-json\/wp\/v2\/pages"}],"about":[{"href":"https:\/\/rencenter.org\/es\/wp-json\/wp\/v2\/types\/page"}],"author":[{"embeddable":true,"href":"https:\/\/rencenter.org\/es\/wp-json\/wp\/v2\/users\/40"}],"replies":[{"embeddable":true,"href":"https:\/\/rencenter.org\/es\/wp-json\/wp\/v2\/comments?post=81915"}],"version-history":[{"count":1,"href":"https:\/\/rencenter.org\/es\/wp-json\/wp\/v2\/pages\/81915\/revisions"}],"predecessor-version":[{"id":90152,"href":"https:\/\/rencenter.org\/es\/wp-json\/wp\/v2\/pages\/81915\/revisions\/90152"}],"wp:attachment":[{"href":"https:\/\/rencenter.org\/es\/wp-json\/wp\/v2\/media?parent=81915"}],"curies":[{"name":"wp","href":"https:\/\/api.w.org\/{rel}","templated":true}]}}