{"id":81903,"date":"2023-07-25T06:32:54","date_gmt":"2023-07-25T13:32:54","guid":{"rendered":"https:\/politica-de-privacidad\/"},"modified":"2024-05-09T04:44:31","modified_gmt":"2024-05-09T11:44:31","slug":"politica-de-privacidad","status":"publish","type":"page","link":"https:\/\/rencenter.org\/es\/politica-de-privacidad\/","title":{"rendered":"Pol\u00edtica de privacidad"},"content":{"rendered":"\t\t<div data-elementor-type=\"wp-page\" data-elementor-id=\"81903\" class=\"elementor elementor-81903 elementor-67882\" data-elementor-post-type=\"page\">\n\t\t\t\t\t\t<section class=\"elementor-section elementor-top-section elementor-element elementor-element-2b25e5c2 elementor-section-full_width elementor-section-height-default elementor-section-height-default\" data-id=\"2b25e5c2\" data-element_type=\"section\" data-e-type=\"section\">\n\t\t\t\t\t\t<div class=\"elementor-container elementor-column-gap-no\">\n\t\t\t\t\t<div class=\"elementor-column elementor-col-100 elementor-top-column elementor-element elementor-element-605c934b\" data-id=\"605c934b\" data-element_type=\"column\" data-e-type=\"column\">\n\t\t\t<div class=\"elementor-widget-wrap elementor-element-populated\">\n\t\t\t\t\t\t<div class=\"elementor-element elementor-element-7a601c20 elementor-widget elementor-widget-template\" data-id=\"7a601c20\" data-element_type=\"widget\" data-e-type=\"widget\" data-widget_type=\"template.default\">\n\t\t\t\t<div class=\"elementor-widget-container\">\n\t\t\t\t\t\t\t<div class=\"elementor-template\">\n\t\t\t\t\t<div data-elementor-type=\"page\" data-elementor-id=\"70156\" class=\"elementor elementor-70156\" data-elementor-post-type=\"elementor_library\">\n\t\t\t\t\t\t<section class=\"elementor-section elementor-top-section elementor-element elementor-element-963efc5 elementor-section-boxed elementor-section-height-default elementor-section-height-default\" data-id=\"963efc5\" data-element_type=\"section\" data-e-type=\"section\" data-settings=\"{&quot;background_background&quot;:&quot;classic&quot;}\">\n\t\t\t\t\t\t\t<div class=\"elementor-background-overlay\"><\/div>\n\t\t\t\t\t\t\t<div class=\"elementor-container elementor-column-gap-default\">\n\t\t\t\t\t<div class=\"elementor-column elementor-col-100 elementor-top-column elementor-element elementor-element-d1378b0\" data-id=\"d1378b0\" data-element_type=\"column\" data-e-type=\"column\">\n\t\t\t<div class=\"elementor-widget-wrap elementor-element-populated\">\n\t\t\t\t\t\t<div class=\"elementor-element elementor-element-fa102dd elementor-widget elementor-widget-theme-post-title elementor-page-title elementor-widget-heading\" data-id=\"fa102dd\" data-element_type=\"widget\" data-e-type=\"widget\" data-widget_type=\"theme-post-title.default\">\n\t\t\t\t<div class=\"elementor-widget-container\">\n\t\t\t\t\t<h1 class=\"elementor-heading-title elementor-size-default\">Pol\u00edtica de privacidad<\/h1>\t\t\t\t<\/div>\n\t\t\t\t<\/div>\n\t\t\t\t\t<\/div>\n\t\t<\/div>\n\t\t\t\t\t<\/div>\n\t\t<\/section>\n\t\t\t\t<\/div>\n\t\t\t\t<\/div>\n\t\t\t\t\t\t<\/div>\n\t\t\t\t<\/div>\n\t\t\t\t\t<\/div>\n\t\t<\/div>\n\t\t\t\t\t<\/div>\n\t\t<\/section>\n\t\t\t\t<section class=\"elementor-section elementor-top-section elementor-element elementor-element-87e2a03 elementor-section-boxed elementor-section-height-default elementor-section-height-default\" data-id=\"87e2a03\" data-element_type=\"section\" data-e-type=\"section\">\n\t\t\t\t\t\t<div class=\"elementor-container elementor-column-gap-default\">\n\t\t\t\t\t<div class=\"elementor-column elementor-col-100 elementor-top-column elementor-element elementor-element-26fe243\" data-id=\"26fe243\" data-element_type=\"column\" data-e-type=\"column\">\n\t\t\t<div class=\"elementor-widget-wrap elementor-element-populated\">\n\t\t\t\t\t\t<div class=\"elementor-element elementor-element-54f0f8d elementor-widget elementor-widget-heading\" data-id=\"54f0f8d\" data-element_type=\"widget\" data-e-type=\"widget\" data-widget_type=\"heading.default\">\n\t\t\t\t<div class=\"elementor-widget-container\">\n\t\t\t\t\t<h2 class=\"elementor-heading-title elementor-size-default\">Pol\u00edtica de privacidad de Renaissance\n<\/h2>\t\t\t\t<\/div>\n\t\t\t\t<\/div>\n\t\t\t\t<div class=\"elementor-element elementor-element-0e40b15 elementor-widget__width-initial elementor-widget elementor-widget-text-editor\" data-id=\"0e40b15\" data-element_type=\"widget\" data-e-type=\"widget\" data-widget_type=\"text-editor.default\">\n\t\t\t\t<div class=\"elementor-widget-container\">\n\t\t\t\t\t\t\t\t\t<p>Gracias por tu inter\u00e9s en saber c\u00f3mo utiliza y protege el Renaissance Entrepreneurship Center los datos que nos proporcionan los visitantes del sitio web, los clientes, los empresarios, los visitantes, los donantes y las partes interesadas. Nos comprometemos a proteger tu informaci\u00f3n personal. Esta Pol\u00edtica de Privacidad explica c\u00f3mo recogemos, utilizamos, revelamos y salvaguardamos la informaci\u00f3n cuando visitas nuestro sitio web.<\/p>\n<p><strong>Recogida de tu informaci\u00f3n:<\/strong> Cuando accedes a nuestro sitio web, podemos recopilar tu direcci\u00f3n de correo electr\u00f3nico para nuestros boletines y anuncios, informaci\u00f3n de pago para inscripciones o donaciones, as\u00ed como cierta informaci\u00f3n personal si te inscribes en nuestras clases, talleres o actividades. Tambi\u00e9n podemos agregar informaci\u00f3n no personal sobre c\u00f3mo has utilizado nuestro sitio web, con el fin de mejorar nuestro sitio web y mostrar nuestra informaci\u00f3n. Podemos recopilar informaci\u00f3n sobre ti de varias formas:<\/p>\n<ul>\n<li dir=\"ltr\" aria-level=\"1\">\n<p dir=\"ltr\" role=\"presentation\">Datos personales: Tales como nombre, direcci\u00f3n de correo electr\u00f3nico, direcci\u00f3n postal, n\u00famero de tel\u00e9fono u otros identificadores.<\/p>\n<\/li>\n<li dir=\"ltr\" aria-level=\"1\">\n<p dir=\"ltr\" role=\"presentation\">Datos de uso: Datos recogidos autom\u00e1ticamente sobre c\u00f3mo se accede y se utiliza el Sitio. Esto puede incluir tu direcci\u00f3n IP, tipo de navegador y m\u00e1s<\/p>\n<\/li>\n<\/ul>\n<p dir=\"ltr\"><strong>Uso de tu informaci\u00f3n:<\/strong> Podemos utilizar la informaci\u00f3n recopilada sobre ti para:<\/p>\n<ul>\n<li dir=\"ltr\" aria-level=\"1\">\n<p dir=\"ltr\" role=\"presentation\">Enviarte correos electr\u00f3nicos y otras comunicaciones sobre servicios y eventos..<\/p>\n<\/li>\n<li dir=\"ltr\" aria-level=\"1\">\n<p dir=\"ltr\" role=\"presentation\">Controlar y analizar el uso y las tendencias para mejorar tu experiencia.<\/p>\n<\/li>\n<\/ul>\n<p dir=\"ltr\">Nos regimos por la comunicaci\u00f3n basada en permisos y la reducci\u00f3n del spam y la comunicaci\u00f3n no solicitada. Puedes dejar de recibir futuros correos electr\u00f3nicos nuestros solicitando la baja en la parte inferior de cada correo electr\u00f3nico.<\/p>\n<p dir=\"ltr\"><strong>Divulgaci\u00f3n de tu informaci\u00f3n:<\/strong> Renaissance no comparte, vende ni intercambia nombres u otra informaci\u00f3n personal sobre los usuarios del sitio web, clientes, donantes o partes interesadas con vendedores masivos ni terceros para sus fines de marketing. No compartimos la informaci\u00f3n de los donantes con ninguna otra organizaci\u00f3n. Podemos compartir tu informaci\u00f3n bajo los siguientes par\u00e1metros:<\/p>\n<ul>\n<li dir=\"ltr\" aria-level=\"1\">\n<p dir=\"ltr\" role=\"presentation\">Cumplir los requisitos legales.<\/p>\n<\/li>\n<li dir=\"ltr\" aria-level=\"1\">\n<p dir=\"ltr\" role=\"presentation\">Proteger nuestros derechos y propiedades.<\/p>\n<\/li>\n<li dir=\"ltr\" aria-level=\"1\">\n<p dir=\"ltr\" role=\"presentation\">Transmisiones o adquisiciones de empresas.<\/p>\n<\/li>\n<\/ul>\n<p><strong>Seguridad de tu informaci\u00f3n:<\/strong> Renaissance utiliza diversas medidas de seguridad para proteger tu informaci\u00f3n, incluyendo la encriptaci\u00f3n y los servidores seguros. Tambi\u00e9n seguimos procedimientos estrictos para garantizar que trabajamos con todos los datos personales de acuerdo con la Ley de Protecci\u00f3n de Datos de 1998. Trabajamos con plataformas adicionales para procesar las donaciones y asegurar nuestras bases de datos de clientes y donantes. Tambi\u00e9n tienen prohibido vender, compartir o comerciar con nuestra informaci\u00f3n:<\/p>\n<ul>\n<li dir=\"ltr\" aria-level=\"1\">\n<p dir=\"ltr\" role=\"presentation\"><a href=\"https:\/\/www1.vistashare.com\/privacy-policy\/\" target=\"_blank\" rel=\"noopener\">Outcome Tracker de Vistashare<\/a> &#8211; plataforma online que gestiona de forma segura los datos de nuestros clientes<\/p>\n<\/li>\n<li dir=\"ltr\" aria-level=\"1\">\n<p dir=\"ltr\" role=\"presentation\"><a href=\"https:\/\/www.givelively.org\/privacy-policy\" target=\"_blank\" rel=\"noopener\">Give lively<\/a> &#8211; plataforma de recaudaci\u00f3n de fondos<\/p>\n<\/li>\n<li dir=\"ltr\" aria-level=\"1\">\n<p dir=\"ltr\" role=\"presentation\"><a href=\"https:\/\/www.salesforce.com\/company\/privacy\/\" target=\"_blank\" rel=\"noopener\">Salesforce<\/a> &#8211; software de relaciones con los clientes en l\u00ednea<\/p>\n<\/li>\n<\/ul>\n<p dir=\"ltr\"><strong>Tus derechos de privacidad en California (CCPA):<\/strong> Si eres residente en California, tienes ciertos derechos, entre ellos<\/p>\n<ul>\n<li dir=\"ltr\" aria-level=\"1\">\n<p dir=\"ltr\" role=\"presentation\">Solicitar qu\u00e9 informaci\u00f3n personal tenemos sobre ti, si la hay.<\/p>\n<\/li>\n<li dir=\"ltr\" aria-level=\"1\">\n<p dir=\"ltr\" role=\"presentation\">Solicitarnos que eliminemos cualquier informaci\u00f3n personal que tengamos sobre ti.<\/p>\n<\/li>\n<li dir=\"ltr\" aria-level=\"1\">\n<p dir=\"ltr\" role=\"presentation\">Expresar tu preocupaci\u00f3n si crees que no estamos tratando tu informaci\u00f3n personal con el debido cuidado.<\/p>\n<\/li>\n<\/ul>\n<p dir=\"ltr\">No te discriminaremos por ejercer cualquiera de tus derechos CCPA.<\/p>\n\t\t\t\t\t\t\t\t<\/div>\n\t\t\t\t<\/div>\n\t\t\t\t\t<\/div>\n\t\t<\/div>\n\t\t\t\t\t<\/div>\n\t\t<\/section>\n\t\t\t\t<\/div>\n\t\t","protected":false},"excerpt":{"rendered":"<p>Pol\u00edtica de privacidad de Renaissance Gracias por tu inter\u00e9s en saber c\u00f3mo utiliza y protege el Renaissance Entrepreneurship Center los [&hellip;]<\/p>\n","protected":false},"author":40,"featured_media":0,"parent":0,"menu_order":0,"comment_status":"closed","ping_status":"closed","template":"elementor_header_footer","meta":{"_acf_changed":false,"_eb_attr":"","inline_featured_image":false,"footnotes":""},"class_list":["post-81903","page","type-page","status-publish","hentry"],"acf":[],"yoast_head":"<!-- This site is optimized with the Yoast SEO plugin v27.3 - https:\/\/yoast.com\/product\/yoast-seo-wordpress\/ -->\n<title>Pol\u00edtica de privacidad | Renaissance Entrepreneurship Center<\/title>\n<meta name=\"description\" content=\"Revisa nuestra Pol\u00edtica de Privacidad para obtener informaci\u00f3n sobre la protecci\u00f3n de datos. Tu privacidad importa. Accede a la pol\u00edtica para conocer los detalles. M\u00e1s informaci\u00f3n\" \/>\n<meta name=\"robots\" content=\"index, follow, max-snippet:-1, max-image-preview:large, max-video-preview:-1\" \/>\n<link rel=\"canonical\" href=\"https:\/\/rencenter.org\/es\/politica-de-privacidad\/\" \/>\n<meta property=\"og:locale\" content=\"es_ES\" \/>\n<meta property=\"og:type\" content=\"article\" \/>\n<meta property=\"og:title\" content=\"Pol\u00edtica de privacidad | Renaissance Entrepreneurship Center\" \/>\n<meta property=\"og:description\" content=\"Revisa nuestra Pol\u00edtica de Privacidad para obtener informaci\u00f3n sobre la protecci\u00f3n de datos. Tu privacidad importa. Accede a la pol\u00edtica para conocer los detalles. M\u00e1s informaci\u00f3n\" \/>\n<meta property=\"og:url\" content=\"https:\/\/rencenter.org\/es\/politica-de-privacidad\/\" \/>\n<meta property=\"og:site_name\" content=\"Renaissance Entrepreneurship Center\" \/>\n<meta property=\"article:publisher\" content=\"https:\/\/www.facebook.com\/RenaissanceEntrepreneurshipCenter\" \/>\n<meta property=\"article:modified_time\" content=\"2024-05-09T11:44:31+00:00\" \/>\n<meta property=\"og:image\" content=\"https:\/\/rencenter.org\/wp-content\/uploads\/2023\/11\/certified-women-banner.jpg\" \/>\n\t<meta property=\"og:image:width\" content=\"1350\" \/>\n\t<meta property=\"og:image:height\" content=\"823\" \/>\n\t<meta property=\"og:image:type\" content=\"image\/jpeg\" \/>\n<meta name=\"twitter:card\" content=\"summary_large_image\" \/>\n<meta name=\"twitter:site\" content=\"@RenCenter_\" \/>\n<meta name=\"twitter:label1\" content=\"Tiempo de lectura\" \/>\n\t<meta name=\"twitter:data1\" content=\"3 minutos\" \/>\n<!-- \/ Yoast SEO plugin. -->","yoast_head_json":{"title":"Pol\u00edtica de privacidad | Renaissance Entrepreneurship Center","description":"Revisa nuestra Pol\u00edtica de Privacidad para obtener informaci\u00f3n sobre la protecci\u00f3n de datos. Tu privacidad importa. Accede a la pol\u00edtica para conocer los detalles. M\u00e1s informaci\u00f3n","robots":{"index":"index","follow":"follow","max-snippet":"max-snippet:-1","max-image-preview":"max-image-preview:large","max-video-preview":"max-video-preview:-1"},"canonical":"https:\/\/rencenter.org\/es\/politica-de-privacidad\/","og_locale":"es_ES","og_type":"article","og_title":"Pol\u00edtica de privacidad | Renaissance Entrepreneurship Center","og_description":"Revisa nuestra Pol\u00edtica de Privacidad para obtener informaci\u00f3n sobre la protecci\u00f3n de datos. Tu privacidad importa. Accede a la pol\u00edtica para conocer los detalles. M\u00e1s informaci\u00f3n","og_url":"https:\/\/rencenter.org\/es\/politica-de-privacidad\/","og_site_name":"Renaissance Entrepreneurship Center","article_publisher":"https:\/\/www.facebook.com\/RenaissanceEntrepreneurshipCenter","article_modified_time":"2024-05-09T11:44:31+00:00","og_image":[{"width":1350,"height":823,"url":"https:\/\/rencenter.org\/wp-content\/uploads\/2023\/11\/certified-women-banner.jpg","type":"image\/jpeg"}],"twitter_card":"summary_large_image","twitter_site":"@RenCenter_","twitter_misc":{"Tiempo de lectura":"3 minutos"},"schema":{"@context":"https:\/\/schema.org","@graph":[{"@type":"WebPage","@id":"https:\/\/rencenter.org\/es\/politica-de-privacidad\/","url":"https:\/\/rencenter.org\/es\/politica-de-privacidad\/","name":"Pol\u00edtica de privacidad | Renaissance Entrepreneurship Center","isPartOf":{"@id":"https:\/\/rencenter.org\/es\/#website"},"datePublished":"2023-07-25T13:32:54+00:00","dateModified":"2024-05-09T11:44:31+00:00","description":"Revisa nuestra Pol\u00edtica de Privacidad para obtener informaci\u00f3n sobre la protecci\u00f3n de datos. Tu privacidad importa. Accede a la pol\u00edtica para conocer los detalles. M\u00e1s informaci\u00f3n","breadcrumb":{"@id":"https:\/\/rencenter.org\/es\/politica-de-privacidad\/#breadcrumb"},"inLanguage":"es","potentialAction":[{"@type":"ReadAction","target":["https:\/\/rencenter.org\/es\/politica-de-privacidad\/"]}]},{"@type":"BreadcrumbList","@id":"https:\/\/rencenter.org\/es\/politica-de-privacidad\/#breadcrumb","itemListElement":[{"@type":"ListItem","position":1,"name":"Home","item":"https:\/\/rencenter.org\/es\/"},{"@type":"ListItem","position":2,"name":"Pol\u00edtica de privacidad"}]},{"@type":"WebSite","@id":"https:\/\/rencenter.org\/es\/#website","url":"https:\/\/rencenter.org\/es\/","name":"Renaissance Entrepreneurship Center","description":"Transforming lives and communities through entrepreneurship","publisher":{"@id":"https:\/\/rencenter.org\/es\/#organization"},"potentialAction":[{"@type":"SearchAction","target":{"@type":"EntryPoint","urlTemplate":"https:\/\/rencenter.org\/es\/?s={search_term_string}"},"query-input":{"@type":"PropertyValueSpecification","valueRequired":true,"valueName":"search_term_string"}}],"inLanguage":"es"},{"@type":"Organization","@id":"https:\/\/rencenter.org\/es\/#organization","name":"Renaissance Entrepreneurship Center","url":"https:\/\/rencenter.org\/es\/","logo":{"@type":"ImageObject","inLanguage":"es","@id":"https:\/\/rencenter.org\/es\/#\/schema\/logo\/image\/","url":"https:\/\/rencenter.org\/wp-content\/uploads\/2024\/01\/rencenter.png","contentUrl":"https:\/\/rencenter.org\/wp-content\/uploads\/2024\/01\/rencenter.png","width":1080,"height":1080,"caption":"Renaissance Entrepreneurship Center"},"image":{"@id":"https:\/\/rencenter.org\/es\/#\/schema\/logo\/image\/"},"sameAs":["https:\/\/www.facebook.com\/RenaissanceEntrepreneurshipCenter","https:\/\/x.com\/RenCenter_"]}]}},"_links":{"self":[{"href":"https:\/\/rencenter.org\/es\/wp-json\/wp\/v2\/pages\/81903","targetHints":{"allow":["GET"]}}],"collection":[{"href":"https:\/\/rencenter.org\/es\/wp-json\/wp\/v2\/pages"}],"about":[{"href":"https:\/\/rencenter.org\/es\/wp-json\/wp\/v2\/types\/page"}],"author":[{"embeddable":true,"href":"https:\/\/rencenter.org\/es\/wp-json\/wp\/v2\/users\/40"}],"replies":[{"embeddable":true,"href":"https:\/\/rencenter.org\/es\/wp-json\/wp\/v2\/comments?post=81903"}],"version-history":[{"count":0,"href":"https:\/\/rencenter.org\/es\/wp-json\/wp\/v2\/pages\/81903\/revisions"}],"wp:attachment":[{"href":"https:\/\/rencenter.org\/es\/wp-json\/wp\/v2\/media?parent=81903"}],"curies":[{"name":"wp","href":"https:\/\/api.w.org\/{rel}","templated":true}]}}