{"id":81891,"date":"2023-08-31T04:01:45","date_gmt":"2023-08-31T11:01:45","guid":{"rendered":"https:\/peninsula-san-mateo-sbdc\/"},"modified":"2024-05-22T03:55:26","modified_gmt":"2024-05-22T10:55:26","slug":"peninsula-san-mateo-sbdc","status":"publish","type":"page","link":"https:\/\/rencenter.org\/es\/peninsula-san-mateo-sbdc\/","title":{"rendered":"Pen\u00ednsula, San Mateo SBDC"},"content":{"rendered":"\n<p>Con el apoyo de la Agencia Federal para el Desarrollo de la Peque\u00f1a Empresa (SBA) y la Oficina del Defensor de la Peque\u00f1a Empresa de California (CALOSBA), el Centro de Desarrollo de la Peque\u00f1a Empresa de San Mateo, albergado por Renaissance, es un recurso clave para las peque\u00f1as empresas del condado de San Mateo.<\/p>\n\n<p>El SBDC de San Mateo ofrece formaci\u00f3n empresarial pr\u00e1ctica, asesoramiento individualizado y talleres en grupo, todo ello dise\u00f1ado para fomentar la creaci\u00f3n, el crecimiento y la sostenibilidad de las empresas. Nuestra misi\u00f3n principal es elevar el esp\u00edritu empresarial del condado de San Mateo. Adem\u00e1s, somos un orgulloso miembro de la Red de Desarrollo de Peque\u00f1as Empresas del Norte de California, dirigida por Cal Poly Humboldt.<\/p>\n\n<p>Estamos aqu\u00ed para dotar a las peque\u00f1as empresas de las herramientas, ideas y estrategias adecuadas. Si necesitas ayuda para redactar un plan de empresa, acceder a financiaci\u00f3n o sortear los retos del mercado, estamos a tu lado. Nuestras puertas est\u00e1n abiertas a empresarios de toda condici\u00f3n, celebrando la diversidad y el potencial de nuestra comunidad empresarial local. Para m\u00e1s informaci\u00f3n sobre el SBDC de San Mateo, <a rel=\"noreferrer noopener\" href=\"https:\/\/www.sanmateosbdc.org\/\" target=\"_blank\">haz clic aqu\u00ed.<\/a><\/p>\n\n<p>Todos los programas de la SBA est\u00e1n disponibles para todos. Para las personas con discapacidad, ofrecemos adaptaciones razonables. Te rogamos que hagas estas solicitudes con al menos 2 semanas de antelaci\u00f3n. Para obtener ayuda o m\u00e1s informaci\u00f3n, ponte en contacto con Nora Raz\u00f3n en <a href=\"mailto:nrazon@\">nrazon@<\/a> o (650) 395-9130<\/p>\n\n<div class=\"wp-block-columns is-layout-flex wp-container-core-columns-is-layout-9d6595d7 wp-block-columns-is-layout-flex\">\n<div class=\"wp-block-column is-layout-flow wp-block-column-is-layout-flow\" style=\"flex-basis:40%\"><\/div>\n\n\n\n<div class=\"wp-block-column is-layout-flow wp-block-column-is-layout-flow\" style=\"flex-basis:200px\"><div class=\"wp-block-image\">\n<figure class=\"aligncenter size-full is-resized\"><img decoding=\"async\" width=\"300\" height=\"150\" src=\"http:\/\/rencenter.org\/wp-content\/uploads\/2023\/08\/US-SBA-Office-of-Womens-Business.png\" alt=\"\" class=\"wp-image-69995\" style=\"object-fit:cover;width:100px;height:100px\"\/><\/figure>\n<\/div><\/div>\n\n\n\n<div class=\"wp-block-column is-layout-flow wp-block-column-is-layout-flow\" style=\"flex-basis:200px\"><div class=\"wp-block-image\">\n<figure class=\"aligncenter size-full is-resized\"><img decoding=\"async\" width=\"100\" height=\"100\" src=\"http:\/\/rencenter.org\/wp-content\/uploads\/2023\/09\/cal-small-businesd-1.jpg\" alt=\"\" class=\"wp-image-73060\" style=\"object-fit:contain;width:100px;height:100px\"\/><\/figure>\n<\/div><\/div>\n\n\n\n<div class=\"wp-block-column is-layout-flow wp-block-column-is-layout-flow\" style=\"flex-basis:40%\"><\/div>\n<\/div>\n","protected":false},"excerpt":{"rendered":"<p>Con el apoyo de la Agencia Federal para el Desarrollo de la Peque\u00f1a Empresa (SBA) y la Oficina del Defensor [&hellip;]<\/p>\n","protected":false},"author":40,"featured_media":81098,"parent":0,"menu_order":0,"comment_status":"closed","ping_status":"closed","template":"templates\/location-program.php","meta":{"_acf_changed":false,"_eb_attr":"","inline_featured_image":false,"footnotes":""},"class_list":["post-81891","page","type-page","status-publish","has-post-thumbnail","hentry"],"acf":[],"yoast_head":"<!-- This site is optimized with the Yoast SEO plugin v27.5 - https:\/\/yoast.com\/product\/yoast-seo-wordpress\/ -->\n<title>Pen\u00ednsula, San Mateo SBDC | Renacimiento<\/title>\n<meta name=\"description\" content=\"Eleva tu negocio con Renaissance. Explora nuestra p\u00e1gina del SBDC de San Mateo para obtener orientaci\u00f3n experta en la Pen\u00ednsula. \u00a1Comienza hoy tu viaje!\" \/>\n<meta name=\"robots\" content=\"index, follow, max-snippet:-1, max-image-preview:large, max-video-preview:-1\" \/>\n<link rel=\"canonical\" href=\"https:\/\/rencenter.org\/es\/peninsula-san-mateo-sbdc\/\" \/>\n<meta property=\"og:locale\" content=\"es_ES\" \/>\n<meta property=\"og:type\" content=\"article\" \/>\n<meta property=\"og:title\" content=\"Pen\u00ednsula, San Mateo SBDC | Renacimiento\" \/>\n<meta property=\"og:description\" content=\"Eleva tu negocio con Renaissance. Explora nuestra p\u00e1gina del SBDC de San Mateo para obtener orientaci\u00f3n experta en la Pen\u00ednsula. \u00a1Comienza hoy tu viaje!\" \/>\n<meta property=\"og:url\" content=\"https:\/\/rencenter.org\/es\/peninsula-san-mateo-sbdc\/\" \/>\n<meta property=\"og:site_name\" content=\"Renaissance Entrepreneurship Center\" \/>\n<meta property=\"article:publisher\" content=\"https:\/\/www.facebook.com\/RenaissanceEntrepreneurshipCenter\" \/>\n<meta property=\"article:modified_time\" content=\"2024-05-22T10:55:26+00:00\" \/>\n<meta property=\"og:image\" content=\"https:\/\/rencenter.org\/wp-content\/uploads\/2023\/07\/bg8.png\" \/>\n\t<meta property=\"og:image:width\" content=\"1592\" \/>\n\t<meta property=\"og:image:height\" content=\"651\" \/>\n\t<meta property=\"og:image:type\" content=\"image\/png\" \/>\n<meta name=\"twitter:card\" content=\"summary_large_image\" \/>\n<meta name=\"twitter:site\" content=\"@RenCenter_\" \/>\n<meta name=\"twitter:label1\" content=\"Tiempo de lectura\" \/>\n\t<meta name=\"twitter:data1\" content=\"2 minutos\" \/>\n<!-- \/ Yoast SEO plugin. -->","yoast_head_json":{"title":"Pen\u00ednsula, San Mateo SBDC | Renacimiento","description":"Eleva tu negocio con Renaissance. Explora nuestra p\u00e1gina del SBDC de San Mateo para obtener orientaci\u00f3n experta en la Pen\u00ednsula. \u00a1Comienza hoy tu viaje!","robots":{"index":"index","follow":"follow","max-snippet":"max-snippet:-1","max-image-preview":"max-image-preview:large","max-video-preview":"max-video-preview:-1"},"canonical":"https:\/\/rencenter.org\/es\/peninsula-san-mateo-sbdc\/","og_locale":"es_ES","og_type":"article","og_title":"Pen\u00ednsula, San Mateo SBDC | Renacimiento","og_description":"Eleva tu negocio con Renaissance. Explora nuestra p\u00e1gina del SBDC de San Mateo para obtener orientaci\u00f3n experta en la Pen\u00ednsula. \u00a1Comienza hoy tu viaje!","og_url":"https:\/\/rencenter.org\/es\/peninsula-san-mateo-sbdc\/","og_site_name":"Renaissance Entrepreneurship Center","article_publisher":"https:\/\/www.facebook.com\/RenaissanceEntrepreneurshipCenter","article_modified_time":"2024-05-22T10:55:26+00:00","og_image":[{"width":1592,"height":651,"url":"https:\/\/rencenter.org\/wp-content\/uploads\/2023\/07\/bg8.png","type":"image\/png"}],"twitter_card":"summary_large_image","twitter_site":"@RenCenter_","twitter_misc":{"Tiempo de lectura":"2 minutos"},"schema":{"@context":"https:\/\/schema.org","@graph":[{"@type":"WebPage","@id":"https:\/\/rencenter.org\/es\/peninsula-san-mateo-sbdc\/","url":"https:\/\/rencenter.org\/es\/peninsula-san-mateo-sbdc\/","name":"Pen\u00ednsula, San Mateo SBDC | Renacimiento","isPartOf":{"@id":"https:\/\/rencenter.org\/es\/#website"},"primaryImageOfPage":{"@id":"https:\/\/rencenter.org\/es\/peninsula-san-mateo-sbdc\/#primaryimage"},"image":{"@id":"https:\/\/rencenter.org\/es\/peninsula-san-mateo-sbdc\/#primaryimage"},"thumbnailUrl":"https:\/\/rencenter.org\/wp-content\/uploads\/2023\/07\/bg8.png","datePublished":"2023-08-31T11:01:45+00:00","dateModified":"2024-05-22T10:55:26+00:00","description":"Eleva tu negocio con Renaissance. Explora nuestra p\u00e1gina del SBDC de San Mateo para obtener orientaci\u00f3n experta en la Pen\u00ednsula. \u00a1Comienza hoy tu viaje!","breadcrumb":{"@id":"https:\/\/rencenter.org\/es\/peninsula-san-mateo-sbdc\/#breadcrumb"},"inLanguage":"es","potentialAction":[{"@type":"ReadAction","target":["https:\/\/rencenter.org\/es\/peninsula-san-mateo-sbdc\/"]}]},{"@type":"ImageObject","inLanguage":"es","@id":"https:\/\/rencenter.org\/es\/peninsula-san-mateo-sbdc\/#primaryimage","url":"https:\/\/rencenter.org\/wp-content\/uploads\/2023\/07\/bg8.png","contentUrl":"https:\/\/rencenter.org\/wp-content\/uploads\/2023\/07\/bg8.png","width":1592,"height":651},{"@type":"BreadcrumbList","@id":"https:\/\/rencenter.org\/es\/peninsula-san-mateo-sbdc\/#breadcrumb","itemListElement":[{"@type":"ListItem","position":1,"name":"Home","item":"https:\/\/rencenter.org\/es\/"},{"@type":"ListItem","position":2,"name":"Pen\u00ednsula, San Mateo SBDC"}]},{"@type":"WebSite","@id":"https:\/\/rencenter.org\/es\/#website","url":"https:\/\/rencenter.org\/es\/","name":"Renaissance Entrepreneurship Center","description":"Transforming lives and communities through entrepreneurship","publisher":{"@id":"https:\/\/rencenter.org\/es\/#organization"},"potentialAction":[{"@type":"SearchAction","target":{"@type":"EntryPoint","urlTemplate":"https:\/\/rencenter.org\/es\/?s={search_term_string}"},"query-input":{"@type":"PropertyValueSpecification","valueRequired":true,"valueName":"search_term_string"}}],"inLanguage":"es"},{"@type":"Organization","@id":"https:\/\/rencenter.org\/es\/#organization","name":"Renaissance Entrepreneurship Center","url":"https:\/\/rencenter.org\/es\/","logo":{"@type":"ImageObject","inLanguage":"es","@id":"https:\/\/rencenter.org\/es\/#\/schema\/logo\/image\/","url":"https:\/\/rencenter.org\/wp-content\/uploads\/2024\/01\/rencenter.png","contentUrl":"https:\/\/rencenter.org\/wp-content\/uploads\/2024\/01\/rencenter.png","width":1080,"height":1080,"caption":"Renaissance Entrepreneurship Center"},"image":{"@id":"https:\/\/rencenter.org\/es\/#\/schema\/logo\/image\/"},"sameAs":["https:\/\/www.facebook.com\/RenaissanceEntrepreneurshipCenter","https:\/\/x.com\/RenCenter_"]}]}},"_links":{"self":[{"href":"https:\/\/rencenter.org\/es\/wp-json\/wp\/v2\/pages\/81891","targetHints":{"allow":["GET"]}}],"collection":[{"href":"https:\/\/rencenter.org\/es\/wp-json\/wp\/v2\/pages"}],"about":[{"href":"https:\/\/rencenter.org\/es\/wp-json\/wp\/v2\/types\/page"}],"author":[{"embeddable":true,"href":"https:\/\/rencenter.org\/es\/wp-json\/wp\/v2\/users\/40"}],"replies":[{"embeddable":true,"href":"https:\/\/rencenter.org\/es\/wp-json\/wp\/v2\/comments?post=81891"}],"version-history":[{"count":0,"href":"https:\/\/rencenter.org\/es\/wp-json\/wp\/v2\/pages\/81891\/revisions"}],"wp:featuredmedia":[{"embeddable":true,"href":"https:\/\/rencenter.org\/es\/wp-json\/wp\/v2\/media\/81098"}],"wp:attachment":[{"href":"https:\/\/rencenter.org\/es\/wp-json\/wp\/v2\/media?parent=81891"}],"curies":[{"name":"wp","href":"https:\/\/api.w.org\/{rel}","templated":true}]}}