{"id":81889,"date":"2023-08-31T04:06:53","date_gmt":"2023-08-31T11:06:53","guid":{"rendered":"https:\/peninsula-san-jose\/"},"modified":"2024-05-22T04:11:38","modified_gmt":"2024-05-22T11:11:38","slug":"peninsula-san-jose","status":"publish","type":"page","link":"https:\/\/rencenter.org\/es\/peninsula-san-jose\/","title":{"rendered":"Pen\u00ednsula, San Jos\u00e9"},"content":{"rendered":"\n<p>Nuestro equipo de Renaissance <strong>Peninsula, San Jos\u00e9<\/strong>, atiende al condado de Santa Clara.<\/p>\n","protected":false},"excerpt":{"rendered":"<p>Nuestro equipo de Renaissance Peninsula, San Jos\u00e9, atiende al condado de Santa Clara.<\/p>\n","protected":false},"author":40,"featured_media":81098,"parent":0,"menu_order":0,"comment_status":"closed","ping_status":"closed","template":"templates\/location-program.php","meta":{"_acf_changed":false,"_eb_attr":"","inline_featured_image":false,"footnotes":""},"class_list":["post-81889","page","type-page","status-publish","has-post-thumbnail","hentry"],"acf":[],"yoast_head":"<!-- This site is optimized with the Yoast SEO plugin v27.3 - https:\/\/yoast.com\/product\/yoast-seo-wordpress\/ -->\n<title>Capacitar a los empresarios de la Pen\u00ednsula, San Jos\u00e9 | Renacimiento<\/title>\n<meta name=\"description\" content=\"Capacitar a los empresarios de la Pen\u00ednsula, San Jos\u00e9. \u00a1\u00danete hoy mismo a nosotros para dar forma al futuro de las peque\u00f1as empresas!\" \/>\n<meta name=\"robots\" content=\"index, follow, max-snippet:-1, max-image-preview:large, max-video-preview:-1\" \/>\n<link rel=\"canonical\" href=\"https:\/\/rencenter.org\/es\/peninsula-san-jose\/\" \/>\n<meta property=\"og:locale\" content=\"es_ES\" \/>\n<meta property=\"og:type\" content=\"article\" \/>\n<meta property=\"og:title\" content=\"Capacitar a los empresarios de la Pen\u00ednsula, San Jos\u00e9 | Renacimiento\" \/>\n<meta property=\"og:description\" content=\"Capacitar a los empresarios de la Pen\u00ednsula, San Jos\u00e9. \u00a1\u00danete hoy mismo a nosotros para dar forma al futuro de las peque\u00f1as empresas!\" \/>\n<meta property=\"og:url\" content=\"https:\/\/rencenter.org\/es\/peninsula-san-jose\/\" \/>\n<meta property=\"og:site_name\" content=\"Renaissance Entrepreneurship Center\" \/>\n<meta property=\"article:publisher\" content=\"https:\/\/www.facebook.com\/RenaissanceEntrepreneurshipCenter\" \/>\n<meta property=\"article:modified_time\" content=\"2024-05-22T11:11:38+00:00\" \/>\n<meta property=\"og:image\" content=\"https:\/\/rencenter.org\/wp-content\/uploads\/2023\/07\/bg8.png\" \/>\n\t<meta property=\"og:image:width\" content=\"1592\" \/>\n\t<meta property=\"og:image:height\" content=\"651\" \/>\n\t<meta property=\"og:image:type\" content=\"image\/png\" \/>\n<meta name=\"twitter:card\" content=\"summary_large_image\" \/>\n<meta name=\"twitter:site\" content=\"@RenCenter_\" \/>\n<meta name=\"twitter:label1\" content=\"Tiempo de lectura\" \/>\n\t<meta name=\"twitter:data1\" content=\"1 minuto\" \/>\n<!-- \/ Yoast SEO plugin. -->","yoast_head_json":{"title":"Capacitar a los empresarios de la Pen\u00ednsula, San Jos\u00e9 | Renacimiento","description":"Capacitar a los empresarios de la Pen\u00ednsula, San Jos\u00e9. \u00a1\u00danete hoy mismo a nosotros para dar forma al futuro de las peque\u00f1as empresas!","robots":{"index":"index","follow":"follow","max-snippet":"max-snippet:-1","max-image-preview":"max-image-preview:large","max-video-preview":"max-video-preview:-1"},"canonical":"https:\/\/rencenter.org\/es\/peninsula-san-jose\/","og_locale":"es_ES","og_type":"article","og_title":"Capacitar a los empresarios de la Pen\u00ednsula, San Jos\u00e9 | Renacimiento","og_description":"Capacitar a los empresarios de la Pen\u00ednsula, San Jos\u00e9. \u00a1\u00danete hoy mismo a nosotros para dar forma al futuro de las peque\u00f1as empresas!","og_url":"https:\/\/rencenter.org\/es\/peninsula-san-jose\/","og_site_name":"Renaissance Entrepreneurship Center","article_publisher":"https:\/\/www.facebook.com\/RenaissanceEntrepreneurshipCenter","article_modified_time":"2024-05-22T11:11:38+00:00","og_image":[{"width":1592,"height":651,"url":"https:\/\/rencenter.org\/wp-content\/uploads\/2023\/07\/bg8.png","type":"image\/png"}],"twitter_card":"summary_large_image","twitter_site":"@RenCenter_","twitter_misc":{"Tiempo de lectura":"1 minuto"},"schema":{"@context":"https:\/\/schema.org","@graph":[{"@type":"WebPage","@id":"https:\/\/rencenter.org\/es\/peninsula-san-jose\/","url":"https:\/\/rencenter.org\/es\/peninsula-san-jose\/","name":"Capacitar a los empresarios de la Pen\u00ednsula, San Jos\u00e9 | Renacimiento","isPartOf":{"@id":"https:\/\/rencenter.org\/es\/#website"},"primaryImageOfPage":{"@id":"https:\/\/rencenter.org\/es\/peninsula-san-jose\/#primaryimage"},"image":{"@id":"https:\/\/rencenter.org\/es\/peninsula-san-jose\/#primaryimage"},"thumbnailUrl":"https:\/\/rencenter.org\/wp-content\/uploads\/2023\/07\/bg8.png","datePublished":"2023-08-31T11:06:53+00:00","dateModified":"2024-05-22T11:11:38+00:00","description":"Capacitar a los empresarios de la Pen\u00ednsula, San Jos\u00e9. \u00a1\u00danete hoy mismo a nosotros para dar forma al futuro de las peque\u00f1as empresas!","breadcrumb":{"@id":"https:\/\/rencenter.org\/es\/peninsula-san-jose\/#breadcrumb"},"inLanguage":"es","potentialAction":[{"@type":"ReadAction","target":["https:\/\/rencenter.org\/es\/peninsula-san-jose\/"]}]},{"@type":"ImageObject","inLanguage":"es","@id":"https:\/\/rencenter.org\/es\/peninsula-san-jose\/#primaryimage","url":"https:\/\/rencenter.org\/wp-content\/uploads\/2023\/07\/bg8.png","contentUrl":"https:\/\/rencenter.org\/wp-content\/uploads\/2023\/07\/bg8.png","width":1592,"height":651},{"@type":"BreadcrumbList","@id":"https:\/\/rencenter.org\/es\/peninsula-san-jose\/#breadcrumb","itemListElement":[{"@type":"ListItem","position":1,"name":"Home","item":"https:\/\/rencenter.org\/es\/"},{"@type":"ListItem","position":2,"name":"Pen\u00ednsula, San Jos\u00e9"}]},{"@type":"WebSite","@id":"https:\/\/rencenter.org\/es\/#website","url":"https:\/\/rencenter.org\/es\/","name":"Renaissance Entrepreneurship Center","description":"Transforming lives and communities through entrepreneurship","publisher":{"@id":"https:\/\/rencenter.org\/es\/#organization"},"potentialAction":[{"@type":"SearchAction","target":{"@type":"EntryPoint","urlTemplate":"https:\/\/rencenter.org\/es\/?s={search_term_string}"},"query-input":{"@type":"PropertyValueSpecification","valueRequired":true,"valueName":"search_term_string"}}],"inLanguage":"es"},{"@type":"Organization","@id":"https:\/\/rencenter.org\/es\/#organization","name":"Renaissance Entrepreneurship Center","url":"https:\/\/rencenter.org\/es\/","logo":{"@type":"ImageObject","inLanguage":"es","@id":"https:\/\/rencenter.org\/es\/#\/schema\/logo\/image\/","url":"https:\/\/rencenter.org\/wp-content\/uploads\/2024\/01\/rencenter.png","contentUrl":"https:\/\/rencenter.org\/wp-content\/uploads\/2024\/01\/rencenter.png","width":1080,"height":1080,"caption":"Renaissance Entrepreneurship Center"},"image":{"@id":"https:\/\/rencenter.org\/es\/#\/schema\/logo\/image\/"},"sameAs":["https:\/\/www.facebook.com\/RenaissanceEntrepreneurshipCenter","https:\/\/x.com\/RenCenter_"]}]}},"_links":{"self":[{"href":"https:\/\/rencenter.org\/es\/wp-json\/wp\/v2\/pages\/81889","targetHints":{"allow":["GET"]}}],"collection":[{"href":"https:\/\/rencenter.org\/es\/wp-json\/wp\/v2\/pages"}],"about":[{"href":"https:\/\/rencenter.org\/es\/wp-json\/wp\/v2\/types\/page"}],"author":[{"embeddable":true,"href":"https:\/\/rencenter.org\/es\/wp-json\/wp\/v2\/users\/40"}],"replies":[{"embeddable":true,"href":"https:\/\/rencenter.org\/es\/wp-json\/wp\/v2\/comments?post=81889"}],"version-history":[{"count":0,"href":"https:\/\/rencenter.org\/es\/wp-json\/wp\/v2\/pages\/81889\/revisions"}],"wp:featuredmedia":[{"embeddable":true,"href":"https:\/\/rencenter.org\/es\/wp-json\/wp\/v2\/media\/81098"}],"wp:attachment":[{"href":"https:\/\/rencenter.org\/es\/wp-json\/wp\/v2\/media?parent=81889"}],"curies":[{"name":"wp","href":"https:\/\/api.w.org\/{rel}","templated":true}]}}