{"id":131743,"date":"2024-07-11T00:36:14","date_gmt":"2024-07-11T07:36:14","guid":{"rendered":"https:\/\/rencenter.org\/informe-anual\/"},"modified":"2026-04-09T23:16:23","modified_gmt":"2026-04-10T06:16:23","slug":"informe-anual","status":"publish","type":"page","link":"https:\/\/rencenter.org\/es\/informe-anual\/","title":{"rendered":"Informe anual"},"content":{"rendered":"\t\t<div data-elementor-type=\"wp-page\" data-elementor-id=\"131743\" class=\"elementor elementor-131743 elementor-83403\" data-elementor-post-type=\"page\">\n\t\t\t\t\t\t<section class=\"elementor-section elementor-top-section elementor-element elementor-element-5495c270 elementor-section-full_width elementor-section-height-default elementor-section-height-default\" data-id=\"5495c270\" data-element_type=\"section\" data-e-type=\"section\">\n\t\t\t\t\t\t<div class=\"elementor-container elementor-column-gap-no\">\n\t\t\t\t\t<div class=\"elementor-column elementor-col-100 elementor-top-column elementor-element elementor-element-1bf3dce0\" data-id=\"1bf3dce0\" data-element_type=\"column\" data-e-type=\"column\">\n\t\t\t<div class=\"elementor-widget-wrap elementor-element-populated\">\n\t\t\t\t\t\t<div class=\"elementor-element elementor-element-633771bd elementor-widget elementor-widget-template\" data-id=\"633771bd\" data-element_type=\"widget\" data-e-type=\"widget\" data-widget_type=\"template.default\">\n\t\t\t\t<div class=\"elementor-widget-container\">\n\t\t\t\t\t\t\t<div class=\"elementor-template\">\n\t\t\t\t\t<div data-elementor-type=\"page\" data-elementor-id=\"70156\" class=\"elementor elementor-70156\" data-elementor-post-type=\"elementor_library\">\n\t\t\t\t\t\t<section class=\"elementor-section elementor-top-section elementor-element elementor-element-963efc5 elementor-section-boxed elementor-section-height-default elementor-section-height-default\" data-id=\"963efc5\" data-element_type=\"section\" data-e-type=\"section\" data-settings=\"{&quot;background_background&quot;:&quot;classic&quot;}\">\n\t\t\t\t\t\t\t<div class=\"elementor-background-overlay\"><\/div>\n\t\t\t\t\t\t\t<div class=\"elementor-container elementor-column-gap-default\">\n\t\t\t\t\t<div class=\"elementor-column elementor-col-100 elementor-top-column elementor-element elementor-element-d1378b0\" data-id=\"d1378b0\" data-element_type=\"column\" data-e-type=\"column\">\n\t\t\t<div class=\"elementor-widget-wrap elementor-element-populated\">\n\t\t\t\t\t\t<div class=\"elementor-element elementor-element-fa102dd elementor-widget elementor-widget-theme-post-title elementor-page-title elementor-widget-heading\" data-id=\"fa102dd\" data-element_type=\"widget\" data-e-type=\"widget\" data-widget_type=\"theme-post-title.default\">\n\t\t\t\t<div class=\"elementor-widget-container\">\n\t\t\t\t\t<h1 class=\"elementor-heading-title elementor-size-default\">Informe anual<\/h1>\t\t\t\t<\/div>\n\t\t\t\t<\/div>\n\t\t\t\t\t<\/div>\n\t\t<\/div>\n\t\t\t\t\t<\/div>\n\t\t<\/section>\n\t\t\t\t<\/div>\n\t\t\t\t<\/div>\n\t\t\t\t\t\t<\/div>\n\t\t\t\t<\/div>\n\t\t\t\t\t<\/div>\n\t\t<\/div>\n\t\t\t\t\t<\/div>\n\t\t<\/section>\n\t\t\t\t<section class=\"elementor-section elementor-top-section elementor-element elementor-element-8b2ae24 list-sec elementor-section-boxed elementor-section-height-default elementor-section-height-default\" data-id=\"8b2ae24\" data-element_type=\"section\" data-e-type=\"section\">\n\t\t\t\t\t\t<div class=\"elementor-container elementor-column-gap-default\">\n\t\t\t\t\t<div class=\"elementor-column elementor-col-50 elementor-top-column elementor-element elementor-element-935f6e5\" data-id=\"935f6e5\" data-element_type=\"column\" data-e-type=\"column\">\n\t\t\t<div class=\"elementor-widget-wrap elementor-element-populated\">\n\t\t\t\t\t\t<div class=\"elementor-element elementor-element-8db618a elementor-widget elementor-widget-text-editor\" data-id=\"8db618a\" data-element_type=\"widget\" data-e-type=\"widget\" data-widget_type=\"text-editor.default\">\n\t\t\t\t<div class=\"elementor-widget-container\">\n\t\t\t\t\t\t\t\t\t<p>Nos dedicamos a capacitar a nuestros clientes proporcion\u00e1ndoles un apoyo integral para adaptar sus negocios existentes y lanzar con \u00e9xito nuevas empresas. Nuestro enfoque en el aprovechamiento de las herramientas y estrategias digitales garantiza que nuestros clientes prosperen en la econom\u00eda actual, din\u00e1mica y en constante evoluci\u00f3n. <\/p>\t\t\t\t\t\t\t\t<\/div>\n\t\t\t\t<\/div>\n\t\t\t\t<div class=\"elementor-element elementor-element-bb862ec elementor-widget elementor-widget-text-editor\" data-id=\"bb862ec\" data-element_type=\"widget\" data-e-type=\"widget\" data-widget_type=\"text-editor.default\">\n\t\t\t\t<div class=\"elementor-widget-container\">\n\t\t\t\t\t\t\t\t\t<p>Entre nuestros logros se incluyen los siguientes:<\/p>\n<ul>\n<li>Proporcion\u00f3 3.537 horas de asesoramiento a 2.476 empresarios.<\/li>\n<li>Ofreci\u00f3 483 clases de ingl\u00e9s y espa\u00f1ol, talleres y eventos.<\/li>\n<li>Ayud\u00f3 a las empresas clientes a conseguir m\u00e1s de 4,9 millones de d\u00f3lares en capital.<\/li>\n<\/ul>\n<p>Los Clientes del Renacimiento son:<\/p>\n<ul>\n<li>90% Rentas m\u00e1s bajas<\/li>\n<li>75% Mujeres<\/li>\n<\/ul>\t\t\t\t\t\t\t\t<\/div>\n\t\t\t\t<\/div>\n\t\t\t\t<div class=\"elementor-element elementor-element-eee2a67 elementor-widget elementor-widget-text-editor\" data-id=\"eee2a67\" data-element_type=\"widget\" data-e-type=\"widget\" data-widget_type=\"text-editor.default\">\n\t\t\t\t<div class=\"elementor-widget-container\">\n\t\t\t\t\t\t\t\t\t<p>Haz clic para descargar el <a href=\"https:\/\/drive.google.com\/file\/d\/1uvk5Fa4md5_JwM6Ol5KqANUCWpvVg75P\/view?usp=sharing\" target=\"_blank\" rel=\"noopener\">Informe completo sobre el Impacto del Renacimiento 2023<\/a><\/p>\t\t\t\t\t\t\t\t<\/div>\n\t\t\t\t<\/div>\n\t\t\t\t<div class=\"elementor-element elementor-element-1e2ff02 elementor-widget elementor-widget-heading\" data-id=\"1e2ff02\" data-element_type=\"widget\" data-e-type=\"widget\" data-widget_type=\"heading.default\">\n\t\t\t\t<div class=\"elementor-widget-container\">\n\t\t\t\t\t<h2 class=\"elementor-heading-title elementor-size-default\">Estados financieros auditados<\/h2>\t\t\t\t<\/div>\n\t\t\t\t<\/div>\n\t\t\t\t<div class=\"elementor-element elementor-element-19b41bd elementor-widget elementor-widget-text-editor\" data-id=\"19b41bd\" data-element_type=\"widget\" data-e-type=\"widget\" data-widget_type=\"text-editor.default\">\n\t\t\t\t<div class=\"elementor-widget-container\">\n\t\t\t\t\t\t\t\t\t<ul><li><a href=\"https:\/\/drive.google.com\/file\/d\/1Xg5uYorapGEcHBqsSNThBEchZHlvmRzK\/view?usp=sharing\">Estados financieros auditados de Renaissance 2023<\/a><\/li><li><a href=\"https:\/\/drive.google.com\/file\/d\/1Xf4Q7V-FATQEAQPQNb9vtliPwyWTi2xJ\/view?usp=sharing\">Estados financieros auditados de Renaissance 2022<\/a><\/li><li><a href=\"https:\/\/drive.google.com\/file\/d\/1VDiHsiELzDb7fft5Kb1bPcx3RcbKa71l\/view?usp=sharing\" target=\"_blank\" rel=\"noopener\">Estados financieros auditados de Renaissance 2021<\/a><\/li><li><a href=\"http:\/\/rencenter.org\/wp-content\/uploads\/2024\/07\/Renaissance-Audited-Financial-Statements-2020.pdf\" target=\"_blank\" rel=\"noopener\">Estados financieros auditados de Renaissance 2020<\/a><\/li><li><a href=\"https:\/\/documentcloud.adobe.com\/link\/track?uri=urn:aaid:scds:US:ec1554e0-63f7-447f-843c-09c053d1ca16#pageNum=1\" target=\"_blank\" rel=\"noopener\">Estados financieros auditados del Renacimiento 2019<\/a><\/li><li><a href=\"http:\/\/rencenter.org\/wp-content\/uploads\/2024\/07\/Renaissance-2018-Audited-Financial-Statements.pdf\" target=\"_blank\" rel=\"noopener\">Estados financieros auditados del Renacimiento 2018<\/a><\/li><li><a href=\"http:\/\/rencenter.org\/wp-content\/uploads\/2024\/07\/Renaissance-Audited-Financial-Statements-2017.pdf\" target=\"_blank\" rel=\"noopener\">Estados financieros auditados de Renaissance 2017<\/a><\/li><\/ul>\t\t\t\t\t\t\t\t<\/div>\n\t\t\t\t<\/div>\n\t\t\t\t<div class=\"elementor-element elementor-element-ee85dcc elementor-widget elementor-widget-heading\" data-id=\"ee85dcc\" data-element_type=\"widget\" data-e-type=\"widget\" data-widget_type=\"heading.default\">\n\t\t\t\t<div class=\"elementor-widget-container\">\n\t\t\t\t\t<h2 class=\"elementor-heading-title elementor-size-default\">Formularios 990<\/h2>\t\t\t\t<\/div>\n\t\t\t\t<\/div>\n\t\t\t\t<div class=\"elementor-element elementor-element-c9fcf8d elementor-widget elementor-widget-text-editor\" data-id=\"c9fcf8d\" data-element_type=\"widget\" data-e-type=\"widget\" data-widget_type=\"text-editor.default\">\n\t\t\t\t<div class=\"elementor-widget-container\">\n\t\t\t\t\t\t\t\t\t<ul><li><a href=\"https:\/\/drive.google.com\/file\/d\/1TGjmkBvuAjnN5JHgnQwUF1VZLwu6VzFl\/view?usp=sharing\">Renacimiento Formulario IRS 990 2023<\/a><\/li><li><a href=\"https:\/\/drive.google.com\/file\/d\/1AIbs8rk-WOByNho25bvOPGdKZGtVITFT\/view?usp=sharing\">Renacimiento Formulario IRS 990 2022<\/a><\/li><li><a href=\"https:\/\/drive.google.com\/file\/d\/13h1nixFCl9GpyEn70Q2cgZpUMjzeV43v\/view?usp=sharing\" target=\"_blank\" rel=\"noopener\">Renacimiento Formulario IRS 990 2021<\/a><\/li><li><a href=\"http:\/\/rencenter.org\/wp-content\/uploads\/2024\/07\/Renaissance-IRS-Form-990-2020.pdf\" target=\"_blank\" rel=\"noopener\">Renacimiento Formulario 990 del IRS 2020<\/a><\/li><li><a href=\"https:\/\/documentcloud.adobe.com\/link\/track?uri=urn:aaid:scds:US:142cfcea-3f25-46af-83c6-45b066c6de92#pageNum=1\" target=\"_blank\" rel=\"noopener\">Formulario IRS 990 2019 del Renacimiento<\/a><\/li><li><a href=\"http:\/\/rencenter.org\/wp-content\/uploads\/2024\/07\/Renaissance-IRS-Form-990-2018.pdf\" target=\"_blank\" rel=\"noopener\">Formulario IRS 990 2018 del Renacimiento<\/a><\/li><li><a href=\"http:\/\/rencenter.org\/wp-content\/uploads\/2024\/07\/Renaissance-IRS-Form-990-2017.pdf\" target=\"_blank\" rel=\"noopener\">Formulario IRS 990 2017 del Renacimiento<\/a><\/li><li><a href=\"http:\/\/rencenter.org\/wp-content\/uploads\/2024\/07\/Renaissance-IRS-Form-990-2016.pdf\" target=\"_blank\" rel=\"noopener\">Formulario IRS 990 2016 del Renacimiento<\/a><\/li><\/ul>\t\t\t\t\t\t\t\t<\/div>\n\t\t\t\t<\/div>\n\t\t\t\t\t<\/div>\n\t\t<\/div>\n\t\t\t\t<div class=\"elementor-column elementor-col-50 elementor-top-column elementor-element elementor-element-8aa52a7\" data-id=\"8aa52a7\" data-element_type=\"column\" data-e-type=\"column\">\n\t\t\t<div class=\"elementor-widget-wrap elementor-element-populated\">\n\t\t\t\t\t\t<div class=\"elementor-element elementor-element-98fde73 elementor-widget elementor-widget-image\" data-id=\"98fde73\" data-element_type=\"widget\" data-e-type=\"widget\" data-widget_type=\"image.default\">\n\t\t\t\t<div class=\"elementor-widget-container\">\n\t\t\t\t\t\t\t\t\t\t\t\t\t\t\t<img fetchpriority=\"high\" decoding=\"async\" width=\"640\" height=\"853\" src=\"https:\/\/rencenter.org\/wp-content\/uploads\/2025\/08\/Renaissance-2023-Impact-Report.jpg\" class=\"attachment-large size-large wp-image-104227\" alt=\"\" srcset=\"https:\/\/rencenter.org\/wp-content\/uploads\/2025\/08\/Renaissance-2023-Impact-Report.jpg 768w, https:\/\/rencenter.org\/wp-content\/uploads\/2025\/08\/Renaissance-2023-Impact-Report-225x300.jpg 225w\" sizes=\"(max-width: 640px) 100vw, 640px\" \/>\t\t\t\t\t\t\t\t\t\t\t\t\t\t\t<\/div>\n\t\t\t\t<\/div>\n\t\t\t\t\t<\/div>\n\t\t<\/div>\n\t\t\t\t\t<\/div>\n\t\t<\/section>\n\t\t\t\t<\/div>\n\t\t","protected":false},"excerpt":{"rendered":"<p>Nos dedicamos a capacitar a nuestros clientes proporcion\u00e1ndoles un apoyo integral para adaptar sus negocios existentes y lanzar con \u00e9xito [&hellip;]<\/p>\n","protected":false},"author":40,"featured_media":0,"parent":0,"menu_order":0,"comment_status":"closed","ping_status":"closed","template":"elementor_header_footer","meta":{"_acf_changed":false,"_eb_attr":"","inline_featured_image":false,"footnotes":""},"class_list":["post-131743","page","type-page","status-publish","hentry"],"acf":[],"yoast_head":"<!-- This site is optimized with the Yoast SEO plugin v27.3 - https:\/\/yoast.com\/product\/yoast-seo-wordpress\/ -->\n<title>Informe anual - Renaissance Entrepreneurship Center<\/title>\n<meta name=\"robots\" content=\"index, follow, max-snippet:-1, max-image-preview:large, max-video-preview:-1\" \/>\n<link rel=\"canonical\" href=\"https:\/\/rencenter.org\/es\/informe-anual\/\" \/>\n<meta property=\"og:locale\" content=\"es_ES\" \/>\n<meta property=\"og:type\" content=\"article\" \/>\n<meta property=\"og:title\" content=\"Informe anual - Renaissance Entrepreneurship Center\" \/>\n<meta property=\"og:description\" content=\"Nos dedicamos a capacitar a nuestros clientes proporcion\u00e1ndoles un apoyo integral para adaptar sus negocios existentes y lanzar con \u00e9xito [&hellip;]\" \/>\n<meta property=\"og:url\" content=\"https:\/\/rencenter.org\/es\/informe-anual\/\" \/>\n<meta property=\"og:site_name\" content=\"Renaissance Entrepreneurship Center\" \/>\n<meta property=\"article:publisher\" content=\"https:\/\/www.facebook.com\/RenaissanceEntrepreneurshipCenter\" \/>\n<meta property=\"article:modified_time\" content=\"2026-04-10T06:16:23+00:00\" \/>\n<meta property=\"og:image\" content=\"https:\/\/rencenter.org\/wp-content\/uploads\/2025\/08\/Renaissance-2023-Impact-Report.jpg\" \/>\n\t<meta property=\"og:image:width\" content=\"768\" \/>\n\t<meta property=\"og:image:height\" content=\"1024\" \/>\n\t<meta property=\"og:image:type\" content=\"image\/jpeg\" \/>\n<meta name=\"twitter:card\" content=\"summary_large_image\" \/>\n<meta name=\"twitter:site\" content=\"@RenCenter_\" \/>\n<meta name=\"twitter:label1\" content=\"Tiempo de lectura\" \/>\n\t<meta name=\"twitter:data1\" content=\"1 minuto\" \/>\n<!-- \/ Yoast SEO plugin. -->","yoast_head_json":{"title":"Informe anual - Renaissance Entrepreneurship Center","robots":{"index":"index","follow":"follow","max-snippet":"max-snippet:-1","max-image-preview":"max-image-preview:large","max-video-preview":"max-video-preview:-1"},"canonical":"https:\/\/rencenter.org\/es\/informe-anual\/","og_locale":"es_ES","og_type":"article","og_title":"Informe anual - Renaissance Entrepreneurship Center","og_description":"Nos dedicamos a capacitar a nuestros clientes proporcion\u00e1ndoles un apoyo integral para adaptar sus negocios existentes y lanzar con \u00e9xito [&hellip;]","og_url":"https:\/\/rencenter.org\/es\/informe-anual\/","og_site_name":"Renaissance Entrepreneurship Center","article_publisher":"https:\/\/www.facebook.com\/RenaissanceEntrepreneurshipCenter","article_modified_time":"2026-04-10T06:16:23+00:00","og_image":[{"width":768,"height":1024,"url":"https:\/\/rencenter.org\/wp-content\/uploads\/2025\/08\/Renaissance-2023-Impact-Report.jpg","type":"image\/jpeg"}],"twitter_card":"summary_large_image","twitter_site":"@RenCenter_","twitter_misc":{"Tiempo de lectura":"1 minuto"},"schema":{"@context":"https:\/\/schema.org","@graph":[{"@type":"WebPage","@id":"https:\/\/rencenter.org\/es\/informe-anual\/","url":"https:\/\/rencenter.org\/es\/informe-anual\/","name":"Informe anual - Renaissance Entrepreneurship Center","isPartOf":{"@id":"https:\/\/rencenter.org\/es\/#website"},"primaryImageOfPage":{"@id":"https:\/\/rencenter.org\/es\/informe-anual\/#primaryimage"},"image":{"@id":"https:\/\/rencenter.org\/es\/informe-anual\/#primaryimage"},"thumbnailUrl":"https:\/\/rencenter.org\/wp-content\/uploads\/2025\/08\/Renaissance-2023-Impact-Report.jpg","datePublished":"2024-07-11T07:36:14+00:00","dateModified":"2026-04-10T06:16:23+00:00","breadcrumb":{"@id":"https:\/\/rencenter.org\/es\/informe-anual\/#breadcrumb"},"inLanguage":"es","potentialAction":[{"@type":"ReadAction","target":["https:\/\/rencenter.org\/es\/informe-anual\/"]}]},{"@type":"ImageObject","inLanguage":"es","@id":"https:\/\/rencenter.org\/es\/informe-anual\/#primaryimage","url":"https:\/\/rencenter.org\/wp-content\/uploads\/2025\/08\/Renaissance-2023-Impact-Report.jpg","contentUrl":"https:\/\/rencenter.org\/wp-content\/uploads\/2025\/08\/Renaissance-2023-Impact-Report.jpg"},{"@type":"BreadcrumbList","@id":"https:\/\/rencenter.org\/es\/informe-anual\/#breadcrumb","itemListElement":[{"@type":"ListItem","position":1,"name":"Home","item":"https:\/\/rencenter.org\/es\/"},{"@type":"ListItem","position":2,"name":"Informe anual"}]},{"@type":"WebSite","@id":"https:\/\/rencenter.org\/es\/#website","url":"https:\/\/rencenter.org\/es\/","name":"Renaissance Entrepreneurship Center","description":"Transforming lives and communities through entrepreneurship","publisher":{"@id":"https:\/\/rencenter.org\/es\/#organization"},"potentialAction":[{"@type":"SearchAction","target":{"@type":"EntryPoint","urlTemplate":"https:\/\/rencenter.org\/es\/?s={search_term_string}"},"query-input":{"@type":"PropertyValueSpecification","valueRequired":true,"valueName":"search_term_string"}}],"inLanguage":"es"},{"@type":"Organization","@id":"https:\/\/rencenter.org\/es\/#organization","name":"Renaissance Entrepreneurship Center","url":"https:\/\/rencenter.org\/es\/","logo":{"@type":"ImageObject","inLanguage":"es","@id":"https:\/\/rencenter.org\/es\/#\/schema\/logo\/image\/","url":"https:\/\/rencenter.org\/wp-content\/uploads\/2024\/01\/rencenter.png","contentUrl":"https:\/\/rencenter.org\/wp-content\/uploads\/2024\/01\/rencenter.png","width":1080,"height":1080,"caption":"Renaissance Entrepreneurship Center"},"image":{"@id":"https:\/\/rencenter.org\/es\/#\/schema\/logo\/image\/"},"sameAs":["https:\/\/www.facebook.com\/RenaissanceEntrepreneurshipCenter","https:\/\/x.com\/RenCenter_"]}]}},"_links":{"self":[{"href":"https:\/\/rencenter.org\/es\/wp-json\/wp\/v2\/pages\/131743","targetHints":{"allow":["GET"]}}],"collection":[{"href":"https:\/\/rencenter.org\/es\/wp-json\/wp\/v2\/pages"}],"about":[{"href":"https:\/\/rencenter.org\/es\/wp-json\/wp\/v2\/types\/page"}],"author":[{"embeddable":true,"href":"https:\/\/rencenter.org\/es\/wp-json\/wp\/v2\/users\/40"}],"replies":[{"embeddable":true,"href":"https:\/\/rencenter.org\/es\/wp-json\/wp\/v2\/comments?post=131743"}],"version-history":[{"count":1,"href":"https:\/\/rencenter.org\/es\/wp-json\/wp\/v2\/pages\/131743\/revisions"}],"predecessor-version":[{"id":131744,"href":"https:\/\/rencenter.org\/es\/wp-json\/wp\/v2\/pages\/131743\/revisions\/131744"}],"wp:attachment":[{"href":"https:\/\/rencenter.org\/es\/wp-json\/wp\/v2\/media?parent=131743"}],"curies":[{"name":"wp","href":"https:\/\/api.w.org\/{rel}","templated":true}]}}