{"id":131705,"date":"2026-03-06T14:02:00","date_gmt":"2026-03-06T22:02:00","guid":{"rendered":"https:\/\/rencenter.org\/divulgacion-de-la-financiacion-federal\/"},"modified":"2026-04-09T22:15:44","modified_gmt":"2026-04-10T05:15:44","slug":"divulgacion-de-la-financiacion-federal","status":"publish","type":"page","link":"https:\/\/rencenter.org\/es\/divulgacion-de-la-financiacion-federal\/","title":{"rendered":"Divulgaci\u00f3n de la financiaci\u00f3n federal"},"content":{"rendered":"\t\t<div data-elementor-type=\"wp-page\" data-elementor-id=\"131705\" class=\"elementor elementor-131705 elementor-129029\" data-elementor-post-type=\"page\">\n\t\t\t\t\t\t<section class=\"elementor-section elementor-top-section elementor-element elementor-element-17e99739 elementor-section-full_width elementor-section-height-default elementor-section-height-default\" data-id=\"17e99739\" data-element_type=\"section\" data-e-type=\"section\">\n\t\t\t\t\t\t<div class=\"elementor-container elementor-column-gap-no\">\n\t\t\t\t\t<div class=\"elementor-column elementor-col-100 elementor-top-column elementor-element elementor-element-290de6cf\" data-id=\"290de6cf\" data-element_type=\"column\" data-e-type=\"column\">\n\t\t\t<div class=\"elementor-widget-wrap elementor-element-populated\">\n\t\t\t\t\t\t<div class=\"elementor-element elementor-element-160a9c89 elementor-widget elementor-widget-template\" data-id=\"160a9c89\" data-element_type=\"widget\" data-e-type=\"widget\" data-widget_type=\"template.default\">\n\t\t\t\t<div class=\"elementor-widget-container\">\n\t\t\t\t\t\t\t<div class=\"elementor-template\">\n\t\t\t\t\t<div data-elementor-type=\"page\" data-elementor-id=\"70156\" class=\"elementor elementor-70156\" data-elementor-post-type=\"elementor_library\">\n\t\t\t\t\t\t<section class=\"elementor-section elementor-top-section elementor-element elementor-element-963efc5 elementor-section-boxed elementor-section-height-default elementor-section-height-default\" data-id=\"963efc5\" data-element_type=\"section\" data-e-type=\"section\" data-settings=\"{&quot;background_background&quot;:&quot;classic&quot;}\">\n\t\t\t\t\t\t\t<div class=\"elementor-background-overlay\"><\/div>\n\t\t\t\t\t\t\t<div class=\"elementor-container elementor-column-gap-default\">\n\t\t\t\t\t<div class=\"elementor-column elementor-col-100 elementor-top-column elementor-element elementor-element-d1378b0\" data-id=\"d1378b0\" data-element_type=\"column\" data-e-type=\"column\">\n\t\t\t<div class=\"elementor-widget-wrap elementor-element-populated\">\n\t\t\t\t\t\t<div class=\"elementor-element elementor-element-fa102dd elementor-widget elementor-widget-theme-post-title elementor-page-title elementor-widget-heading\" data-id=\"fa102dd\" data-element_type=\"widget\" data-e-type=\"widget\" data-widget_type=\"theme-post-title.default\">\n\t\t\t\t<div class=\"elementor-widget-container\">\n\t\t\t\t\t<h1 class=\"elementor-heading-title elementor-size-default\">Divulgaci\u00f3n de la financiaci\u00f3n federal<\/h1>\t\t\t\t<\/div>\n\t\t\t\t<\/div>\n\t\t\t\t\t<\/div>\n\t\t<\/div>\n\t\t\t\t\t<\/div>\n\t\t<\/section>\n\t\t\t\t<\/div>\n\t\t\t\t<\/div>\n\t\t\t\t\t\t<\/div>\n\t\t\t\t<\/div>\n\t\t\t\t\t<\/div>\n\t\t<\/div>\n\t\t\t\t\t<\/div>\n\t\t<\/section>\n\t\t<div class=\"elementor-element elementor-element-dd7f12c e-flex e-con-boxed e-con e-parent\" data-id=\"dd7f12c\" data-element_type=\"container\" data-e-type=\"container\">\n\t\t\t\t\t<div class=\"e-con-inner\">\n\t\t\t\t\t\t\t<h2 \n\t\tdata-interaction-id=\"ff4f4b3\" \n\t\tclass=\"e-ff4f4b3-7427184 e-heading-base\" \n\t\t \n\t\tdata-e-type=\"widget\" data-id=\"ff4f4b3\"\n\t>\n\t\n\t\t\tDe acuerdo con la Secci\u00f3n 632 de la Ley P\u00fablica 117-328:<br>\n\t\t<\/h2>\n\t\t\t\t\t<\/div>\n\t\t\t\t<\/div>\n\t\t<div class=\"elementor-element elementor-element-1c91887 e-flex e-con-boxed e-con e-parent\" data-id=\"1c91887\" data-element_type=\"container\" data-e-type=\"container\">\n\t\t\t\t\t<div class=\"e-con-inner\">\n\t\t\t\t\t\t\t\t<p class=\"e-b4d4086-f437186 e-paragraph-base\" data-interaction-id=\"b4d4086\"  data-e-type=\"widget\" data-id=\"b4d4086\">\n\t\t\t\t\t\t\t\tCentro Empresarial Femenino Renaissance<br>Participaci\u00f3n federal: 50% - 150.000 $<br>Cuota no federal: 50% - 150.000 $<br>Coste total del programa: 300.000 $.\n\t\t\t\t\t<\/p>\n\t\t\t\t\t<\/div>\n\t\t\t\t<\/div>\n\t\t\t\t<\/div>\n\t\t","protected":false},"excerpt":{"rendered":"<p>De acuerdo con la Secci\u00f3n 632 de la Ley P\u00fablica 117-328: Centro Empresarial Femenino RenaissanceParticipaci\u00f3n federal: 50% &#8211; 150.000 $Cuota [&hellip;]<\/p>\n","protected":false},"author":20,"featured_media":0,"parent":0,"menu_order":0,"comment_status":"closed","ping_status":"closed","template":"elementor_header_footer","meta":{"_acf_changed":false,"_eb_attr":"","inline_featured_image":false,"footnotes":""},"class_list":["post-131705","page","type-page","status-publish","hentry"],"acf":[],"yoast_head":"<!-- This site is optimized with the Yoast SEO plugin v27.3 - https:\/\/yoast.com\/product\/yoast-seo-wordpress\/ -->\n<title>SCALE | Centro de Iniciativa Empresarial del Renacimiento<\/title>\n<meta name=\"description\" content=\"Descubre c\u00f3mo ESCALAR en tu negocio a trav\u00e9s de la asociaci\u00f3n con Renaissance. Explora oportunidades y consejos para participar eficazmente y crecer con nosotros.\" \/>\n<meta name=\"robots\" content=\"index, follow, max-snippet:-1, max-image-preview:large, max-video-preview:-1\" \/>\n<link rel=\"canonical\" href=\"https:\/\/rencenter.org\/es\/divulgacion-de-la-financiacion-federal\/\" \/>\n<meta property=\"og:locale\" content=\"es_ES\" \/>\n<meta property=\"og:type\" content=\"article\" \/>\n<meta property=\"og:title\" content=\"SCALE | Centro de Iniciativa Empresarial del Renacimiento\" \/>\n<meta property=\"og:description\" content=\"Descubre c\u00f3mo ESCALAR en tu negocio a trav\u00e9s de la asociaci\u00f3n con Renaissance. Explora oportunidades y consejos para participar eficazmente y crecer con nosotros.\" \/>\n<meta property=\"og:url\" content=\"https:\/\/rencenter.org\/es\/divulgacion-de-la-financiacion-federal\/\" \/>\n<meta property=\"og:site_name\" content=\"Renaissance Entrepreneurship Center\" \/>\n<meta property=\"article:publisher\" content=\"https:\/\/www.facebook.com\/RenaissanceEntrepreneurshipCenter\" \/>\n<meta property=\"article:modified_time\" content=\"2026-04-10T05:15:44+00:00\" \/>\n<meta property=\"og:image\" content=\"https:\/\/rencenter.org\/wp-content\/uploads\/2023\/11\/certified-women-banner.jpg\" \/>\n\t<meta property=\"og:image:width\" content=\"1350\" \/>\n\t<meta property=\"og:image:height\" content=\"823\" \/>\n\t<meta property=\"og:image:type\" content=\"image\/jpeg\" \/>\n<meta name=\"twitter:card\" content=\"summary_large_image\" \/>\n<meta name=\"twitter:site\" content=\"@RenCenter_\" \/>\n<!-- \/ Yoast SEO plugin. -->","yoast_head_json":{"title":"SCALE | Centro de Iniciativa Empresarial del Renacimiento","description":"Descubre c\u00f3mo ESCALAR en tu negocio a trav\u00e9s de la asociaci\u00f3n con Renaissance. Explora oportunidades y consejos para participar eficazmente y crecer con nosotros.","robots":{"index":"index","follow":"follow","max-snippet":"max-snippet:-1","max-image-preview":"max-image-preview:large","max-video-preview":"max-video-preview:-1"},"canonical":"https:\/\/rencenter.org\/es\/divulgacion-de-la-financiacion-federal\/","og_locale":"es_ES","og_type":"article","og_title":"SCALE | Centro de Iniciativa Empresarial del Renacimiento","og_description":"Descubre c\u00f3mo ESCALAR en tu negocio a trav\u00e9s de la asociaci\u00f3n con Renaissance. Explora oportunidades y consejos para participar eficazmente y crecer con nosotros.","og_url":"https:\/\/rencenter.org\/es\/divulgacion-de-la-financiacion-federal\/","og_site_name":"Renaissance Entrepreneurship Center","article_publisher":"https:\/\/www.facebook.com\/RenaissanceEntrepreneurshipCenter","article_modified_time":"2026-04-10T05:15:44+00:00","og_image":[{"width":1350,"height":823,"url":"https:\/\/rencenter.org\/wp-content\/uploads\/2023\/11\/certified-women-banner.jpg","type":"image\/jpeg"}],"twitter_card":"summary_large_image","twitter_site":"@RenCenter_","schema":{"@context":"https:\/\/schema.org","@graph":[{"@type":"WebPage","@id":"https:\/\/rencenter.org\/es\/divulgacion-de-la-financiacion-federal\/","url":"https:\/\/rencenter.org\/es\/divulgacion-de-la-financiacion-federal\/","name":"SCALE | Centro de Iniciativa Empresarial del Renacimiento","isPartOf":{"@id":"https:\/\/rencenter.org\/es\/#website"},"datePublished":"2026-03-06T22:02:00+00:00","dateModified":"2026-04-10T05:15:44+00:00","description":"Descubre c\u00f3mo ESCALAR en tu negocio a trav\u00e9s de la asociaci\u00f3n con Renaissance. Explora oportunidades y consejos para participar eficazmente y crecer con nosotros.","breadcrumb":{"@id":"https:\/\/rencenter.org\/es\/divulgacion-de-la-financiacion-federal\/#breadcrumb"},"inLanguage":"es","potentialAction":[{"@type":"ReadAction","target":["https:\/\/rencenter.org\/es\/divulgacion-de-la-financiacion-federal\/"]}]},{"@type":"BreadcrumbList","@id":"https:\/\/rencenter.org\/es\/divulgacion-de-la-financiacion-federal\/#breadcrumb","itemListElement":[{"@type":"ListItem","position":1,"name":"Home","item":"https:\/\/rencenter.org\/es\/"},{"@type":"ListItem","position":2,"name":"Divulgaci\u00f3n de la financiaci\u00f3n federal"}]},{"@type":"WebSite","@id":"https:\/\/rencenter.org\/es\/#website","url":"https:\/\/rencenter.org\/es\/","name":"Renaissance Entrepreneurship Center","description":"Transforming lives and communities through entrepreneurship","publisher":{"@id":"https:\/\/rencenter.org\/es\/#organization"},"potentialAction":[{"@type":"SearchAction","target":{"@type":"EntryPoint","urlTemplate":"https:\/\/rencenter.org\/es\/?s={search_term_string}"},"query-input":{"@type":"PropertyValueSpecification","valueRequired":true,"valueName":"search_term_string"}}],"inLanguage":"es"},{"@type":"Organization","@id":"https:\/\/rencenter.org\/es\/#organization","name":"Renaissance Entrepreneurship Center","url":"https:\/\/rencenter.org\/es\/","logo":{"@type":"ImageObject","inLanguage":"es","@id":"https:\/\/rencenter.org\/es\/#\/schema\/logo\/image\/","url":"https:\/\/rencenter.org\/wp-content\/uploads\/2024\/01\/rencenter.png","contentUrl":"https:\/\/rencenter.org\/wp-content\/uploads\/2024\/01\/rencenter.png","width":1080,"height":1080,"caption":"Renaissance Entrepreneurship Center"},"image":{"@id":"https:\/\/rencenter.org\/es\/#\/schema\/logo\/image\/"},"sameAs":["https:\/\/www.facebook.com\/RenaissanceEntrepreneurshipCenter","https:\/\/x.com\/RenCenter_"]}]}},"_links":{"self":[{"href":"https:\/\/rencenter.org\/es\/wp-json\/wp\/v2\/pages\/131705","targetHints":{"allow":["GET"]}}],"collection":[{"href":"https:\/\/rencenter.org\/es\/wp-json\/wp\/v2\/pages"}],"about":[{"href":"https:\/\/rencenter.org\/es\/wp-json\/wp\/v2\/types\/page"}],"author":[{"embeddable":true,"href":"https:\/\/rencenter.org\/es\/wp-json\/wp\/v2\/users\/20"}],"replies":[{"embeddable":true,"href":"https:\/\/rencenter.org\/es\/wp-json\/wp\/v2\/comments?post=131705"}],"version-history":[{"count":5,"href":"https:\/\/rencenter.org\/es\/wp-json\/wp\/v2\/pages\/131705\/revisions"}],"predecessor-version":[{"id":131715,"href":"https:\/\/rencenter.org\/es\/wp-json\/wp\/v2\/pages\/131705\/revisions\/131715"}],"wp:attachment":[{"href":"https:\/\/rencenter.org\/es\/wp-json\/wp\/v2\/media?parent=131705"}],"curies":[{"name":"wp","href":"https:\/\/api.w.org\/{rel}","templated":true}]}}